{"id":3322,"date":"2025-01-04T16:53:17","date_gmt":"2025-01-04T15:53:17","guid":{"rendered":"https:\/\/nagelgmbh.com\/%d8%a5%d8%af%d8%a7%d8%b1%d8%a9-%d8%a7%d9%84%d8%a5%d9%8a%d8%ac%d8%a7%d8%b1\/"},"modified":"2025-05-22T14:50:52","modified_gmt":"2025-05-22T12:50:52","slug":"%d8%a5%d8%af%d8%a7%d8%b1%d8%a9-%d8%a7%d9%84%d8%a5%d9%8a%d8%ac%d8%a7%d8%b1","status":"publish","type":"page","link":"https:\/\/nagelgmbh.com\/ar\/%d8%a5%d8%af%d8%a7%d8%b1%d8%a9-%d8%a7%d9%84%d8%a5%d9%8a%d8%ac%d8%a7%d8%b1\/","title":{"rendered":"\u0625\u062f\u0627\u0631\u0629 \u0627\u0644\u0625\u064a\u062c\u0627\u0631"},"content":{"rendered":"\t\t<div data-elementor-type=\"wp-page\" data-elementor-id=\"3322\" class=\"elementor elementor-3322 elementor-629\" data-elementor-post-type=\"page\">\n\t\t\t\t<div class=\"elementor-element elementor-element-b16f380 e-con-full e-flex e-con e-parent\" data-id=\"b16f380\" data-element_type=\"container\" data-e-type=\"container\">\n\t\t<div class=\"elementor-element elementor-element-04ba211 e-con-full animated-fast e-flex elementor-invisible e-con e-child\" data-id=\"04ba211\" data-element_type=\"container\" data-e-type=\"container\" data-settings=\"{&quot;background_background&quot;:&quot;classic&quot;,&quot;animation&quot;:&quot;fadeIn&quot;,&quot;animation_delay&quot;:0}\">\n\t\t<div class=\"elementor-element elementor-element-68d2c17 e-con-full animated-fast e-flex elementor-invisible e-con e-child\" data-id=\"68d2c17\" data-element_type=\"container\" data-e-type=\"container\" data-settings=\"{&quot;animation&quot;:&quot;fadeIn&quot;,&quot;animation_delay&quot;:200}\">\n\t\t\t\t<div class=\"elementor-element elementor-element-d039557 elementor-widget elementor-widget-heading\" data-id=\"d039557\" data-element_type=\"widget\" data-e-type=\"widget\" data-widget_type=\"heading.default\">\n\t\t\t\t<div class=\"elementor-widget-container\">\n\t\t\t\t\t<h2 class=\"elementor-heading-title elementor-size-default\">\u0625\u062f\u0627\u0631\u0629 \u0627\u0644\u0625\u064a\u062c\u0627\u0631<\/h2>\t\t\t\t<\/div>\n\t\t\t\t<\/div>\n\t\t\t\t<\/div>\n\t\t<div class=\"elementor-element elementor-element-81fb067 e-con-full e-flex e-con e-child\" data-id=\"81fb067\" data-element_type=\"container\" data-e-type=\"container\" data-settings=\"{&quot;background_background&quot;:&quot;classic&quot;}\">\n\t\t\t\t<\/div>\n\t\t\t\t<\/div>\n\t\t<div class=\"elementor-element elementor-element-8fb38ac animated-fast e-flex e-con-boxed elementor-invisible e-con e-child\" data-id=\"8fb38ac\" data-element_type=\"container\" data-e-type=\"container\" data-settings=\"{&quot;animation&quot;:&quot;fadeIn&quot;,&quot;animation_delay&quot;:400}\">\n\t\t\t\t\t<div class=\"e-con-inner\">\n\t\t\t\t<div class=\"elementor-element elementor-element-12c97d8 elementor-widget elementor-widget-text-editor\" data-id=\"12c97d8\" data-element_type=\"widget\" data-e-type=\"widget\" data-widget_type=\"text-editor.default\">\n\t\t\t\t<div class=\"elementor-widget-container\">\n\t\t\t\t\t\t\t\t\t<p>\u064a\u0645\u0643\u0646 \u0627\u062e\u062a\u064a\u0627\u0631 \u062e\u062f\u0645\u0627\u062a \u0625\u062f\u0627\u0631\u0629 \u0627\u0644\u0625\u064a\u062c\u0627\u0631 \u0644\u062f\u064a\u0646\u0627 \u0628\u062d\u0631\u064a\u0629 \u062a\u0627\u0645\u0629. \u0625\u0630\u0627 \u0643\u0646\u062a \u0644\u0627 \u062a\u0632\u0627\u0644 \u062a\u0631\u063a\u0628 \u0641\u064a \u0627\u0644\u0627\u062d\u062a\u0641\u0627\u0638 \u0628\u0627\u0644\u0645\u0647\u0627\u0645 \u0628\u0646\u0641\u0633\u0643\u060c \u0641\u0645\u0646 \u0627\u0644\u0645\u0645\u0643\u0646 \u0628\u0627\u0644\u0637\u0628\u0639 \u062a\u0648\u0644\u064a \u0627\u0644\u0645\u0647\u0627\u0645 \u0627\u0644\u0625\u062f\u0627\u0631\u064a\u0629 \u0627\u0644\u0641\u0631\u062f\u064a\u0629\u060c \u0645\u062b\u0644 \u0645\u0633\u0643 \u0627\u0644\u062f\u0641\u0627\u062a\u0631. \u0641\u064a \u062d\u0627\u0644\u0629 \u0627\u0644\u0627\u0633\u062a\u062d\u0648\u0627\u0630 \u0627\u0644\u0625\u062f\u0627\u0631\u064a \u0627\u0644\u0643\u0627\u0645\u0644\u060c \u0641\u0625\u0646\u0646\u0627 \u0646\u062a\u0648\u0644\u0649 \u062c\u0645\u064a\u0639 \u0627\u0644\u0645\u0647\u0627\u0645 \u0627\u0644\u062a\u064a \u062a\u0634\u0643\u0644 \u062c\u0632\u0621\u0627\u064b \u0645\u0646 \u0627\u0644\u0625\u062f\u0627\u0631\u0629 \u0627\u0644\u0633\u0644\u064a\u0645\u0629 \u0644\u0644\u0639\u0642\u0627\u0631. \u0633\u062a\u062c\u062f \u0623\u062f\u0646\u0627\u0647 \u0646\u0638\u0631\u0629 \u062b\u0627\u0642\u0628\u0629 \u0639\u0644\u0649 \u062e\u062f\u0645\u0627\u062a\u0646\u0627.<\/p><p>\u0637\u0648\u0627\u0644 \u0645\u062f\u0629 \u0627\u0644\u0639\u0642\u062f\u060c \u064a\u0644\u062a\u0632\u0645 \u0627\u0644\u0645\u0633\u0624\u0648\u0644 \u0628\u0625\u062f\u0627\u0631\u0629 \u0627\u0644\u0639\u0642\u0627\u0631 \u0628\u0639\u0646\u0627\u064a\u0629 \u0631\u062c\u0644 \u0627\u0644\u0623\u0639\u0645\u0627\u0644 \u0627\u0644\u062d\u0635\u064a\u0641 \u0648\u062d\u0645\u0627\u064a\u0629 \u0645\u0635\u0627\u0644\u062d \u0627\u0644\u0639\u0645\u064a\u0644 \u0645\u0646 \u062c\u0645\u064a\u0639 \u0627\u0644\u0646\u0648\u0627\u062d\u064a. \u064a\u0634\u0645\u0644 \u0645\u062c\u0627\u0644 \u0645\u0633\u0624\u0648\u0644\u064a\u0629 \u0645\u062f\u064a\u0631 \u0627\u0644\u0639\u0642\u0627\u0631 \u0639\u0644\u0649 \u0648\u062c\u0647 \u0627\u0644\u062e\u0635\u0648\u0635 \u0645\u0627 \u064a\u0644\u064a<\/p>\t\t\t\t\t\t\t\t<\/div>\n\t\t\t\t<\/div>\n\t\t\t\t<div class=\"elementor-element elementor-element-1b95a38 elementor-widget elementor-widget-text-editor\" data-id=\"1b95a38\" data-element_type=\"widget\" data-e-type=\"widget\" data-widget_type=\"text-editor.default\">\n\t\t\t\t<div class=\"elementor-widget-container\">\n\t\t\t\t\t\t\t\t\t<h3>1- \u0645\u0633\u0627\u0626\u0644 \u0627\u0644\u0645\u0633\u062a\u0623\u062c\u0631\u064a\u0646<\/h3><p>\u0623) \u062a\u0633\u062c\u064a\u0644 \u0627\u0644\u0628\u064a\u0627\u0646\u0627\u062a \u0627\u0644\u0631\u0626\u064a\u0633\u064a\u0629 \u0644\u0644\u0645\u0633\u062a\u0623\u062c\u0631\u064a\u0646 \u0648\u0625\u062f\u0627\u0631\u062a\u0647\u0627<\/p><p>\u0628) \u0625\u0628\u0631\u0627\u0645 \u0639\u0642\u0648\u062f \u0627\u0644\u0625\u064a\u062c\u0627\u0631 \u0648\u0625\u0644\u063a\u0627\u0624\u0647\u0627\u060c \u0648\u0627\u0644\u0625\u064a\u062c\u0627\u0631\u0627\u062a \u0627\u0644\u062c\u062f\u064a\u062f\u0629 \u0628\u0645\u0627 \u0641\u064a \u0630\u0644\u0643 \u0627\u0644\u0628\u062d\u062b \u0639\u0646 \u0645\u0633\u062a\u0623\u062c\u0631\u064a\u0646<\/p><p>\u062c) \u0627\u0633\u062a\u0644\u0627\u0645 \u0648\u062a\u0633\u0644\u064a\u0645 \u0627\u0644\u0648\u062d\u062f\u0627\u062a \u0627\u0644\u0645\u0633\u062a\u0623\u062c\u0631\u0629 \u0641\u064a \u062d\u0627\u0644\u0629 \u062a\u063a\u064a\u064a\u0631 \u0627\u0644\u0645\u0633\u062a\u0623\u062c\u0631<\/p><p>\u062f) \u062a\u0623\u0645\u064a\u0646 \u0636\u0645\u0627\u0646\u0627\u062a \u0627\u0644\u0625\u064a\u062c\u0627\u0631 \u0627\u0644\u0645\u062a\u0641\u0642 \u0639\u0644\u064a\u0647\u0627 \u0648\u0625\u062f\u0627\u0631\u062a\u0647\u0627<\/p><p>\u0647) \u0625\u0639\u062f\u0627\u062f \u0628\u064a\u0627\u0646\u0627\u062a \u0631\u0633\u0648\u0645 \u0627\u0644\u062e\u062f\u0645\u0629 \u0648\u0625\u062f\u0627\u0631\u0629 \u0627\u0644\u0645\u062f\u0641\u0648\u0639\u0627\u062a \u0627\u0644\u0645\u0633\u0628\u0642\u0629<\/p><p>\u0648) \u062a\u0646\u0638\u064a\u0645 \u0625\u062c\u0631\u0627\u0621\u0627\u062a \u0627\u0644\u0633\u062f\u0627\u062f \u062e\u0627\u0631\u062c \u0646\u0637\u0627\u0642 \u0627\u0644\u0642\u0636\u0627\u0621 \u0644\u0645\u062a\u0623\u062e\u0631\u0627\u062a \u0627\u0644\u0625\u064a\u062c\u0627\u0631<\/p><h3>2 - \u0627\u0644\u0625\u062f\u0627\u0631\u0629 \u0627\u0644\u062a\u062c\u0627\u0631\u064a\u0629<\/h3><p>\u0623) \u0625\u0639\u062f\u0627\u062f \u0627\u0644\u0628\u064a\u0627\u0646\u0627\u062a \u0627\u0644\u0634\u0647\u0631\u064a\u0629 \u0644\u0644\u0645\u0627\u0644\u0643<\/p><p>\u0628) \u0625\u0646\u0634\u0627\u0621 \u0644\u0645\u062d\u0627\u062a \u0639\u0627\u0645\u0629 \u0645\u062e\u062a\u0644\u0641\u0629 \u062d\u0633\u0628 \u0627\u0644\u062a\u0631\u062a\u064a\u0628<\/p><p>\u062c) \u0645\u0639\u0627\u0644\u062c\u0629 \u062c\u0645\u064a\u0639 \u0645\u0639\u0627\u0645\u0644\u0627\u062a \u0627\u0644\u062f\u0641\u0639<\/p><p>\u062f) \u0645\u0631\u0627\u0642\u0628\u0629 \u0627\u0644\u062a\u063a\u0637\u064a\u0629 \u0627\u0644\u062a\u0623\u0645\u064a\u0646\u064a\u0629 \u0644\u0644\u0639\u0642\u0627\u0631\u060c \u0648\u062a\u0633\u0648\u064a\u0629 \u0623\u064a \u0645\u0637\u0627\u0644\u0628\u0627\u062a\u061b \u0648\u0625\u0644\u063a\u0627\u0621 \u0648\u0625\u0628\u0631\u0627\u0645 \u0639\u0642\u0648\u062f \u062a\u0623\u0645\u064a\u0646 \u062c\u062f\u064a\u062f\u0629 \u0628\u0646\u0627\u0621\u064b \u0639\u0644\u0649 \u0637\u0644\u0628 \u0627\u0644\u0639\u0645\u064a\u0644<\/p><p>(\u0647) \u062a\u0645\u062b\u064a\u0644 \u0627\u0644\u0639\u0645\u064a\u0644\u060c \u0641\u064a\u0645\u0627 \u064a\u062a\u0639\u0644\u0642 \u0628\u0627\u0644\u0639\u0642\u0627\u0631\u060c \u0623\u0645\u0627\u0645 \u062c\u0645\u064a\u0639 \u0627\u0644\u0633\u0644\u0637\u0627\u062a<\/p><p>(\u0648) \u062a\u0623\u0643\u064a\u062f \u0627\u0644\u0645\u0637\u0627\u0644\u0628\u0627\u062a \u0627\u0644\u0636\u0645\u0627\u0646\u064a\u0629 \u0648\u0645\u0645\u0627\u0631\u0633\u0629 \u062d\u0642\u0648\u0642 \u0627\u0644\u0627\u062d\u062a\u0641\u0627\u0638 \u0628\u062d\u0642 \u0627\u0644\u0645\u0644\u0643\u064a\u0629<\/p><p>\u0632) \u0645\u0631\u0627\u062c\u0639\u0629 \u062c\u0645\u064a\u0639 \u062a\u0643\u0627\u0644\u064a\u0641 \u0627\u0644\u062a\u0634\u063a\u064a\u0644 \u0648\u0627\u0644\u0625\u062f\u0627\u0631\u0629<\/p><p>\u062d) \u0625\u062f\u0627\u0631\u0629 \u0627\u0644\u0645\u0644\u0641\u0627\u062a \u0648\u0627\u0644\u0625\u064a\u0635\u0627\u0644\u0627\u062a \u0627\u0644\u0645\u0646\u0632\u0644\u064a\u0629<\/p><h3>3 - \u0625\u062f\u0627\u0631\u0629 \u0627\u0644\u0645\u0631\u0627\u0641\u0642 \u0627\u0644\u062a\u0642\u0646\u064a\u0629<\/h3><p>\u0623) \u0636\u0645\u0627\u0646 \u0639\u0645\u0644 \u0623\u0646\u0638\u0645\u0629 \u0627\u0644\u062a\u062f\u0641\u0626\u0629 \u0648\u0627\u0644\u0635\u0631\u0641 \u0627\u0644\u0635\u062d\u064a \u0648\u0627\u0644\u0623\u0646\u0638\u0645\u0629 \u0627\u0644\u0623\u062e\u0631\u0649 \u0641\u064a \u0627\u0644\u0639\u0642\u0627\u0631\u060c \u0628\u0645\u0627 \u0641\u064a \u0630\u0644\u0643 \u0625\u0628\u0631\u0627\u0645 \u0639\u0642\u0648\u062f \u0627\u0644\u062a\u0648\u0631\u064a\u062f \u0648\u0627\u0644\u0635\u064a\u0627\u0646\u0629 \u0648\u0625\u0644\u063a\u0627\u0624\u0647\u0627<\/p><p>\u0628) \u0627\u0644\u062a\u0639\u0627\u0642\u062f \u0639\u0644\u0649 \u0627\u0644\u0623\u0639\u0645\u0627\u0644 \u0627\u0644\u0645\u0637\u0644\u0648\u0628\u0629 \u0644\u0644\u0635\u064a\u0627\u0646\u0629 \u0627\u0644\u0645\u0633\u062a\u0645\u0631\u0629 \u0644\u0644\u0639\u0642\u0627\u0631 \u0648\u0635\u064a\u0627\u0646\u062a\u0647 \u0648\u0625\u0635\u0644\u0627\u062d\u0647<\/p><p>\u062c) \u0625\u0630\u0627 \u062a\u062c\u0627\u0648\u0632 \u0645\u0628\u0644\u063a \u0627\u0644\u0637\u0644\u0628 \u0627\u0644\u0645\u062a\u0648\u0642\u0639 \u0645\u0628\u0644\u063a XXX \u064a\u0648\u0631\u0648\u060c \u064a\u062c\u0628 \u0639\u0644\u0649 \u0645\u062f\u064a\u0631 \u0627\u0644\u0639\u0642\u0627\u0631 \u0627\u0644\u062d\u0635\u0648\u0644 \u0639\u0644\u0649 \u0639\u0631\u0636\u064a\u0646 \u0639\u0644\u0649 \u0627\u0644\u0623\u0642\u0644. \u0641\u064a \u062d\u0627\u0644\u0629 \u0639\u062f\u0645 \u0625\u0631\u0633\u0627\u0621 \u0627\u0644\u0639\u0642\u062f \u0639\u0644\u0649 \u0623\u0631\u062e\u0635 \u0627\u0644\u0639\u0637\u0627\u0621\u0627\u062a\u060c \u064a\u0644\u0632\u0645 \u0627\u0644\u062d\u0635\u0648\u0644 \u0639\u0644\u0649 \u0645\u0648\u0627\u0641\u0642\u0629 \u0627\u0644\u0639\u0645\u064a\u0644<\/p><p>\u062f) \u0625\u0628\u0631\u0627\u0645 \u0648\u0625\u0644\u063a\u0627\u0621 \u0639\u0642\u0648\u062f \u0627\u0644\u0628\u0648\u0627\u0628\u064a\u0646 \u0648\u0627\u0644\u0639\u0642\u0648\u062f \u0627\u0644\u0645\u0628\u0631\u0645\u0629 \u0645\u0639 \u0627\u0644\u0645\u0648\u0638\u0641\u064a\u0646 \u0627\u0644\u0645\u0633\u0627\u0639\u062f\u064a\u0646 \u0627\u0644\u0622\u062e\u0631\u064a\u0646 (\u0639\u0644\u0649 \u0633\u0628\u064a\u0644 \u0627\u0644\u0645\u062b\u0627\u0644 \u0644\u062a\u0646\u0638\u064a\u0641 \u0627\u0644\u0645\u0646\u0627\u0632\u0644 \u0648\u0627\u0644\u0634\u0648\u0627\u0631\u0639 \u0648\u0627\u0644\u0623\u0631\u0635\u0641\u0629 \u0648\u0627\u0644\u0645\u0631\u0627\u0641\u0642 \u0627\u0644\u062e\u0627\u0631\u062c\u064a\u0629). \u0627\u0644\u0625\u0634\u0631\u0627\u0641 \u0639\u0644\u0649 \u0623\u0646\u0634\u0637\u0629 \u0627\u0644\u0623\u0634\u062e\u0627\u0635 \u0627\u0644\u0645\u0630\u0643\u0648\u0631\u064a\u0646 \u0623\u0639\u0644\u0627\u0647 \u0648\u0645\u0631\u0627\u0642\u0628\u062a\u0647\u0627 \u0641\u064a\u0645\u0627 \u064a\u062a\u0639\u0644\u0642 \u0628\u0627\u0644\u0645\u0645\u062a\u0644\u0643\u0627\u062a<\/p><p>\u0647\u0640) \u0625\u0628\u0644\u0627\u063a \u0627\u0644\u0639\u0645\u064a\u0644 \u0628\u0623\u064a \u0623\u0645\u0648\u0631 \u0645\u0647\u0645\u0629 \u0648\/\u0623\u0648 \u063a\u064a\u0631 \u0639\u0627\u062f\u064a\u0629 \u062a\u062a\u0639\u0644\u0642 \u0628\u0627\u0644\u0639\u0642\u0627\u0631.<\/p>\t\t\t\t\t\t\t\t<\/div>\n\t\t\t\t<\/div>\n\t\t\t\t\t<\/div>\n\t\t\t\t<\/div>\n\t\t\t\t<\/div>\n\t\t\t\t<\/div>\n\t\t","protected":false},"excerpt":{"rendered":"<p>\u0625\u062f\u0627\u0631\u0629 \u0627\u0644\u0625\u064a\u062c\u0627\u0631 \u064a\u0645\u0643\u0646 \u0627\u062e\u062a\u064a\u0627\u0631 \u062e\u062f\u0645\u0627\u062a \u0625\u062f\u0627\u0631\u0629 \u0627\u0644\u0625\u064a\u062c\u0627\u0631 \u0644\u062f\u064a\u0646\u0627 \u0628\u062d\u0631\u064a\u0629 \u062a\u0627\u0645\u0629. \u0625\u0630\u0627 \u0643\u0646\u062a \u0644\u0627 \u062a\u0632\u0627\u0644 \u062a\u0631\u063a\u0628 \u0641\u064a \u0627\u0644\u0627\u062d\u062a\u0641\u0627\u0638 \u0628\u0627\u0644\u0645\u0647\u0627\u0645 \u0628\u0646\u0641\u0633\u0643\u060c \u0641\u0645\u0646 \u0627\u0644\u0645\u0645\u0643\u0646 \u0628\u0627\u0644\u0637\u0628\u0639 \u062a\u0648\u0644\u064a \u0627\u0644\u0645\u0647\u0627\u0645 \u0627\u0644\u0625\u062f\u0627\u0631\u064a\u0629 \u0627\u0644\u0641\u0631\u062f\u064a\u0629\u060c \u0645\u062b\u0644 \u0645\u0633\u0643 \u0627\u0644\u062f\u0641\u0627\u062a\u0631. \u0641\u064a \u062d\u0627\u0644\u0629 \u0627\u0644\u0627\u0633\u062a\u062d\u0648\u0627\u0630 \u0627\u0644\u0625\u062f\u0627\u0631\u064a \u0627\u0644\u0643\u0627\u0645\u0644\u060c \u0641\u0625\u0646\u0646\u0627 \u0646\u062a\u0648\u0644\u0649 \u062c\u0645\u064a\u0639 \u0627\u0644\u0645\u0647\u0627\u0645 \u0627\u0644\u062a\u064a \u062a\u0634\u0643\u0644 \u062c\u0632\u0621\u0627\u064b \u0645\u0646 \u0627\u0644\u0625\u062f\u0627\u0631\u0629 \u0627\u0644\u0633\u0644\u064a\u0645\u0629 \u0644\u0644\u0639\u0642\u0627\u0631. \u0633\u062a\u062c\u062f \u0623\u062f\u0646\u0627\u0647 \u0646\u0638\u0631\u0629 \u062b\u0627\u0642\u0628\u0629 \u0639\u0644\u0649 \u062e\u062f\u0645\u0627\u062a\u0646\u0627. \u0637\u0648\u0627\u0644 \u0645\u062f\u0629 \u0627\u0644\u0639\u0642\u062f\u060c \u064a\u0644\u062a\u0632\u0645 [&hellip;]<\/p>\n","protected":false},"author":1,"featured_media":0,"parent":0,"menu_order":0,"comment_status":"closed","ping_status":"closed","template":"","meta":{"footnotes":""},"class_list":["post-3322","page","type-page","status-publish","hentry"],"yoast_head":"<!-- This site is optimized with the Yoast SEO plugin v25.1 - https:\/\/yoast.com\/wordpress\/plugins\/seo\/ -->\n<title>\u0625\u062f\u0627\u0631\u0629 \u0627\u0644\u0625\u064a\u062c\u0627\u0631 - Verm\u00f6gensverwaltung Nagel GmbH<\/title>\n<meta name=\"robots\" content=\"index, follow, max-snippet:-1, max-image-preview:large, max-video-preview:-1\" \/>\n<link rel=\"canonical\" href=\"https:\/\/nagelgmbh.com\/ar\/%d8%a5%d8%af%d8%a7%d8%b1%d8%a9-%d8%a7%d9%84%d8%a5%d9%8a%d8%ac%d8%a7%d8%b1\/\" \/>\n<meta property=\"og:locale\" content=\"ar_AR\" \/>\n<meta property=\"og:type\" content=\"article\" \/>\n<meta property=\"og:title\" content=\"\u0625\u062f\u0627\u0631\u0629 \u0627\u0644\u0625\u064a\u062c\u0627\u0631 - Verm\u00f6gensverwaltung Nagel GmbH\" \/>\n<meta property=\"og:description\" content=\"\u0625\u062f\u0627\u0631\u0629 \u0627\u0644\u0625\u064a\u062c\u0627\u0631 \u064a\u0645\u0643\u0646 \u0627\u062e\u062a\u064a\u0627\u0631 \u062e\u062f\u0645\u0627\u062a \u0625\u062f\u0627\u0631\u0629 \u0627\u0644\u0625\u064a\u062c\u0627\u0631 \u0644\u062f\u064a\u0646\u0627 \u0628\u062d\u0631\u064a\u0629 \u062a\u0627\u0645\u0629. \u0625\u0630\u0627 \u0643\u0646\u062a \u0644\u0627 \u062a\u0632\u0627\u0644 \u062a\u0631\u063a\u0628 \u0641\u064a \u0627\u0644\u0627\u062d\u062a\u0641\u0627\u0638 \u0628\u0627\u0644\u0645\u0647\u0627\u0645 \u0628\u0646\u0641\u0633\u0643\u060c \u0641\u0645\u0646 \u0627\u0644\u0645\u0645\u0643\u0646 \u0628\u0627\u0644\u0637\u0628\u0639 \u062a\u0648\u0644\u064a \u0627\u0644\u0645\u0647\u0627\u0645 \u0627\u0644\u0625\u062f\u0627\u0631\u064a\u0629 \u0627\u0644\u0641\u0631\u062f\u064a\u0629\u060c \u0645\u062b\u0644 \u0645\u0633\u0643 \u0627\u0644\u062f\u0641\u0627\u062a\u0631. \u0641\u064a \u062d\u0627\u0644\u0629 \u0627\u0644\u0627\u0633\u062a\u062d\u0648\u0627\u0630 \u0627\u0644\u0625\u062f\u0627\u0631\u064a \u0627\u0644\u0643\u0627\u0645\u0644\u060c \u0641\u0625\u0646\u0646\u0627 \u0646\u062a\u0648\u0644\u0649 \u062c\u0645\u064a\u0639 \u0627\u0644\u0645\u0647\u0627\u0645 \u0627\u0644\u062a\u064a \u062a\u0634\u0643\u0644 \u062c\u0632\u0621\u0627\u064b \u0645\u0646 \u0627\u0644\u0625\u062f\u0627\u0631\u0629 \u0627\u0644\u0633\u0644\u064a\u0645\u0629 \u0644\u0644\u0639\u0642\u0627\u0631. \u0633\u062a\u062c\u062f \u0623\u062f\u0646\u0627\u0647 \u0646\u0638\u0631\u0629 \u062b\u0627\u0642\u0628\u0629 \u0639\u0644\u0649 \u062e\u062f\u0645\u0627\u062a\u0646\u0627. \u0637\u0648\u0627\u0644 \u0645\u062f\u0629 \u0627\u0644\u0639\u0642\u062f\u060c \u064a\u0644\u062a\u0632\u0645 [&hellip;]\" \/>\n<meta property=\"og:url\" content=\"https:\/\/nagelgmbh.com\/ar\/%d8%a5%d8%af%d8%a7%d8%b1%d8%a9-%d8%a7%d9%84%d8%a5%d9%8a%d8%ac%d8%a7%d8%b1\/\" \/>\n<meta property=\"og:site_name\" content=\"Verm\u00f6gensverwaltung Nagel GmbH\" \/>\n<meta property=\"article:modified_time\" content=\"2025-05-22T12:50:52+00:00\" \/>\n<meta name=\"twitter:card\" content=\"summary_large_image\" \/>\n<script type=\"application\/ld+json\" class=\"yoast-schema-graph\">{\"@context\":\"https:\/\/schema.org\",\"@graph\":[{\"@type\":\"WebPage\",\"@id\":\"https:\/\/nagelgmbh.com\/ar\/%d8%a5%d8%af%d8%a7%d8%b1%d8%a9-%d8%a7%d9%84%d8%a5%d9%8a%d8%ac%d8%a7%d8%b1\/\",\"url\":\"https:\/\/nagelgmbh.com\/ar\/%d8%a5%d8%af%d8%a7%d8%b1%d8%a9-%d8%a7%d9%84%d8%a5%d9%8a%d8%ac%d8%a7%d8%b1\/\",\"name\":\"\u0625\u062f\u0627\u0631\u0629 \u0627\u0644\u0625\u064a\u062c\u0627\u0631 - Verm\u00f6gensverwaltung Nagel GmbH\",\"isPartOf\":{\"@id\":\"https:\/\/nagelgmbh.com\/ar\/#website\"},\"datePublished\":\"2025-01-04T15:53:17+00:00\",\"dateModified\":\"2025-05-22T12:50:52+00:00\",\"breadcrumb\":{\"@id\":\"https:\/\/nagelgmbh.com\/ar\/%d8%a5%d8%af%d8%a7%d8%b1%d8%a9-%d8%a7%d9%84%d8%a5%d9%8a%d8%ac%d8%a7%d8%b1\/#breadcrumb\"},\"inLanguage\":\"ar\",\"potentialAction\":[{\"@type\":\"ReadAction\",\"target\":[\"https:\/\/nagelgmbh.com\/ar\/%d8%a5%d8%af%d8%a7%d8%b1%d8%a9-%d8%a7%d9%84%d8%a5%d9%8a%d8%ac%d8%a7%d8%b1\/\"]}]},{\"@type\":\"BreadcrumbList\",\"@id\":\"https:\/\/nagelgmbh.com\/ar\/%d8%a5%d8%af%d8%a7%d8%b1%d8%a9-%d8%a7%d9%84%d8%a5%d9%8a%d8%ac%d8%a7%d8%b1\/#breadcrumb\",\"itemListElement\":[{\"@type\":\"ListItem\",\"position\":1,\"name\":\"Startseite\",\"item\":\"https:\/\/nagelgmbh.com\/ar\/\"},{\"@type\":\"ListItem\",\"position\":2,\"name\":\"\u0625\u062f\u0627\u0631\u0629 \u0627\u0644\u0625\u064a\u062c\u0627\u0631\"}]},{\"@type\":\"WebSite\",\"@id\":\"https:\/\/nagelgmbh.com\/ar\/#website\",\"url\":\"https:\/\/nagelgmbh.com\/ar\/\",\"name\":\"Verm\u00f6gensverwaltung Nagel GmbH\",\"description\":\"Verm\u00f6gensverwaltung und Immobilien D\u00fcsseldorf\",\"publisher\":{\"@id\":\"https:\/\/nagelgmbh.com\/ar\/#organization\"},\"potentialAction\":[{\"@type\":\"SearchAction\",\"target\":{\"@type\":\"EntryPoint\",\"urlTemplate\":\"https:\/\/nagelgmbh.com\/ar\/?s={search_term_string}\"},\"query-input\":{\"@type\":\"PropertyValueSpecification\",\"valueRequired\":true,\"valueName\":\"search_term_string\"}}],\"inLanguage\":\"ar\"},{\"@type\":\"Organization\",\"@id\":\"https:\/\/nagelgmbh.com\/ar\/#organization\",\"name\":\"Verm\u00f6gensverwaltung Nagel GmbH\",\"url\":\"https:\/\/nagelgmbh.com\/ar\/\",\"logo\":{\"@type\":\"ImageObject\",\"inLanguage\":\"ar\",\"@id\":\"https:\/\/nagelgmbh.com\/ar\/#\/schema\/logo\/image\/\",\"url\":\"https:\/\/nagelgmbh.com\/wp-content\/uploads\/2025\/01\/Logo.png\",\"contentUrl\":\"https:\/\/nagelgmbh.com\/wp-content\/uploads\/2025\/01\/Logo.png\",\"width\":493,\"height\":172,\"caption\":\"Verm\u00f6gensverwaltung Nagel GmbH\"},\"image\":{\"@id\":\"https:\/\/nagelgmbh.com\/ar\/#\/schema\/logo\/image\/\"}}]}<\/script>\n<!-- \/ Yoast SEO plugin. -->","yoast_head_json":{"title":"\u0625\u062f\u0627\u0631\u0629 \u0627\u0644\u0625\u064a\u062c\u0627\u0631 - Verm\u00f6gensverwaltung Nagel GmbH","robots":{"index":"index","follow":"follow","max-snippet":"max-snippet:-1","max-image-preview":"max-image-preview:large","max-video-preview":"max-video-preview:-1"},"canonical":"https:\/\/nagelgmbh.com\/ar\/%d8%a5%d8%af%d8%a7%d8%b1%d8%a9-%d8%a7%d9%84%d8%a5%d9%8a%d8%ac%d8%a7%d8%b1\/","og_locale":"ar_AR","og_type":"article","og_title":"\u0625\u062f\u0627\u0631\u0629 \u0627\u0644\u0625\u064a\u062c\u0627\u0631 - Verm\u00f6gensverwaltung Nagel GmbH","og_description":"\u0625\u062f\u0627\u0631\u0629 \u0627\u0644\u0625\u064a\u062c\u0627\u0631 \u064a\u0645\u0643\u0646 \u0627\u062e\u062a\u064a\u0627\u0631 \u062e\u062f\u0645\u0627\u062a \u0625\u062f\u0627\u0631\u0629 \u0627\u0644\u0625\u064a\u062c\u0627\u0631 \u0644\u062f\u064a\u0646\u0627 \u0628\u062d\u0631\u064a\u0629 \u062a\u0627\u0645\u0629. \u0625\u0630\u0627 \u0643\u0646\u062a \u0644\u0627 \u062a\u0632\u0627\u0644 \u062a\u0631\u063a\u0628 \u0641\u064a \u0627\u0644\u0627\u062d\u062a\u0641\u0627\u0638 \u0628\u0627\u0644\u0645\u0647\u0627\u0645 \u0628\u0646\u0641\u0633\u0643\u060c \u0641\u0645\u0646 \u0627\u0644\u0645\u0645\u0643\u0646 \u0628\u0627\u0644\u0637\u0628\u0639 \u062a\u0648\u0644\u064a \u0627\u0644\u0645\u0647\u0627\u0645 \u0627\u0644\u0625\u062f\u0627\u0631\u064a\u0629 \u0627\u0644\u0641\u0631\u062f\u064a\u0629\u060c \u0645\u062b\u0644 \u0645\u0633\u0643 \u0627\u0644\u062f\u0641\u0627\u062a\u0631. \u0641\u064a \u062d\u0627\u0644\u0629 \u0627\u0644\u0627\u0633\u062a\u062d\u0648\u0627\u0630 \u0627\u0644\u0625\u062f\u0627\u0631\u064a \u0627\u0644\u0643\u0627\u0645\u0644\u060c \u0641\u0625\u0646\u0646\u0627 \u0646\u062a\u0648\u0644\u0649 \u062c\u0645\u064a\u0639 \u0627\u0644\u0645\u0647\u0627\u0645 \u0627\u0644\u062a\u064a \u062a\u0634\u0643\u0644 \u062c\u0632\u0621\u0627\u064b \u0645\u0646 \u0627\u0644\u0625\u062f\u0627\u0631\u0629 \u0627\u0644\u0633\u0644\u064a\u0645\u0629 \u0644\u0644\u0639\u0642\u0627\u0631. \u0633\u062a\u062c\u062f \u0623\u062f\u0646\u0627\u0647 \u0646\u0638\u0631\u0629 \u062b\u0627\u0642\u0628\u0629 \u0639\u0644\u0649 \u062e\u062f\u0645\u0627\u062a\u0646\u0627. \u0637\u0648\u0627\u0644 \u0645\u062f\u0629 \u0627\u0644\u0639\u0642\u062f\u060c \u064a\u0644\u062a\u0632\u0645 [&hellip;]","og_url":"https:\/\/nagelgmbh.com\/ar\/%d8%a5%d8%af%d8%a7%d8%b1%d8%a9-%d8%a7%d9%84%d8%a5%d9%8a%d8%ac%d8%a7%d8%b1\/","og_site_name":"Verm\u00f6gensverwaltung Nagel GmbH","article_modified_time":"2025-05-22T12:50:52+00:00","twitter_card":"summary_large_image","schema":{"@context":"https:\/\/schema.org","@graph":[{"@type":"WebPage","@id":"https:\/\/nagelgmbh.com\/ar\/%d8%a5%d8%af%d8%a7%d8%b1%d8%a9-%d8%a7%d9%84%d8%a5%d9%8a%d8%ac%d8%a7%d8%b1\/","url":"https:\/\/nagelgmbh.com\/ar\/%d8%a5%d8%af%d8%a7%d8%b1%d8%a9-%d8%a7%d9%84%d8%a5%d9%8a%d8%ac%d8%a7%d8%b1\/","name":"\u0625\u062f\u0627\u0631\u0629 \u0627\u0644\u0625\u064a\u062c\u0627\u0631 - Verm\u00f6gensverwaltung Nagel GmbH","isPartOf":{"@id":"https:\/\/nagelgmbh.com\/ar\/#website"},"datePublished":"2025-01-04T15:53:17+00:00","dateModified":"2025-05-22T12:50:52+00:00","breadcrumb":{"@id":"https:\/\/nagelgmbh.com\/ar\/%d8%a5%d8%af%d8%a7%d8%b1%d8%a9-%d8%a7%d9%84%d8%a5%d9%8a%d8%ac%d8%a7%d8%b1\/#breadcrumb"},"inLanguage":"ar","potentialAction":[{"@type":"ReadAction","target":["https:\/\/nagelgmbh.com\/ar\/%d8%a5%d8%af%d8%a7%d8%b1%d8%a9-%d8%a7%d9%84%d8%a5%d9%8a%d8%ac%d8%a7%d8%b1\/"]}]},{"@type":"BreadcrumbList","@id":"https:\/\/nagelgmbh.com\/ar\/%d8%a5%d8%af%d8%a7%d8%b1%d8%a9-%d8%a7%d9%84%d8%a5%d9%8a%d8%ac%d8%a7%d8%b1\/#breadcrumb","itemListElement":[{"@type":"ListItem","position":1,"name":"Startseite","item":"https:\/\/nagelgmbh.com\/ar\/"},{"@type":"ListItem","position":2,"name":"\u0625\u062f\u0627\u0631\u0629 \u0627\u0644\u0625\u064a\u062c\u0627\u0631"}]},{"@type":"WebSite","@id":"https:\/\/nagelgmbh.com\/ar\/#website","url":"https:\/\/nagelgmbh.com\/ar\/","name":"Verm\u00f6gensverwaltung Nagel GmbH","description":"Verm\u00f6gensverwaltung und Immobilien D\u00fcsseldorf","publisher":{"@id":"https:\/\/nagelgmbh.com\/ar\/#organization"},"potentialAction":[{"@type":"SearchAction","target":{"@type":"EntryPoint","urlTemplate":"https:\/\/nagelgmbh.com\/ar\/?s={search_term_string}"},"query-input":{"@type":"PropertyValueSpecification","valueRequired":true,"valueName":"search_term_string"}}],"inLanguage":"ar"},{"@type":"Organization","@id":"https:\/\/nagelgmbh.com\/ar\/#organization","name":"Verm\u00f6gensverwaltung Nagel GmbH","url":"https:\/\/nagelgmbh.com\/ar\/","logo":{"@type":"ImageObject","inLanguage":"ar","@id":"https:\/\/nagelgmbh.com\/ar\/#\/schema\/logo\/image\/","url":"https:\/\/nagelgmbh.com\/wp-content\/uploads\/2025\/01\/Logo.png","contentUrl":"https:\/\/nagelgmbh.com\/wp-content\/uploads\/2025\/01\/Logo.png","width":493,"height":172,"caption":"Verm\u00f6gensverwaltung Nagel GmbH"},"image":{"@id":"https:\/\/nagelgmbh.com\/ar\/#\/schema\/logo\/image\/"}}]}},"_links":{"self":[{"href":"https:\/\/nagelgmbh.com\/ar\/wp-json\/wp\/v2\/pages\/3322","targetHints":{"allow":["GET"]}}],"collection":[{"href":"https:\/\/nagelgmbh.com\/ar\/wp-json\/wp\/v2\/pages"}],"about":[{"href":"https:\/\/nagelgmbh.com\/ar\/wp-json\/wp\/v2\/types\/page"}],"author":[{"embeddable":true,"href":"https:\/\/nagelgmbh.com\/ar\/wp-json\/wp\/v2\/users\/1"}],"replies":[{"embeddable":true,"href":"https:\/\/nagelgmbh.com\/ar\/wp-json\/wp\/v2\/comments?post=3322"}],"version-history":[{"count":1,"href":"https:\/\/nagelgmbh.com\/ar\/wp-json\/wp\/v2\/pages\/3322\/revisions"}],"predecessor-version":[{"id":3330,"href":"https:\/\/nagelgmbh.com\/ar\/wp-json\/wp\/v2\/pages\/3322\/revisions\/3330"}],"wp:attachment":[{"href":"https:\/\/nagelgmbh.com\/ar\/wp-json\/wp\/v2\/media?parent=3322"}],"curies":[{"name":"wp","href":"https:\/\/api.w.org\/{rel}","templated":true}]}}