{"id":3389,"date":"2025-01-04T18:10:09","date_gmt":"2025-01-04T17:10:09","guid":{"rendered":"https:\/\/nagelgmbh.com\/%d8%a8%d8%b5%d9%85%d8%a9\/"},"modified":"2025-05-22T14:49:19","modified_gmt":"2025-05-22T12:49:19","slug":"%d8%a8%d8%b5%d9%85%d8%a9","status":"publish","type":"page","link":"https:\/\/nagelgmbh.com\/ar\/%d8%a8%d8%b5%d9%85%d8%a9\/","title":{"rendered":"\u0628\u0635\u0645\u0629"},"content":{"rendered":"\t\t<div data-elementor-type=\"wp-page\" data-elementor-id=\"3389\" class=\"elementor elementor-3389 elementor-771\" data-elementor-post-type=\"page\">\n\t\t\t\t<div class=\"elementor-element elementor-element-6b33f66 e-con-full e-flex e-con e-parent\" data-id=\"6b33f66\" data-element_type=\"container\" data-e-type=\"container\">\n\t\t<div class=\"elementor-element elementor-element-2c969fd e-con-full animated-fast e-flex elementor-invisible e-con e-child\" data-id=\"2c969fd\" data-element_type=\"container\" data-e-type=\"container\" data-settings=\"{&quot;background_background&quot;:&quot;classic&quot;,&quot;animation&quot;:&quot;fadeIn&quot;,&quot;animation_delay&quot;:0}\">\n\t\t<div class=\"elementor-element elementor-element-332114e e-con-full animated-fast e-flex elementor-invisible e-con e-child\" data-id=\"332114e\" data-element_type=\"container\" data-e-type=\"container\" data-settings=\"{&quot;animation&quot;:&quot;fadeIn&quot;,&quot;animation_delay&quot;:200}\">\n\t\t\t\t<div class=\"elementor-element elementor-element-3ca4c04 elementor-widget elementor-widget-heading\" data-id=\"3ca4c04\" data-element_type=\"widget\" data-e-type=\"widget\" data-widget_type=\"heading.default\">\n\t\t\t\t<div class=\"elementor-widget-container\">\n\t\t\t\t\t<h2 class=\"elementor-heading-title elementor-size-default\">\u0628\u0635\u0645\u0629<\/h2>\t\t\t\t<\/div>\n\t\t\t\t<\/div>\n\t\t\t\t<\/div>\n\t\t<div class=\"elementor-element elementor-element-1b45451 e-con-full e-flex e-con e-child\" data-id=\"1b45451\" data-element_type=\"container\" data-e-type=\"container\" data-settings=\"{&quot;background_background&quot;:&quot;classic&quot;}\">\n\t\t\t\t<\/div>\n\t\t\t\t<\/div>\n\t\t<div class=\"elementor-element elementor-element-f6a849f animated-fast e-flex e-con-boxed elementor-invisible e-con e-child\" data-id=\"f6a849f\" data-element_type=\"container\" data-e-type=\"container\" data-settings=\"{&quot;animation&quot;:&quot;fadeIn&quot;,&quot;animation_delay&quot;:400}\">\n\t\t\t\t\t<div class=\"e-con-inner\">\n\t\t\t\t<div class=\"elementor-element elementor-element-fe04586 elementor-widget elementor-widget-text-editor\" data-id=\"fe04586\" data-element_type=\"widget\" data-e-type=\"widget\" data-widget_type=\"text-editor.default\">\n\t\t\t\t<div class=\"elementor-widget-container\">\n\t\t\t\t\t\t\t\t\t<p>\u0625\u062f\u0627\u0631\u0629 \u0627\u0644\u0623\u0635\u0648\u0644 Nagel GmbH<\/p>\n<p>\u0641\u064a\u0646\u0633\u062a\u0631 42<\/p>\n<p>40627 \u062f\u0648\u0633\u0644\u062f\u0648\u0631\u0641<\/p>\n<p>\u0635.\u0628. 12 04 08 08<\/p>\n<p>40605 \u062f\u0648\u0633\u0644\u062f\u0648\u0631\u0641<\/p>\n<p>\u0627\u0644\u0647\u0627\u062a\u0641: 0211-23 28 32 0211<\/p>\n<p>\u0631\u0642\u0645 \u0627\u0644\u0641\u0627\u0643\u0633: 0211-23-45 42<\/p>\n<p>\u0627\u0644\u0628\u0631\u064a\u062f \u0627\u0644\u0625\u0644\u0643\u062a\u0631\u0648\u0646\u064a: nagelgmbh@aol.com<\/p>\n<p>\u0627\u0644\u0645\u062f\u064a\u0631 \u0627\u0644\u0625\u062f\u0627\u0631\u064a: \u062f\u064a\u0646\u064a\u0633 \u0646\u0627\u062c\u0644<\/p>\n<p>HRB 35 160 160 - \u0645\u062d\u0643\u0645\u0629 \u062f\u0648\u0633\u0644\u062f\u0648\u0631\u0641 \u0627\u0644\u0645\u062d\u0644\u064a\u0629<\/p><p>\u0631\u0642\u0645 \u0636\u0631\u064a\u0628\u0629 \u0627\u0644\u0642\u064a\u0645\u0629 \u0627\u0644\u0645\u0636\u0627\u0641\u0629: DE19069090684<\/p>\t\t\t\t\t\t\t\t<\/div>\n\t\t\t\t<\/div>\n\t\t\t\t\t<\/div>\n\t\t\t\t<\/div>\n\t\t\t\t<\/div>\n\t\t\t\t<\/div>\n\t\t","protected":false},"excerpt":{"rendered":"<p>\u0628\u0635\u0645\u0629 \u0625\u062f\u0627\u0631\u0629 \u0627\u0644\u0623\u0635\u0648\u0644 Nagel GmbH \u0641\u064a\u0646\u0633\u062a\u0631 42 40627 \u062f\u0648\u0633\u0644\u062f\u0648\u0631\u0641 \u0635.\u0628. 12 04 08 08 40605 \u062f\u0648\u0633\u0644\u062f\u0648\u0631\u0641 \u0627\u0644\u0647\u0627\u062a\u0641: 0211-23 28 32 0211 \u0631\u0642\u0645 \u0627\u0644\u0641\u0627\u0643\u0633: 0211-23-45 42 \u0627\u0644\u0628\u0631\u064a\u062f \u0627\u0644\u0625\u0644\u0643\u062a\u0631\u0648\u0646\u064a: nagelgmbh@aol.com \u0627\u0644\u0645\u062f\u064a\u0631 \u0627\u0644\u0625\u062f\u0627\u0631\u064a: \u062f\u064a\u0646\u064a\u0633 \u0646\u0627\u062c\u0644 HRB 35 160 160 - \u0645\u062d\u0643\u0645\u0629 \u062f\u0648\u0633\u0644\u062f\u0648\u0631\u0641 \u0627\u0644\u0645\u062d\u0644\u064a\u0629 \u0631\u0642\u0645 \u0636\u0631\u064a\u0628\u0629 \u0627\u0644\u0642\u064a\u0645\u0629 \u0627\u0644\u0645\u0636\u0627\u0641\u0629: DE19069090684<\/p>\n","protected":false},"author":1,"featured_media":0,"parent":0,"menu_order":0,"comment_status":"closed","ping_status":"closed","template":"","meta":{"footnotes":""},"class_list":["post-3389","page","type-page","status-publish","hentry"],"yoast_head":"<!-- This site is optimized with the Yoast SEO plugin v25.1 - https:\/\/yoast.com\/wordpress\/plugins\/seo\/ -->\n<title>\u0628\u0635\u0645\u0629 - Verm\u00f6gensverwaltung Nagel GmbH<\/title>\n<meta name=\"robots\" content=\"index, follow, max-snippet:-1, max-image-preview:large, max-video-preview:-1\" \/>\n<link rel=\"canonical\" href=\"https:\/\/nagelgmbh.com\/ar\/%d8%a8%d8%b5%d9%85%d8%a9\/\" \/>\n<meta property=\"og:locale\" content=\"ar_AR\" \/>\n<meta property=\"og:type\" content=\"article\" \/>\n<meta property=\"og:title\" content=\"\u0628\u0635\u0645\u0629 - Verm\u00f6gensverwaltung Nagel GmbH\" \/>\n<meta property=\"og:description\" content=\"\u0628\u0635\u0645\u0629 \u0625\u062f\u0627\u0631\u0629 \u0627\u0644\u0623\u0635\u0648\u0644 Nagel GmbH \u0641\u064a\u0646\u0633\u062a\u0631 42 40627 \u062f\u0648\u0633\u0644\u062f\u0648\u0631\u0641 \u0635.\u0628. 12 04 08 08 40605 \u062f\u0648\u0633\u0644\u062f\u0648\u0631\u0641 \u0627\u0644\u0647\u0627\u062a\u0641: 0211-23 28 32 0211 \u0631\u0642\u0645 \u0627\u0644\u0641\u0627\u0643\u0633: 0211-23-45 42 \u0627\u0644\u0628\u0631\u064a\u062f \u0627\u0644\u0625\u0644\u0643\u062a\u0631\u0648\u0646\u064a: nagelgmbh@aol.com \u0627\u0644\u0645\u062f\u064a\u0631 \u0627\u0644\u0625\u062f\u0627\u0631\u064a: \u062f\u064a\u0646\u064a\u0633 \u0646\u0627\u062c\u0644 HRB 35 160 160 - \u0645\u062d\u0643\u0645\u0629 \u062f\u0648\u0633\u0644\u062f\u0648\u0631\u0641 \u0627\u0644\u0645\u062d\u0644\u064a\u0629 \u0631\u0642\u0645 \u0636\u0631\u064a\u0628\u0629 \u0627\u0644\u0642\u064a\u0645\u0629 \u0627\u0644\u0645\u0636\u0627\u0641\u0629: DE19069090684\" \/>\n<meta property=\"og:url\" content=\"https:\/\/nagelgmbh.com\/ar\/%d8%a8%d8%b5%d9%85%d8%a9\/\" \/>\n<meta property=\"og:site_name\" content=\"Verm\u00f6gensverwaltung Nagel GmbH\" \/>\n<meta property=\"article:modified_time\" content=\"2025-05-22T12:49:19+00:00\" \/>\n<meta name=\"twitter:card\" content=\"summary_large_image\" \/>\n<script type=\"application\/ld+json\" class=\"yoast-schema-graph\">{\"@context\":\"https:\/\/schema.org\",\"@graph\":[{\"@type\":\"WebPage\",\"@id\":\"https:\/\/nagelgmbh.com\/ar\/%d8%a8%d8%b5%d9%85%d8%a9\/\",\"url\":\"https:\/\/nagelgmbh.com\/ar\/%d8%a8%d8%b5%d9%85%d8%a9\/\",\"name\":\"\u0628\u0635\u0645\u0629 - Verm\u00f6gensverwaltung Nagel GmbH\",\"isPartOf\":{\"@id\":\"https:\/\/nagelgmbh.com\/ar\/#website\"},\"datePublished\":\"2025-01-04T17:10:09+00:00\",\"dateModified\":\"2025-05-22T12:49:19+00:00\",\"breadcrumb\":{\"@id\":\"https:\/\/nagelgmbh.com\/ar\/%d8%a8%d8%b5%d9%85%d8%a9\/#breadcrumb\"},\"inLanguage\":\"ar\",\"potentialAction\":[{\"@type\":\"ReadAction\",\"target\":[\"https:\/\/nagelgmbh.com\/ar\/%d8%a8%d8%b5%d9%85%d8%a9\/\"]}]},{\"@type\":\"BreadcrumbList\",\"@id\":\"https:\/\/nagelgmbh.com\/ar\/%d8%a8%d8%b5%d9%85%d8%a9\/#breadcrumb\",\"itemListElement\":[{\"@type\":\"ListItem\",\"position\":1,\"name\":\"Startseite\",\"item\":\"https:\/\/nagelgmbh.com\/ar\/\"},{\"@type\":\"ListItem\",\"position\":2,\"name\":\"\u0628\u0635\u0645\u0629\"}]},{\"@type\":\"WebSite\",\"@id\":\"https:\/\/nagelgmbh.com\/ar\/#website\",\"url\":\"https:\/\/nagelgmbh.com\/ar\/\",\"name\":\"Verm\u00f6gensverwaltung Nagel GmbH\",\"description\":\"Verm\u00f6gensverwaltung und Immobilien D\u00fcsseldorf\",\"publisher\":{\"@id\":\"https:\/\/nagelgmbh.com\/ar\/#organization\"},\"potentialAction\":[{\"@type\":\"SearchAction\",\"target\":{\"@type\":\"EntryPoint\",\"urlTemplate\":\"https:\/\/nagelgmbh.com\/ar\/?s={search_term_string}\"},\"query-input\":{\"@type\":\"PropertyValueSpecification\",\"valueRequired\":true,\"valueName\":\"search_term_string\"}}],\"inLanguage\":\"ar\"},{\"@type\":\"Organization\",\"@id\":\"https:\/\/nagelgmbh.com\/ar\/#organization\",\"name\":\"Verm\u00f6gensverwaltung Nagel GmbH\",\"url\":\"https:\/\/nagelgmbh.com\/ar\/\",\"logo\":{\"@type\":\"ImageObject\",\"inLanguage\":\"ar\",\"@id\":\"https:\/\/nagelgmbh.com\/ar\/#\/schema\/logo\/image\/\",\"url\":\"https:\/\/nagelgmbh.com\/wp-content\/uploads\/2025\/01\/Logo.png\",\"contentUrl\":\"https:\/\/nagelgmbh.com\/wp-content\/uploads\/2025\/01\/Logo.png\",\"width\":493,\"height\":172,\"caption\":\"Verm\u00f6gensverwaltung Nagel GmbH\"},\"image\":{\"@id\":\"https:\/\/nagelgmbh.com\/ar\/#\/schema\/logo\/image\/\"}}]}<\/script>\n<!-- \/ Yoast SEO plugin. -->","yoast_head_json":{"title":"\u0628\u0635\u0645\u0629 - Verm\u00f6gensverwaltung Nagel GmbH","robots":{"index":"index","follow":"follow","max-snippet":"max-snippet:-1","max-image-preview":"max-image-preview:large","max-video-preview":"max-video-preview:-1"},"canonical":"https:\/\/nagelgmbh.com\/ar\/%d8%a8%d8%b5%d9%85%d8%a9\/","og_locale":"ar_AR","og_type":"article","og_title":"\u0628\u0635\u0645\u0629 - Verm\u00f6gensverwaltung Nagel GmbH","og_description":"\u0628\u0635\u0645\u0629 \u0625\u062f\u0627\u0631\u0629 \u0627\u0644\u0623\u0635\u0648\u0644 Nagel GmbH \u0641\u064a\u0646\u0633\u062a\u0631 42 40627 \u062f\u0648\u0633\u0644\u062f\u0648\u0631\u0641 \u0635.\u0628. 12 04 08 08 40605 \u062f\u0648\u0633\u0644\u062f\u0648\u0631\u0641 \u0627\u0644\u0647\u0627\u062a\u0641: 0211-23 28 32 0211 \u0631\u0642\u0645 \u0627\u0644\u0641\u0627\u0643\u0633: 0211-23-45 42 \u0627\u0644\u0628\u0631\u064a\u062f \u0627\u0644\u0625\u0644\u0643\u062a\u0631\u0648\u0646\u064a: nagelgmbh@aol.com \u0627\u0644\u0645\u062f\u064a\u0631 \u0627\u0644\u0625\u062f\u0627\u0631\u064a: \u062f\u064a\u0646\u064a\u0633 \u0646\u0627\u062c\u0644 HRB 35 160 160 - \u0645\u062d\u0643\u0645\u0629 \u062f\u0648\u0633\u0644\u062f\u0648\u0631\u0641 \u0627\u0644\u0645\u062d\u0644\u064a\u0629 \u0631\u0642\u0645 \u0636\u0631\u064a\u0628\u0629 \u0627\u0644\u0642\u064a\u0645\u0629 \u0627\u0644\u0645\u0636\u0627\u0641\u0629: DE19069090684","og_url":"https:\/\/nagelgmbh.com\/ar\/%d8%a8%d8%b5%d9%85%d8%a9\/","og_site_name":"Verm\u00f6gensverwaltung Nagel GmbH","article_modified_time":"2025-05-22T12:49:19+00:00","twitter_card":"summary_large_image","schema":{"@context":"https:\/\/schema.org","@graph":[{"@type":"WebPage","@id":"https:\/\/nagelgmbh.com\/ar\/%d8%a8%d8%b5%d9%85%d8%a9\/","url":"https:\/\/nagelgmbh.com\/ar\/%d8%a8%d8%b5%d9%85%d8%a9\/","name":"\u0628\u0635\u0645\u0629 - Verm\u00f6gensverwaltung Nagel GmbH","isPartOf":{"@id":"https:\/\/nagelgmbh.com\/ar\/#website"},"datePublished":"2025-01-04T17:10:09+00:00","dateModified":"2025-05-22T12:49:19+00:00","breadcrumb":{"@id":"https:\/\/nagelgmbh.com\/ar\/%d8%a8%d8%b5%d9%85%d8%a9\/#breadcrumb"},"inLanguage":"ar","potentialAction":[{"@type":"ReadAction","target":["https:\/\/nagelgmbh.com\/ar\/%d8%a8%d8%b5%d9%85%d8%a9\/"]}]},{"@type":"BreadcrumbList","@id":"https:\/\/nagelgmbh.com\/ar\/%d8%a8%d8%b5%d9%85%d8%a9\/#breadcrumb","itemListElement":[{"@type":"ListItem","position":1,"name":"Startseite","item":"https:\/\/nagelgmbh.com\/ar\/"},{"@type":"ListItem","position":2,"name":"\u0628\u0635\u0645\u0629"}]},{"@type":"WebSite","@id":"https:\/\/nagelgmbh.com\/ar\/#website","url":"https:\/\/nagelgmbh.com\/ar\/","name":"Verm\u00f6gensverwaltung Nagel GmbH","description":"Verm\u00f6gensverwaltung und Immobilien D\u00fcsseldorf","publisher":{"@id":"https:\/\/nagelgmbh.com\/ar\/#organization"},"potentialAction":[{"@type":"SearchAction","target":{"@type":"EntryPoint","urlTemplate":"https:\/\/nagelgmbh.com\/ar\/?s={search_term_string}"},"query-input":{"@type":"PropertyValueSpecification","valueRequired":true,"valueName":"search_term_string"}}],"inLanguage":"ar"},{"@type":"Organization","@id":"https:\/\/nagelgmbh.com\/ar\/#organization","name":"Verm\u00f6gensverwaltung Nagel GmbH","url":"https:\/\/nagelgmbh.com\/ar\/","logo":{"@type":"ImageObject","inLanguage":"ar","@id":"https:\/\/nagelgmbh.com\/ar\/#\/schema\/logo\/image\/","url":"https:\/\/nagelgmbh.com\/wp-content\/uploads\/2025\/01\/Logo.png","contentUrl":"https:\/\/nagelgmbh.com\/wp-content\/uploads\/2025\/01\/Logo.png","width":493,"height":172,"caption":"Verm\u00f6gensverwaltung Nagel GmbH"},"image":{"@id":"https:\/\/nagelgmbh.com\/ar\/#\/schema\/logo\/image\/"}}]}},"_links":{"self":[{"href":"https:\/\/nagelgmbh.com\/ar\/wp-json\/wp\/v2\/pages\/3389","targetHints":{"allow":["GET"]}}],"collection":[{"href":"https:\/\/nagelgmbh.com\/ar\/wp-json\/wp\/v2\/pages"}],"about":[{"href":"https:\/\/nagelgmbh.com\/ar\/wp-json\/wp\/v2\/types\/page"}],"author":[{"embeddable":true,"href":"https:\/\/nagelgmbh.com\/ar\/wp-json\/wp\/v2\/users\/1"}],"replies":[{"embeddable":true,"href":"https:\/\/nagelgmbh.com\/ar\/wp-json\/wp\/v2\/comments?post=3389"}],"version-history":[{"count":2,"href":"https:\/\/nagelgmbh.com\/ar\/wp-json\/wp\/v2\/pages\/3389\/revisions"}],"predecessor-version":[{"id":3676,"href":"https:\/\/nagelgmbh.com\/ar\/wp-json\/wp\/v2\/pages\/3389\/revisions\/3676"}],"wp:attachment":[{"href":"https:\/\/nagelgmbh.com\/ar\/wp-json\/wp\/v2\/media?parent=3389"}],"curies":[{"name":"wp","href":"https:\/\/api.w.org\/{rel}","templated":true}]}}