{"id":3130,"date":"2025-01-27T12:59:07","date_gmt":"2025-01-27T11:59:07","guid":{"rendered":"https:\/\/nagelgmbh.com\/investment-portfolio\/"},"modified":"2025-05-15T21:08:58","modified_gmt":"2025-05-15T19:08:58","slug":"investment-portfolio","status":"publish","type":"page","link":"https:\/\/nagelgmbh.com\/en\/investment-portfolio\/","title":{"rendered":"Investment portfolio"},"content":{"rendered":"\t\t<div data-elementor-type=\"wp-page\" data-elementor-id=\"3130\" class=\"elementor elementor-3130 elementor-1762\" data-elementor-post-type=\"page\">\n\t\t\t\t<div class=\"elementor-element elementor-element-b831183 e-con-full e-flex e-con e-parent\" data-id=\"b831183\" data-element_type=\"container\" data-e-type=\"container\">\n\t\t<div class=\"elementor-element elementor-element-4ed13cd e-con-full animated-fast e-flex elementor-invisible e-con e-child\" data-id=\"4ed13cd\" data-element_type=\"container\" data-e-type=\"container\" data-settings=\"{&quot;background_background&quot;:&quot;classic&quot;,&quot;animation&quot;:&quot;fadeIn&quot;,&quot;animation_delay&quot;:0}\">\n\t\t<div class=\"elementor-element elementor-element-93bd0f4 e-con-full animated-fast e-flex elementor-invisible e-con e-child\" data-id=\"93bd0f4\" data-element_type=\"container\" data-e-type=\"container\" data-settings=\"{&quot;animation&quot;:&quot;fadeIn&quot;,&quot;animation_delay&quot;:200}\">\n\t\t\t\t<div class=\"elementor-element elementor-element-0cd945a elementor-widget elementor-widget-heading\" data-id=\"0cd945a\" data-element_type=\"widget\" data-e-type=\"widget\" data-widget_type=\"heading.default\">\n\t\t\t\t<div class=\"elementor-widget-container\">\n\t\t\t\t\t<h2 class=\"elementor-heading-title elementor-size-default\">Project examples<\/h2>\t\t\t\t<\/div>\n\t\t\t\t<\/div>\n\t\t\t\t<\/div>\n\t\t<div class=\"elementor-element elementor-element-68eb09e e-con-full e-flex e-con e-child\" data-id=\"68eb09e\" data-element_type=\"container\" data-e-type=\"container\" data-settings=\"{&quot;background_background&quot;:&quot;classic&quot;}\">\n\t\t\t\t<\/div>\n\t\t\t\t<\/div>\n\t\t<div class=\"elementor-element elementor-element-ce2f79c animated-fast e-flex e-con-boxed elementor-invisible e-con e-child\" data-id=\"ce2f79c\" data-element_type=\"container\" data-e-type=\"container\" data-settings=\"{&quot;animation&quot;:&quot;fadeIn&quot;,&quot;animation_delay&quot;:400}\">\n\t\t\t\t\t<div class=\"e-con-inner\">\n\t\t<div class=\"elementor-element elementor-element-841e4ee e-con-full e-flex e-con e-child\" data-id=\"841e4ee\" data-element_type=\"container\" data-e-type=\"container\">\n\t\t<div class=\"elementor-element elementor-element-c1292bf e-con-full e-flex e-con e-child\" data-id=\"c1292bf\" data-element_type=\"container\" data-e-type=\"container\" data-settings=\"{&quot;background_background&quot;:&quot;classic&quot;}\">\n\t\t<div class=\"elementor-element elementor-element-172440a e-con-full e-flex e-con e-child\" data-id=\"172440a\" data-element_type=\"container\" data-e-type=\"container\">\n\t\t\t\t<div class=\"elementor-element elementor-element-7874fb5 elementor-widget elementor-widget-image\" data-id=\"7874fb5\" data-element_type=\"widget\" data-e-type=\"widget\" data-widget_type=\"image.default\">\n\t\t\t\t<div class=\"elementor-widget-container\">\n\t\t\t\t\t\t\t\t\t\t\t\t\t\t\t<img fetchpriority=\"high\" decoding=\"async\" width=\"1472\" height=\"1235\" src=\"https:\/\/nagelgmbh.com\/wp-content\/uploads\/2024\/12\/aussen-nachher-scaled-e1740056825479.jpg\" class=\"attachment-full size-full wp-image-2502\" alt=\"\" srcset=\"https:\/\/nagelgmbh.com\/wp-content\/uploads\/2024\/12\/aussen-nachher-scaled-e1740056825479.jpg 1472w, https:\/\/nagelgmbh.com\/wp-content\/uploads\/2024\/12\/aussen-nachher-scaled-e1740056825479-300x252.jpg 300w, https:\/\/nagelgmbh.com\/wp-content\/uploads\/2024\/12\/aussen-nachher-scaled-e1740056825479-1024x859.jpg 1024w, https:\/\/nagelgmbh.com\/wp-content\/uploads\/2024\/12\/aussen-nachher-scaled-e1740056825479-768x644.jpg 768w\" sizes=\"(max-width: 1472px) 100vw, 1472px\" \/>\t\t\t\t\t\t\t\t\t\t\t\t\t\t\t<\/div>\n\t\t\t\t<\/div>\n\t\t\t\t<\/div>\n\t\t<div class=\"elementor-element elementor-element-ad0006a e-con-full e-flex e-con e-child\" data-id=\"ad0006a\" data-element_type=\"container\" data-e-type=\"container\">\n\t\t\t\t<div class=\"elementor-element elementor-element-eea266c elementor-widget elementor-widget-text-editor\" data-id=\"eea266c\" data-element_type=\"widget\" data-e-type=\"widget\" data-widget_type=\"text-editor.default\">\n\t\t\t\t<div class=\"elementor-widget-container\">\n\t\t\t\t\t\t\t\t\t<p>This property in Bernsaustra\u00dfe in Velbert has been extensively renovated and modernized to meet the highest standards.<\/p>\t\t\t\t\t\t\t\t<\/div>\n\t\t\t\t<\/div>\n\t\t\t\t<\/div>\n\t\t\t\t<div class=\"elementor-element elementor-element-2eefd0d elementor-widget elementor-widget-button\" data-id=\"2eefd0d\" data-element_type=\"widget\" data-e-type=\"widget\" data-widget_type=\"button.default\">\n\t\t\t\t<div class=\"elementor-widget-container\">\n\t\t\t\t\t\t\t\t\t<div class=\"elementor-button-wrapper\">\n\t\t\t\t\t<a class=\"elementor-button elementor-button-link elementor-size-sm\" href=\"https:\/\/nagelgmbh.com\/en\/portfolio-bernsaustr-1-5\/\">\n\t\t\t\t\t\t<span class=\"elementor-button-content-wrapper\">\n\t\t\t\t\t\t\t\t\t<span class=\"elementor-button-text\">View details<\/span>\n\t\t\t\t\t<\/span>\n\t\t\t\t\t<\/a>\n\t\t\t\t<\/div>\n\t\t\t\t\t\t\t\t<\/div>\n\t\t\t\t<\/div>\n\t\t\t\t<\/div>\n\t\t<div class=\"elementor-element elementor-element-0baf4f9 e-con-full e-flex e-con e-child\" data-id=\"0baf4f9\" data-element_type=\"container\" data-e-type=\"container\" data-settings=\"{&quot;background_background&quot;:&quot;classic&quot;}\">\n\t\t<div class=\"elementor-element elementor-element-ad8e571 e-con-full e-flex e-con e-child\" data-id=\"ad8e571\" data-element_type=\"container\" data-e-type=\"container\">\n\t\t\t\t<div class=\"elementor-element elementor-element-17cb6d6 elementor-widget elementor-widget-image\" data-id=\"17cb6d6\" data-element_type=\"widget\" data-e-type=\"widget\" data-widget_type=\"image.default\">\n\t\t\t\t<div class=\"elementor-widget-container\">\n\t\t\t\t\t\t\t\t\t\t\t\t\t\t\t<img decoding=\"async\" width=\"884\" height=\"1248\" src=\"https:\/\/nagelgmbh.com\/wp-content\/uploads\/2025\/03\/WhatsApp-Image-2025-03-25-at-13.49.26.jpeg\" class=\"attachment-full size-full wp-image-3063\" alt=\"\" srcset=\"https:\/\/nagelgmbh.com\/wp-content\/uploads\/2025\/03\/WhatsApp-Image-2025-03-25-at-13.49.26.jpeg 884w, https:\/\/nagelgmbh.com\/wp-content\/uploads\/2025\/03\/WhatsApp-Image-2025-03-25-at-13.49.26-213x300.jpeg 213w, https:\/\/nagelgmbh.com\/wp-content\/uploads\/2025\/03\/WhatsApp-Image-2025-03-25-at-13.49.26-725x1024.jpeg 725w, https:\/\/nagelgmbh.com\/wp-content\/uploads\/2025\/03\/WhatsApp-Image-2025-03-25-at-13.49.26-768x1084.jpeg 768w\" sizes=\"(max-width: 884px) 100vw, 884px\" \/>\t\t\t\t\t\t\t\t\t\t\t\t\t\t\t<\/div>\n\t\t\t\t<\/div>\n\t\t\t\t<\/div>\n\t\t<div class=\"elementor-element elementor-element-77ff639 e-con-full e-flex e-con e-child\" data-id=\"77ff639\" data-element_type=\"container\" data-e-type=\"container\">\n\t\t\t\t<div class=\"elementor-element elementor-element-c6244f4 elementor-widget elementor-widget-text-editor\" data-id=\"c6244f4\" data-element_type=\"widget\" data-e-type=\"widget\" data-widget_type=\"text-editor.default\">\n\t\t\t\t<div class=\"elementor-widget-container\">\n\t\t\t\t\t\t\t\t\t<p>The renovation of this listed property was carried out with great attention to historical details and sustainable improvements.<\/p>\t\t\t\t\t\t\t\t<\/div>\n\t\t\t\t<\/div>\n\t\t\t\t<\/div>\n\t\t\t\t<div class=\"elementor-element elementor-element-92db4a4 elementor-widget elementor-widget-button\" data-id=\"92db4a4\" data-element_type=\"widget\" data-e-type=\"widget\" data-widget_type=\"button.default\">\n\t\t\t\t<div class=\"elementor-widget-container\">\n\t\t\t\t\t\t\t\t\t<div class=\"elementor-button-wrapper\">\n\t\t\t\t\t<a class=\"elementor-button elementor-button-link elementor-size-sm\" href=\"https:\/\/nagelgmbh.com\/en\/portfolio-bonsfelder-str-25\/\">\n\t\t\t\t\t\t<span class=\"elementor-button-content-wrapper\">\n\t\t\t\t\t\t\t\t\t<span class=\"elementor-button-text\">View details<\/span>\n\t\t\t\t\t<\/span>\n\t\t\t\t\t<\/a>\n\t\t\t\t<\/div>\n\t\t\t\t\t\t\t\t<\/div>\n\t\t\t\t<\/div>\n\t\t\t\t<\/div>\n\t\t<div class=\"elementor-element elementor-element-0c40268 e-con-full e-flex e-con e-child\" data-id=\"0c40268\" data-element_type=\"container\" data-e-type=\"container\" data-settings=\"{&quot;background_background&quot;:&quot;classic&quot;}\">\n\t\t<div class=\"elementor-element elementor-element-f61bb30 e-con-full e-flex e-con e-child\" data-id=\"f61bb30\" data-element_type=\"container\" data-e-type=\"container\">\n\t\t\t\t<div class=\"elementor-element elementor-element-44123f7 elementor-widget elementor-widget-image\" data-id=\"44123f7\" data-element_type=\"widget\" data-e-type=\"widget\" data-widget_type=\"image.default\">\n\t\t\t\t<div class=\"elementor-widget-container\">\n\t\t\t\t\t\t\t\t\t\t\t\t\t\t\t<img decoding=\"async\" width=\"2560\" height=\"1920\" src=\"https:\/\/nagelgmbh.com\/wp-content\/uploads\/2025\/01\/20230616_160039-scaled.jpg\" class=\"attachment-full size-full wp-image-2733\" alt=\"\" srcset=\"https:\/\/nagelgmbh.com\/wp-content\/uploads\/2025\/01\/20230616_160039-scaled.jpg 2560w, https:\/\/nagelgmbh.com\/wp-content\/uploads\/2025\/01\/20230616_160039-300x225.jpg 300w, https:\/\/nagelgmbh.com\/wp-content\/uploads\/2025\/01\/20230616_160039-1024x768.jpg 1024w, https:\/\/nagelgmbh.com\/wp-content\/uploads\/2025\/01\/20230616_160039-768x576.jpg 768w, https:\/\/nagelgmbh.com\/wp-content\/uploads\/2025\/01\/20230616_160039-1536x1152.jpg 1536w, https:\/\/nagelgmbh.com\/wp-content\/uploads\/2025\/01\/20230616_160039-2048x1536.jpg 2048w\" sizes=\"(max-width: 2560px) 100vw, 2560px\" \/>\t\t\t\t\t\t\t\t\t\t\t\t\t\t\t<\/div>\n\t\t\t\t<\/div>\n\t\t\t\t<\/div>\n\t\t<div class=\"elementor-element elementor-element-b61b080 e-con-full e-flex e-con e-child\" data-id=\"b61b080\" data-element_type=\"container\" data-e-type=\"container\">\n\t\t\t\t<div class=\"elementor-element elementor-element-aefd32b elementor-widget elementor-widget-text-editor\" data-id=\"aefd32b\" data-element_type=\"widget\" data-e-type=\"widget\" data-widget_type=\"text-editor.default\">\n\t\t\t\t<div class=\"elementor-widget-container\">\n\t\t\t\t\t\t\t\t\t<p>Comprehensive measures to revitalize and preserve the historical character of the oldest restaurant still in operation in NRW.<\/p>\t\t\t\t\t\t\t\t<\/div>\n\t\t\t\t<\/div>\n\t\t\t\t<\/div>\n\t\t\t\t<div class=\"elementor-element elementor-element-ab0f8b6 elementor-widget elementor-widget-button\" data-id=\"ab0f8b6\" data-element_type=\"widget\" data-e-type=\"widget\" data-widget_type=\"button.default\">\n\t\t\t\t<div class=\"elementor-widget-container\">\n\t\t\t\t\t\t\t\t\t<div class=\"elementor-button-wrapper\">\n\t\t\t\t\t<a class=\"elementor-button elementor-button-link elementor-size-sm\" href=\"https:\/\/nagelgmbh.com\/en\/portfolio-donnerstrasse-2\/\">\n\t\t\t\t\t\t<span class=\"elementor-button-content-wrapper\">\n\t\t\t\t\t\t\t\t\t<span class=\"elementor-button-text\">View details<\/span>\n\t\t\t\t\t<\/span>\n\t\t\t\t\t<\/a>\n\t\t\t\t<\/div>\n\t\t\t\t\t\t\t\t<\/div>\n\t\t\t\t<\/div>\n\t\t\t\t<\/div>\n\t\t<div class=\"elementor-element elementor-element-4e5d7d6 e-con-full e-flex e-con e-child\" data-id=\"4e5d7d6\" data-element_type=\"container\" data-e-type=\"container\" data-settings=\"{&quot;background_background&quot;:&quot;classic&quot;}\">\n\t\t<div class=\"elementor-element elementor-element-984a545 e-con-full e-flex e-con e-child\" data-id=\"984a545\" data-element_type=\"container\" data-e-type=\"container\">\n\t\t\t\t<div class=\"elementor-element elementor-element-b2f27cc elementor-widget elementor-widget-image\" data-id=\"b2f27cc\" data-element_type=\"widget\" data-e-type=\"widget\" data-widget_type=\"image.default\">\n\t\t\t\t<div class=\"elementor-widget-container\">\n\t\t\t\t\t\t\t\t\t\t\t\t\t\t\t<img loading=\"lazy\" decoding=\"async\" width=\"1920\" height=\"2560\" src=\"https:\/\/nagelgmbh.com\/wp-content\/uploads\/2025\/01\/20231027_160045-scaled.jpg\" class=\"attachment-full size-full wp-image-2865\" alt=\"\" srcset=\"https:\/\/nagelgmbh.com\/wp-content\/uploads\/2025\/01\/20231027_160045-scaled.jpg 1920w, https:\/\/nagelgmbh.com\/wp-content\/uploads\/2025\/01\/20231027_160045-225x300.jpg 225w, https:\/\/nagelgmbh.com\/wp-content\/uploads\/2025\/01\/20231027_160045-768x1024.jpg 768w, https:\/\/nagelgmbh.com\/wp-content\/uploads\/2025\/01\/20231027_160045-1152x1536.jpg 1152w, https:\/\/nagelgmbh.com\/wp-content\/uploads\/2025\/01\/20231027_160045-1536x2048.jpg 1536w\" sizes=\"(max-width: 1920px) 100vw, 1920px\" \/>\t\t\t\t\t\t\t\t\t\t\t\t\t\t\t<\/div>\n\t\t\t\t<\/div>\n\t\t\t\t<\/div>\n\t\t<div class=\"elementor-element elementor-element-dfb4e3e e-con-full e-flex e-con e-child\" data-id=\"dfb4e3e\" data-element_type=\"container\" data-e-type=\"container\">\n\t\t\t\t<div class=\"elementor-element elementor-element-0b7138c elementor-widget elementor-widget-text-editor\" data-id=\"0b7138c\" data-element_type=\"widget\" data-e-type=\"widget\" data-widget_type=\"text-editor.default\">\n\t\t\t\t<div class=\"elementor-widget-container\">\n\t\t\t\t\t\t\t\t\t<p>In addition to modernizing the technical installations, high-quality materials were used to create a stylish and contemporary living ambience.<\/p>\t\t\t\t\t\t\t\t<\/div>\n\t\t\t\t<\/div>\n\t\t\t\t<\/div>\n\t\t\t\t<div class=\"elementor-element elementor-element-8d6e08b elementor-widget elementor-widget-button\" data-id=\"8d6e08b\" data-element_type=\"widget\" data-e-type=\"widget\" data-widget_type=\"button.default\">\n\t\t\t\t<div class=\"elementor-widget-container\">\n\t\t\t\t\t\t\t\t\t<div class=\"elementor-button-wrapper\">\n\t\t\t\t\t<a class=\"elementor-button elementor-button-link elementor-size-sm\" href=\"https:\/\/nagelgmbh.com\/en\/portfolio-heidestrasse-4-8-and-mettmanner-strasse-66\/\">\n\t\t\t\t\t\t<span class=\"elementor-button-content-wrapper\">\n\t\t\t\t\t\t\t\t\t<span class=\"elementor-button-text\">View details<\/span>\n\t\t\t\t\t<\/span>\n\t\t\t\t\t<\/a>\n\t\t\t\t<\/div>\n\t\t\t\t\t\t\t\t<\/div>\n\t\t\t\t<\/div>\n\t\t\t\t<\/div>\n\t\t\t\t<\/div>\n\t\t\t\t\t<\/div>\n\t\t\t\t<\/div>\n\t\t\t\t<\/div>\n\t\t\t\t<\/div>\n\t\t","protected":false},"excerpt":{"rendered":"<p>Project examples This property in Bernsaustra\u00dfe in Velbert has been extensively renovated and modernized to meet the highest standards. View details The renovation of this listed property was carried out with great attention to historical details and sustainable improvements. View details Comprehensive measures to revitalize and preserve the historical character of the oldest restaurant still [&hellip;]<\/p>\n","protected":false},"author":1,"featured_media":0,"parent":0,"menu_order":0,"comment_status":"closed","ping_status":"closed","template":"","meta":{"footnotes":""},"class_list":["post-3130","page","type-page","status-publish","hentry"],"yoast_head":"<!-- This site is optimized with the Yoast SEO plugin v25.1 - https:\/\/yoast.com\/wordpress\/plugins\/seo\/ -->\n<title>Investment portfolio - Verm\u00f6gensverwaltung Nagel GmbH<\/title>\n<meta name=\"robots\" content=\"index, follow, max-snippet:-1, max-image-preview:large, max-video-preview:-1\" \/>\n<link rel=\"canonical\" href=\"https:\/\/nagelgmbh.com\/en\/investment-portfolio\/\" \/>\n<meta property=\"og:locale\" content=\"en_US\" \/>\n<meta property=\"og:type\" content=\"article\" \/>\n<meta property=\"og:title\" content=\"Investment portfolio - Verm\u00f6gensverwaltung Nagel GmbH\" \/>\n<meta property=\"og:description\" content=\"Project examples This property in Bernsaustra\u00dfe in Velbert has been extensively renovated and modernized to meet the highest standards. View details The renovation of this listed property was carried out with great attention to historical details and sustainable improvements. View details Comprehensive measures to revitalize and preserve the historical character of the oldest restaurant still [&hellip;]\" \/>\n<meta property=\"og:url\" content=\"https:\/\/nagelgmbh.com\/en\/investment-portfolio\/\" \/>\n<meta property=\"og:site_name\" content=\"Verm\u00f6gensverwaltung Nagel GmbH\" \/>\n<meta property=\"article:modified_time\" content=\"2025-05-15T19:08:58+00:00\" \/>\n<meta property=\"og:image\" content=\"https:\/\/nagelgmbh.com\/wp-content\/uploads\/2024\/12\/aussen-nachher-scaled-e1740056825479.jpg\" \/>\n<meta name=\"twitter:card\" content=\"summary_large_image\" \/>\n<script type=\"application\/ld+json\" class=\"yoast-schema-graph\">{\"@context\":\"https:\/\/schema.org\",\"@graph\":[{\"@type\":\"WebPage\",\"@id\":\"https:\/\/nagelgmbh.com\/en\/investment-portfolio\/\",\"url\":\"https:\/\/nagelgmbh.com\/en\/investment-portfolio\/\",\"name\":\"Investment portfolio - Verm\u00f6gensverwaltung Nagel GmbH\",\"isPartOf\":{\"@id\":\"https:\/\/nagelgmbh.com\/en\/#website\"},\"primaryImageOfPage\":{\"@id\":\"https:\/\/nagelgmbh.com\/en\/investment-portfolio\/#primaryimage\"},\"image\":{\"@id\":\"https:\/\/nagelgmbh.com\/en\/investment-portfolio\/#primaryimage\"},\"thumbnailUrl\":\"https:\/\/nagelgmbh.com\/wp-content\/uploads\/2024\/12\/aussen-nachher-scaled-e1740056825479.jpg\",\"datePublished\":\"2025-01-27T11:59:07+00:00\",\"dateModified\":\"2025-05-15T19:08:58+00:00\",\"breadcrumb\":{\"@id\":\"https:\/\/nagelgmbh.com\/en\/investment-portfolio\/#breadcrumb\"},\"inLanguage\":\"en-US\",\"potentialAction\":[{\"@type\":\"ReadAction\",\"target\":[\"https:\/\/nagelgmbh.com\/en\/investment-portfolio\/\"]}]},{\"@type\":\"ImageObject\",\"inLanguage\":\"en-US\",\"@id\":\"https:\/\/nagelgmbh.com\/en\/investment-portfolio\/#primaryimage\",\"url\":\"https:\/\/nagelgmbh.com\/wp-content\/uploads\/2024\/12\/aussen-nachher-scaled-e1740056825479.jpg\",\"contentUrl\":\"https:\/\/nagelgmbh.com\/wp-content\/uploads\/2024\/12\/aussen-nachher-scaled-e1740056825479.jpg\"},{\"@type\":\"BreadcrumbList\",\"@id\":\"https:\/\/nagelgmbh.com\/en\/investment-portfolio\/#breadcrumb\",\"itemListElement\":[{\"@type\":\"ListItem\",\"position\":1,\"name\":\"Startseite\",\"item\":\"https:\/\/nagelgmbh.com\/en\/\"},{\"@type\":\"ListItem\",\"position\":2,\"name\":\"Investment portfolio\"}]},{\"@type\":\"WebSite\",\"@id\":\"https:\/\/nagelgmbh.com\/en\/#website\",\"url\":\"https:\/\/nagelgmbh.com\/en\/\",\"name\":\"Verm\u00f6gensverwaltung Nagel GmbH\",\"description\":\"Verm\u00f6gensverwaltung und Immobilien D\u00fcsseldorf\",\"publisher\":{\"@id\":\"https:\/\/nagelgmbh.com\/en\/#organization\"},\"potentialAction\":[{\"@type\":\"SearchAction\",\"target\":{\"@type\":\"EntryPoint\",\"urlTemplate\":\"https:\/\/nagelgmbh.com\/en\/?s={search_term_string}\"},\"query-input\":{\"@type\":\"PropertyValueSpecification\",\"valueRequired\":true,\"valueName\":\"search_term_string\"}}],\"inLanguage\":\"en-US\"},{\"@type\":\"Organization\",\"@id\":\"https:\/\/nagelgmbh.com\/en\/#organization\",\"name\":\"Verm\u00f6gensverwaltung Nagel GmbH\",\"url\":\"https:\/\/nagelgmbh.com\/en\/\",\"logo\":{\"@type\":\"ImageObject\",\"inLanguage\":\"en-US\",\"@id\":\"https:\/\/nagelgmbh.com\/en\/#\/schema\/logo\/image\/\",\"url\":\"https:\/\/nagelgmbh.com\/wp-content\/uploads\/2025\/01\/Logo.png\",\"contentUrl\":\"https:\/\/nagelgmbh.com\/wp-content\/uploads\/2025\/01\/Logo.png\",\"width\":493,\"height\":172,\"caption\":\"Verm\u00f6gensverwaltung Nagel GmbH\"},\"image\":{\"@id\":\"https:\/\/nagelgmbh.com\/en\/#\/schema\/logo\/image\/\"}}]}<\/script>\n<!-- \/ Yoast SEO plugin. -->","yoast_head_json":{"title":"Investment portfolio - Verm\u00f6gensverwaltung Nagel GmbH","robots":{"index":"index","follow":"follow","max-snippet":"max-snippet:-1","max-image-preview":"max-image-preview:large","max-video-preview":"max-video-preview:-1"},"canonical":"https:\/\/nagelgmbh.com\/en\/investment-portfolio\/","og_locale":"en_US","og_type":"article","og_title":"Investment portfolio - Verm\u00f6gensverwaltung Nagel GmbH","og_description":"Project examples This property in Bernsaustra\u00dfe in Velbert has been extensively renovated and modernized to meet the highest standards. View details The renovation of this listed property was carried out with great attention to historical details and sustainable improvements. View details Comprehensive measures to revitalize and preserve the historical character of the oldest restaurant still [&hellip;]","og_url":"https:\/\/nagelgmbh.com\/en\/investment-portfolio\/","og_site_name":"Verm\u00f6gensverwaltung Nagel GmbH","article_modified_time":"2025-05-15T19:08:58+00:00","og_image":[{"url":"https:\/\/nagelgmbh.com\/wp-content\/uploads\/2024\/12\/aussen-nachher-scaled-e1740056825479.jpg","type":"","width":"","height":""}],"twitter_card":"summary_large_image","schema":{"@context":"https:\/\/schema.org","@graph":[{"@type":"WebPage","@id":"https:\/\/nagelgmbh.com\/en\/investment-portfolio\/","url":"https:\/\/nagelgmbh.com\/en\/investment-portfolio\/","name":"Investment portfolio - Verm\u00f6gensverwaltung Nagel GmbH","isPartOf":{"@id":"https:\/\/nagelgmbh.com\/en\/#website"},"primaryImageOfPage":{"@id":"https:\/\/nagelgmbh.com\/en\/investment-portfolio\/#primaryimage"},"image":{"@id":"https:\/\/nagelgmbh.com\/en\/investment-portfolio\/#primaryimage"},"thumbnailUrl":"https:\/\/nagelgmbh.com\/wp-content\/uploads\/2024\/12\/aussen-nachher-scaled-e1740056825479.jpg","datePublished":"2025-01-27T11:59:07+00:00","dateModified":"2025-05-15T19:08:58+00:00","breadcrumb":{"@id":"https:\/\/nagelgmbh.com\/en\/investment-portfolio\/#breadcrumb"},"inLanguage":"en-US","potentialAction":[{"@type":"ReadAction","target":["https:\/\/nagelgmbh.com\/en\/investment-portfolio\/"]}]},{"@type":"ImageObject","inLanguage":"en-US","@id":"https:\/\/nagelgmbh.com\/en\/investment-portfolio\/#primaryimage","url":"https:\/\/nagelgmbh.com\/wp-content\/uploads\/2024\/12\/aussen-nachher-scaled-e1740056825479.jpg","contentUrl":"https:\/\/nagelgmbh.com\/wp-content\/uploads\/2024\/12\/aussen-nachher-scaled-e1740056825479.jpg"},{"@type":"BreadcrumbList","@id":"https:\/\/nagelgmbh.com\/en\/investment-portfolio\/#breadcrumb","itemListElement":[{"@type":"ListItem","position":1,"name":"Startseite","item":"https:\/\/nagelgmbh.com\/en\/"},{"@type":"ListItem","position":2,"name":"Investment portfolio"}]},{"@type":"WebSite","@id":"https:\/\/nagelgmbh.com\/en\/#website","url":"https:\/\/nagelgmbh.com\/en\/","name":"Verm\u00f6gensverwaltung Nagel GmbH","description":"Verm\u00f6gensverwaltung und Immobilien D\u00fcsseldorf","publisher":{"@id":"https:\/\/nagelgmbh.com\/en\/#organization"},"potentialAction":[{"@type":"SearchAction","target":{"@type":"EntryPoint","urlTemplate":"https:\/\/nagelgmbh.com\/en\/?s={search_term_string}"},"query-input":{"@type":"PropertyValueSpecification","valueRequired":true,"valueName":"search_term_string"}}],"inLanguage":"en-US"},{"@type":"Organization","@id":"https:\/\/nagelgmbh.com\/en\/#organization","name":"Verm\u00f6gensverwaltung Nagel GmbH","url":"https:\/\/nagelgmbh.com\/en\/","logo":{"@type":"ImageObject","inLanguage":"en-US","@id":"https:\/\/nagelgmbh.com\/en\/#\/schema\/logo\/image\/","url":"https:\/\/nagelgmbh.com\/wp-content\/uploads\/2025\/01\/Logo.png","contentUrl":"https:\/\/nagelgmbh.com\/wp-content\/uploads\/2025\/01\/Logo.png","width":493,"height":172,"caption":"Verm\u00f6gensverwaltung Nagel GmbH"},"image":{"@id":"https:\/\/nagelgmbh.com\/en\/#\/schema\/logo\/image\/"}}]}},"_links":{"self":[{"href":"https:\/\/nagelgmbh.com\/en\/wp-json\/wp\/v2\/pages\/3130","targetHints":{"allow":["GET"]}}],"collection":[{"href":"https:\/\/nagelgmbh.com\/en\/wp-json\/wp\/v2\/pages"}],"about":[{"href":"https:\/\/nagelgmbh.com\/en\/wp-json\/wp\/v2\/types\/page"}],"author":[{"embeddable":true,"href":"https:\/\/nagelgmbh.com\/en\/wp-json\/wp\/v2\/users\/1"}],"replies":[{"embeddable":true,"href":"https:\/\/nagelgmbh.com\/en\/wp-json\/wp\/v2\/comments?post=3130"}],"version-history":[{"count":5,"href":"https:\/\/nagelgmbh.com\/en\/wp-json\/wp\/v2\/pages\/3130\/revisions"}],"predecessor-version":[{"id":3573,"href":"https:\/\/nagelgmbh.com\/en\/wp-json\/wp\/v2\/pages\/3130\/revisions\/3573"}],"wp:attachment":[{"href":"https:\/\/nagelgmbh.com\/en\/wp-json\/wp\/v2\/media?parent=3130"}],"curies":[{"name":"wp","href":"https:\/\/api.w.org\/{rel}","templated":true}]}}