{"id":3139,"date":"2025-01-04T17:44:02","date_gmt":"2025-01-04T16:44:02","guid":{"rendered":"https:\/\/nagelgmbh.com\/about-us\/"},"modified":"2025-05-25T17:45:11","modified_gmt":"2025-05-25T15:45:11","slug":"about-us","status":"publish","type":"page","link":"https:\/\/nagelgmbh.com\/en\/about-us\/","title":{"rendered":"About us"},"content":{"rendered":"\t\t<div data-elementor-type=\"wp-page\" data-elementor-id=\"3139\" class=\"elementor elementor-3139 elementor-725\" data-elementor-post-type=\"page\">\n\t\t\t\t<div class=\"elementor-element elementor-element-90eb10a e-con-full e-flex e-con e-parent\" data-id=\"90eb10a\" data-element_type=\"container\" data-e-type=\"container\">\n\t\t<div class=\"elementor-element elementor-element-da0c8dd e-con-full animated-fast e-flex elementor-invisible e-con e-child\" data-id=\"da0c8dd\" data-element_type=\"container\" data-e-type=\"container\" data-settings=\"{&quot;background_background&quot;:&quot;classic&quot;,&quot;animation&quot;:&quot;fadeIn&quot;,&quot;animation_delay&quot;:0}\">\n\t\t<div class=\"elementor-element elementor-element-b5168da e-con-full animated-fast e-flex elementor-invisible e-con e-child\" data-id=\"b5168da\" data-element_type=\"container\" data-e-type=\"container\" data-settings=\"{&quot;animation&quot;:&quot;fadeIn&quot;,&quot;animation_delay&quot;:200}\">\n\t\t\t\t<div class=\"elementor-element elementor-element-75a8c83 elementor-widget elementor-widget-heading\" data-id=\"75a8c83\" data-element_type=\"widget\" data-e-type=\"widget\" data-widget_type=\"heading.default\">\n\t\t\t\t<div class=\"elementor-widget-container\">\n\t\t\t\t\t<h2 class=\"elementor-heading-title elementor-size-default\">About us<\/h2>\t\t\t\t<\/div>\n\t\t\t\t<\/div>\n\t\t\t\t<\/div>\n\t\t<div class=\"elementor-element elementor-element-07bb678 e-con-full e-flex e-con e-child\" data-id=\"07bb678\" data-element_type=\"container\" data-e-type=\"container\" data-settings=\"{&quot;background_background&quot;:&quot;classic&quot;}\">\n\t\t\t\t<\/div>\n\t\t\t\t<\/div>\n\t\t<div class=\"elementor-element elementor-element-62452c7 animated-fast e-flex e-con-boxed elementor-invisible e-con e-child\" data-id=\"62452c7\" data-element_type=\"container\" data-e-type=\"container\" data-settings=\"{&quot;background_background&quot;:&quot;classic&quot;,&quot;animation&quot;:&quot;fadeIn&quot;,&quot;animation_delay&quot;:400}\">\n\t\t\t\t\t<div class=\"e-con-inner\">\n\t\t<div class=\"elementor-element elementor-element-c9c352e e-con-full e-flex e-con e-child\" data-id=\"c9c352e\" data-element_type=\"container\" data-e-type=\"container\">\n\t\t<div class=\"elementor-element elementor-element-f7d55ab e-con-full e-flex e-con e-child\" data-id=\"f7d55ab\" data-element_type=\"container\" data-e-type=\"container\">\n\t\t\t\t<div class=\"elementor-element elementor-element-c662969 elementor-widget elementor-widget-heading\" data-id=\"c662969\" data-element_type=\"widget\" data-e-type=\"widget\" data-widget_type=\"heading.default\">\n\t\t\t\t<div class=\"elementor-widget-container\">\n\t\t\t\t\t<h2 class=\"elementor-heading-title elementor-size-default\">Our history<\/h2>\t\t\t\t<\/div>\n\t\t\t\t<\/div>\n\t\t\t\t<div class=\"elementor-element elementor-element-3b1bd96 elementor-widget elementor-widget-text-editor\" data-id=\"3b1bd96\" data-element_type=\"widget\" data-e-type=\"widget\" data-widget_type=\"text-editor.default\">\n\t\t\t\t<div class=\"elementor-widget-container\">\n\t\t\t\t\t\t\t\t\t<p><\/p>\n<p class=\"p1\">In 1982, Mr. Peter Nagel founded NASA Immobilien GbR as a real estate agency. In 1997, this became Immobilien Nagel GmbH and the Verm\u00f6gensverwaltung Nagel GmbH was founded. Mr. Peter Nagel has created a family business that has been operating successfully in the real estate sector for over 43 years.<\/p>\n<p class=\"p1\">In 2004, his son Dennis Nagel took over the management of the Verm\u00f6gensverwaltung Nagel GmbH and expanded the company to include the renovation of old buildings and real estate investment.<\/p>\t\t\t\t\t\t\t\t<\/div>\n\t\t\t\t<\/div>\n\t\t\t\t<\/div>\n\t\t<div class=\"elementor-element elementor-element-9e22ac0 e-con-full e-flex e-con e-child\" data-id=\"9e22ac0\" data-element_type=\"container\" data-e-type=\"container\" data-settings=\"{&quot;background_background&quot;:&quot;classic&quot;}\">\n\t\t\t\t<\/div>\n\t\t<div class=\"elementor-element elementor-element-0fee13e e-con-full e-flex e-con e-child\" data-id=\"0fee13e\" data-element_type=\"container\" data-e-type=\"container\" data-settings=\"{&quot;background_background&quot;:&quot;classic&quot;}\">\n\t\t\t\t<\/div>\n\t\t\t\t<\/div>\n\t\t\t\t\t<\/div>\n\t\t\t\t<\/div>\n\t\t<div class=\"elementor-element elementor-element-f4dd80f e-flex e-con-boxed e-con e-child\" data-id=\"f4dd80f\" data-element_type=\"container\" data-e-type=\"container\">\n\t\t\t\t\t<div class=\"e-con-inner\">\n\t\t<div class=\"elementor-element elementor-element-534e3b8 e-con-full e-flex e-con e-child\" data-id=\"534e3b8\" data-element_type=\"container\" data-e-type=\"container\" data-settings=\"{&quot;background_background&quot;:&quot;classic&quot;}\">\n\t\t<div class=\"elementor-element elementor-element-f2b3176 e-con-full e-flex e-con e-child\" data-id=\"f2b3176\" data-element_type=\"container\" data-e-type=\"container\">\n\t\t<div class=\"elementor-element elementor-element-5ecae97 e-con-full e-flex e-con e-child\" data-id=\"5ecae97\" data-element_type=\"container\" data-e-type=\"container\">\n\t\t<div class=\"elementor-element elementor-element-301a7b3 e-con-full e-flex e-con e-child\" data-id=\"301a7b3\" data-element_type=\"container\" data-e-type=\"container\" data-settings=\"{&quot;background_background&quot;:&quot;classic&quot;}\">\n\t\t\t\t<div class=\"elementor-element elementor-element-2d8ffc7 elementor-widget elementor-widget-image\" data-id=\"2d8ffc7\" data-element_type=\"widget\" data-e-type=\"widget\" data-widget_type=\"image.default\">\n\t\t\t\t<div class=\"elementor-widget-container\">\n\t\t\t\t\t\t\t\t\t\t\t\t\t\t\t<img fetchpriority=\"high\" decoding=\"async\" width=\"205\" height=\"300\" src=\"https:\/\/nagelgmbh.com\/wp-content\/uploads\/2025\/05\/20250525_173032-205x300.jpg\" class=\"attachment-medium size-medium wp-image-3870\" alt=\"\" srcset=\"https:\/\/nagelgmbh.com\/wp-content\/uploads\/2025\/05\/20250525_173032-205x300.jpg 205w, https:\/\/nagelgmbh.com\/wp-content\/uploads\/2025\/05\/20250525_173032-701x1024.jpg 701w, https:\/\/nagelgmbh.com\/wp-content\/uploads\/2025\/05\/20250525_173032-768x1121.jpg 768w, https:\/\/nagelgmbh.com\/wp-content\/uploads\/2025\/05\/20250525_173032-1052x1536.jpg 1052w, https:\/\/nagelgmbh.com\/wp-content\/uploads\/2025\/05\/20250525_173032-1403x2048.jpg 1403w, https:\/\/nagelgmbh.com\/wp-content\/uploads\/2025\/05\/20250525_173032-scaled.jpg 1753w\" sizes=\"(max-width: 205px) 100vw, 205px\" \/>\t\t\t\t\t\t\t\t\t\t\t\t\t\t\t<\/div>\n\t\t\t\t<\/div>\n\t\t\t\t<div class=\"elementor-element elementor-element-6bee538 elementor-widget elementor-widget-heading\" data-id=\"6bee538\" data-element_type=\"widget\" data-e-type=\"widget\" data-widget_type=\"heading.default\">\n\t\t\t\t<div class=\"elementor-widget-container\">\n\t\t\t\t\t<h5 class=\"elementor-heading-title elementor-size-default\"><br>Managing Director<br>Dennis Nagel<br>  <\/h5>\t\t\t\t<\/div>\n\t\t\t\t<\/div>\n\t\t\t\t<\/div>\n\t\t\t\t<\/div>\n\t\t\t\t<\/div>\n\t\t\t\t<\/div>\n\t\t\t\t\t<\/div>\n\t\t\t\t<\/div>\n\t\t\t\t<\/div>\n\t\t\t\t<\/div>\n\t\t","protected":false},"excerpt":{"rendered":"<p>About us Our history In 1982, Mr. Peter Nagel founded NASA Immobilien GbR as a real estate agency. In 1997, this became Immobilien Nagel GmbH and the Verm\u00f6gensverwaltung Nagel GmbH was founded. Mr. Peter Nagel has created a family business that has been operating successfully in the real estate sector for over 43 years. In [&hellip;]<\/p>\n","protected":false},"author":1,"featured_media":0,"parent":0,"menu_order":0,"comment_status":"closed","ping_status":"closed","template":"","meta":{"footnotes":""},"class_list":["post-3139","page","type-page","status-publish","hentry"],"yoast_head":"<!-- This site is optimized with the Yoast SEO plugin v25.1 - https:\/\/yoast.com\/wordpress\/plugins\/seo\/ -->\n<title>About us - Verm\u00f6gensverwaltung Nagel GmbH<\/title>\n<meta name=\"robots\" content=\"index, follow, max-snippet:-1, max-image-preview:large, max-video-preview:-1\" \/>\n<link rel=\"canonical\" href=\"https:\/\/nagelgmbh.com\/en\/about-us\/\" \/>\n<meta property=\"og:locale\" content=\"en_US\" \/>\n<meta property=\"og:type\" content=\"article\" \/>\n<meta property=\"og:title\" content=\"About us - Verm\u00f6gensverwaltung Nagel GmbH\" \/>\n<meta property=\"og:description\" content=\"About us Our history In 1982, Mr. Peter Nagel founded NASA Immobilien GbR as a real estate agency. In 1997, this became Immobilien Nagel GmbH and the Verm\u00f6gensverwaltung Nagel GmbH was founded. Mr. Peter Nagel has created a family business that has been operating successfully in the real estate sector for over 43 years. In [&hellip;]\" \/>\n<meta property=\"og:url\" content=\"https:\/\/nagelgmbh.com\/en\/about-us\/\" \/>\n<meta property=\"og:site_name\" content=\"Verm\u00f6gensverwaltung Nagel GmbH\" \/>\n<meta property=\"article:modified_time\" content=\"2025-05-25T15:45:11+00:00\" \/>\n<meta property=\"og:image\" content=\"https:\/\/nagelgmbh.com\/wp-content\/uploads\/2025\/05\/20250525_173032-scaled.jpg\" \/>\n\t<meta property=\"og:image:width\" content=\"1753\" \/>\n\t<meta property=\"og:image:height\" content=\"2560\" \/>\n\t<meta property=\"og:image:type\" content=\"image\/jpeg\" \/>\n<meta name=\"twitter:card\" content=\"summary_large_image\" \/>\n<script type=\"application\/ld+json\" class=\"yoast-schema-graph\">{\"@context\":\"https:\/\/schema.org\",\"@graph\":[{\"@type\":\"WebPage\",\"@id\":\"https:\/\/nagelgmbh.com\/en\/about-us\/\",\"url\":\"https:\/\/nagelgmbh.com\/en\/about-us\/\",\"name\":\"About us - Verm\u00f6gensverwaltung Nagel GmbH\",\"isPartOf\":{\"@id\":\"https:\/\/nagelgmbh.com\/en\/#website\"},\"primaryImageOfPage\":{\"@id\":\"https:\/\/nagelgmbh.com\/en\/about-us\/#primaryimage\"},\"image\":{\"@id\":\"https:\/\/nagelgmbh.com\/en\/about-us\/#primaryimage\"},\"thumbnailUrl\":\"https:\/\/nagelgmbh.com\/wp-content\/uploads\/2025\/05\/20250525_173032-205x300.jpg\",\"datePublished\":\"2025-01-04T16:44:02+00:00\",\"dateModified\":\"2025-05-25T15:45:11+00:00\",\"breadcrumb\":{\"@id\":\"https:\/\/nagelgmbh.com\/en\/about-us\/#breadcrumb\"},\"inLanguage\":\"en-US\",\"potentialAction\":[{\"@type\":\"ReadAction\",\"target\":[\"https:\/\/nagelgmbh.com\/en\/about-us\/\"]}]},{\"@type\":\"ImageObject\",\"inLanguage\":\"en-US\",\"@id\":\"https:\/\/nagelgmbh.com\/en\/about-us\/#primaryimage\",\"url\":\"https:\/\/nagelgmbh.com\/wp-content\/uploads\/2025\/05\/20250525_173032-205x300.jpg\",\"contentUrl\":\"https:\/\/nagelgmbh.com\/wp-content\/uploads\/2025\/05\/20250525_173032-205x300.jpg\"},{\"@type\":\"BreadcrumbList\",\"@id\":\"https:\/\/nagelgmbh.com\/en\/about-us\/#breadcrumb\",\"itemListElement\":[{\"@type\":\"ListItem\",\"position\":1,\"name\":\"Startseite\",\"item\":\"https:\/\/nagelgmbh.com\/en\/\"},{\"@type\":\"ListItem\",\"position\":2,\"name\":\"About us\"}]},{\"@type\":\"WebSite\",\"@id\":\"https:\/\/nagelgmbh.com\/en\/#website\",\"url\":\"https:\/\/nagelgmbh.com\/en\/\",\"name\":\"Verm\u00f6gensverwaltung Nagel GmbH\",\"description\":\"Verm\u00f6gensverwaltung und Immobilien D\u00fcsseldorf\",\"publisher\":{\"@id\":\"https:\/\/nagelgmbh.com\/en\/#organization\"},\"potentialAction\":[{\"@type\":\"SearchAction\",\"target\":{\"@type\":\"EntryPoint\",\"urlTemplate\":\"https:\/\/nagelgmbh.com\/en\/?s={search_term_string}\"},\"query-input\":{\"@type\":\"PropertyValueSpecification\",\"valueRequired\":true,\"valueName\":\"search_term_string\"}}],\"inLanguage\":\"en-US\"},{\"@type\":\"Organization\",\"@id\":\"https:\/\/nagelgmbh.com\/en\/#organization\",\"name\":\"Verm\u00f6gensverwaltung Nagel GmbH\",\"url\":\"https:\/\/nagelgmbh.com\/en\/\",\"logo\":{\"@type\":\"ImageObject\",\"inLanguage\":\"en-US\",\"@id\":\"https:\/\/nagelgmbh.com\/en\/#\/schema\/logo\/image\/\",\"url\":\"https:\/\/nagelgmbh.com\/wp-content\/uploads\/2025\/01\/Logo.png\",\"contentUrl\":\"https:\/\/nagelgmbh.com\/wp-content\/uploads\/2025\/01\/Logo.png\",\"width\":493,\"height\":172,\"caption\":\"Verm\u00f6gensverwaltung Nagel GmbH\"},\"image\":{\"@id\":\"https:\/\/nagelgmbh.com\/en\/#\/schema\/logo\/image\/\"}}]}<\/script>\n<!-- \/ Yoast SEO plugin. -->","yoast_head_json":{"title":"About us - Verm\u00f6gensverwaltung Nagel GmbH","robots":{"index":"index","follow":"follow","max-snippet":"max-snippet:-1","max-image-preview":"max-image-preview:large","max-video-preview":"max-video-preview:-1"},"canonical":"https:\/\/nagelgmbh.com\/en\/about-us\/","og_locale":"en_US","og_type":"article","og_title":"About us - Verm\u00f6gensverwaltung Nagel GmbH","og_description":"About us Our history In 1982, Mr. Peter Nagel founded NASA Immobilien GbR as a real estate agency. In 1997, this became Immobilien Nagel GmbH and the Verm\u00f6gensverwaltung Nagel GmbH was founded. Mr. Peter Nagel has created a family business that has been operating successfully in the real estate sector for over 43 years. In [&hellip;]","og_url":"https:\/\/nagelgmbh.com\/en\/about-us\/","og_site_name":"Verm\u00f6gensverwaltung Nagel GmbH","article_modified_time":"2025-05-25T15:45:11+00:00","og_image":[{"width":1753,"height":2560,"url":"https:\/\/nagelgmbh.com\/wp-content\/uploads\/2025\/05\/20250525_173032-scaled.jpg","type":"image\/jpeg"}],"twitter_card":"summary_large_image","schema":{"@context":"https:\/\/schema.org","@graph":[{"@type":"WebPage","@id":"https:\/\/nagelgmbh.com\/en\/about-us\/","url":"https:\/\/nagelgmbh.com\/en\/about-us\/","name":"About us - Verm\u00f6gensverwaltung Nagel GmbH","isPartOf":{"@id":"https:\/\/nagelgmbh.com\/en\/#website"},"primaryImageOfPage":{"@id":"https:\/\/nagelgmbh.com\/en\/about-us\/#primaryimage"},"image":{"@id":"https:\/\/nagelgmbh.com\/en\/about-us\/#primaryimage"},"thumbnailUrl":"https:\/\/nagelgmbh.com\/wp-content\/uploads\/2025\/05\/20250525_173032-205x300.jpg","datePublished":"2025-01-04T16:44:02+00:00","dateModified":"2025-05-25T15:45:11+00:00","breadcrumb":{"@id":"https:\/\/nagelgmbh.com\/en\/about-us\/#breadcrumb"},"inLanguage":"en-US","potentialAction":[{"@type":"ReadAction","target":["https:\/\/nagelgmbh.com\/en\/about-us\/"]}]},{"@type":"ImageObject","inLanguage":"en-US","@id":"https:\/\/nagelgmbh.com\/en\/about-us\/#primaryimage","url":"https:\/\/nagelgmbh.com\/wp-content\/uploads\/2025\/05\/20250525_173032-205x300.jpg","contentUrl":"https:\/\/nagelgmbh.com\/wp-content\/uploads\/2025\/05\/20250525_173032-205x300.jpg"},{"@type":"BreadcrumbList","@id":"https:\/\/nagelgmbh.com\/en\/about-us\/#breadcrumb","itemListElement":[{"@type":"ListItem","position":1,"name":"Startseite","item":"https:\/\/nagelgmbh.com\/en\/"},{"@type":"ListItem","position":2,"name":"About us"}]},{"@type":"WebSite","@id":"https:\/\/nagelgmbh.com\/en\/#website","url":"https:\/\/nagelgmbh.com\/en\/","name":"Verm\u00f6gensverwaltung Nagel GmbH","description":"Verm\u00f6gensverwaltung und Immobilien D\u00fcsseldorf","publisher":{"@id":"https:\/\/nagelgmbh.com\/en\/#organization"},"potentialAction":[{"@type":"SearchAction","target":{"@type":"EntryPoint","urlTemplate":"https:\/\/nagelgmbh.com\/en\/?s={search_term_string}"},"query-input":{"@type":"PropertyValueSpecification","valueRequired":true,"valueName":"search_term_string"}}],"inLanguage":"en-US"},{"@type":"Organization","@id":"https:\/\/nagelgmbh.com\/en\/#organization","name":"Verm\u00f6gensverwaltung Nagel GmbH","url":"https:\/\/nagelgmbh.com\/en\/","logo":{"@type":"ImageObject","inLanguage":"en-US","@id":"https:\/\/nagelgmbh.com\/en\/#\/schema\/logo\/image\/","url":"https:\/\/nagelgmbh.com\/wp-content\/uploads\/2025\/01\/Logo.png","contentUrl":"https:\/\/nagelgmbh.com\/wp-content\/uploads\/2025\/01\/Logo.png","width":493,"height":172,"caption":"Verm\u00f6gensverwaltung Nagel GmbH"},"image":{"@id":"https:\/\/nagelgmbh.com\/en\/#\/schema\/logo\/image\/"}}]}},"_links":{"self":[{"href":"https:\/\/nagelgmbh.com\/en\/wp-json\/wp\/v2\/pages\/3139","targetHints":{"allow":["GET"]}}],"collection":[{"href":"https:\/\/nagelgmbh.com\/en\/wp-json\/wp\/v2\/pages"}],"about":[{"href":"https:\/\/nagelgmbh.com\/en\/wp-json\/wp\/v2\/types\/page"}],"author":[{"embeddable":true,"href":"https:\/\/nagelgmbh.com\/en\/wp-json\/wp\/v2\/users\/1"}],"replies":[{"embeddable":true,"href":"https:\/\/nagelgmbh.com\/en\/wp-json\/wp\/v2\/comments?post=3139"}],"version-history":[{"count":9,"href":"https:\/\/nagelgmbh.com\/en\/wp-json\/wp\/v2\/pages\/3139\/revisions"}],"predecessor-version":[{"id":3895,"href":"https:\/\/nagelgmbh.com\/en\/wp-json\/wp\/v2\/pages\/3139\/revisions\/3895"}],"wp:attachment":[{"href":"https:\/\/nagelgmbh.com\/en\/wp-json\/wp\/v2\/media?parent=3139"}],"curies":[{"name":"wp","href":"https:\/\/api.w.org\/{rel}","templated":true}]}}