{"id":3145,"date":"2025-01-04T18:10:09","date_gmt":"2025-01-04T17:10:09","guid":{"rendered":"https:\/\/nagelgmbh.com\/imprint\/"},"modified":"2025-05-22T14:49:21","modified_gmt":"2025-05-22T12:49:21","slug":"imprint","status":"publish","type":"page","link":"https:\/\/nagelgmbh.com\/en\/imprint\/","title":{"rendered":"Imprint"},"content":{"rendered":"\t\t<div data-elementor-type=\"wp-page\" data-elementor-id=\"3145\" class=\"elementor elementor-3145 elementor-771\" data-elementor-post-type=\"page\">\n\t\t\t\t<div class=\"elementor-element elementor-element-6b33f66 e-con-full e-flex e-con e-parent\" data-id=\"6b33f66\" data-element_type=\"container\" data-e-type=\"container\">\n\t\t<div class=\"elementor-element elementor-element-2c969fd e-con-full animated-fast e-flex elementor-invisible e-con e-child\" data-id=\"2c969fd\" data-element_type=\"container\" data-e-type=\"container\" data-settings=\"{&quot;background_background&quot;:&quot;classic&quot;,&quot;animation&quot;:&quot;fadeIn&quot;,&quot;animation_delay&quot;:0}\">\n\t\t<div class=\"elementor-element elementor-element-332114e e-con-full animated-fast e-flex elementor-invisible e-con e-child\" data-id=\"332114e\" data-element_type=\"container\" data-e-type=\"container\" data-settings=\"{&quot;animation&quot;:&quot;fadeIn&quot;,&quot;animation_delay&quot;:200}\">\n\t\t\t\t<div class=\"elementor-element elementor-element-3ca4c04 elementor-widget elementor-widget-heading\" data-id=\"3ca4c04\" data-element_type=\"widget\" data-e-type=\"widget\" data-widget_type=\"heading.default\">\n\t\t\t\t<div class=\"elementor-widget-container\">\n\t\t\t\t\t<h2 class=\"elementor-heading-title elementor-size-default\">Imprint<\/h2>\t\t\t\t<\/div>\n\t\t\t\t<\/div>\n\t\t\t\t<\/div>\n\t\t<div class=\"elementor-element elementor-element-1b45451 e-con-full e-flex e-con e-child\" data-id=\"1b45451\" data-element_type=\"container\" data-e-type=\"container\" data-settings=\"{&quot;background_background&quot;:&quot;classic&quot;}\">\n\t\t\t\t<\/div>\n\t\t\t\t<\/div>\n\t\t<div class=\"elementor-element elementor-element-f6a849f animated-fast e-flex e-con-boxed elementor-invisible e-con e-child\" data-id=\"f6a849f\" data-element_type=\"container\" data-e-type=\"container\" data-settings=\"{&quot;animation&quot;:&quot;fadeIn&quot;,&quot;animation_delay&quot;:400}\">\n\t\t\t\t\t<div class=\"e-con-inner\">\n\t\t\t\t<div class=\"elementor-element elementor-element-fe04586 elementor-widget elementor-widget-text-editor\" data-id=\"fe04586\" data-element_type=\"widget\" data-e-type=\"widget\" data-widget_type=\"text-editor.default\">\n\t\t\t\t<div class=\"elementor-widget-container\">\n\t\t\t\t\t\t\t\t\t<p>Verm\u00f6gensverwaltung Nagel GmbH<\/p>\n<p>Vennstr. 42<\/p>\n<p>40627 D\u00fcsseldorf<\/p>\n<p>P.O. Box 12 04 08<\/p>\n<p>40605 D\u00fcsseldorf<\/p>\n<p>Phone: 0211-23 28 32<\/p>\n<p>Fax: 0211-23 45 42<\/p>\n<p>E-mail: nagelgmbh@aol.com<\/p>\n<p>Managing Director: Dennis Nagel<\/p>\n<p>HRB 35 160 &#8211; D\u00fcsseldorf Local Court<\/p><p>VAT number: DE190690684<\/p>\t\t\t\t\t\t\t\t<\/div>\n\t\t\t\t<\/div>\n\t\t\t\t\t<\/div>\n\t\t\t\t<\/div>\n\t\t\t\t<\/div>\n\t\t\t\t<\/div>\n\t\t","protected":false},"excerpt":{"rendered":"<p>Imprint Verm\u00f6gensverwaltung Nagel GmbH Vennstr. 42 40627 D\u00fcsseldorf P.O. Box 12 04 08 40605 D\u00fcsseldorf Phone: 0211-23 28 32 Fax: 0211-23 45 42 E-mail: nagelgmbh@aol.com Managing Director: Dennis Nagel HRB 35 160 &#8211; D\u00fcsseldorf Local Court VAT number: DE190690684<\/p>\n","protected":false},"author":1,"featured_media":0,"parent":0,"menu_order":0,"comment_status":"closed","ping_status":"closed","template":"","meta":{"footnotes":""},"class_list":["post-3145","page","type-page","status-publish","hentry"],"yoast_head":"<!-- This site is optimized with the Yoast SEO plugin v25.1 - https:\/\/yoast.com\/wordpress\/plugins\/seo\/ -->\n<title>Imprint - Verm\u00f6gensverwaltung Nagel GmbH<\/title>\n<meta name=\"robots\" content=\"index, follow, max-snippet:-1, max-image-preview:large, max-video-preview:-1\" \/>\n<link rel=\"canonical\" href=\"https:\/\/nagelgmbh.com\/en\/imprint\/\" \/>\n<meta property=\"og:locale\" content=\"en_US\" \/>\n<meta property=\"og:type\" content=\"article\" \/>\n<meta property=\"og:title\" content=\"Imprint - Verm\u00f6gensverwaltung Nagel GmbH\" \/>\n<meta property=\"og:description\" content=\"Imprint Verm\u00f6gensverwaltung Nagel GmbH Vennstr. 42 40627 D\u00fcsseldorf P.O. Box 12 04 08 40605 D\u00fcsseldorf Phone: 0211-23 28 32 Fax: 0211-23 45 42 E-mail: nagelgmbh@aol.com Managing Director: Dennis Nagel HRB 35 160 &#8211; D\u00fcsseldorf Local Court VAT number: DE190690684\" \/>\n<meta property=\"og:url\" content=\"https:\/\/nagelgmbh.com\/en\/imprint\/\" \/>\n<meta property=\"og:site_name\" content=\"Verm\u00f6gensverwaltung Nagel GmbH\" \/>\n<meta property=\"article:modified_time\" content=\"2025-05-22T12:49:21+00:00\" \/>\n<meta name=\"twitter:card\" content=\"summary_large_image\" \/>\n<script type=\"application\/ld+json\" class=\"yoast-schema-graph\">{\"@context\":\"https:\/\/schema.org\",\"@graph\":[{\"@type\":\"WebPage\",\"@id\":\"https:\/\/nagelgmbh.com\/en\/imprint\/\",\"url\":\"https:\/\/nagelgmbh.com\/en\/imprint\/\",\"name\":\"Imprint - Verm\u00f6gensverwaltung Nagel GmbH\",\"isPartOf\":{\"@id\":\"https:\/\/nagelgmbh.com\/en\/#website\"},\"datePublished\":\"2025-01-04T17:10:09+00:00\",\"dateModified\":\"2025-05-22T12:49:21+00:00\",\"breadcrumb\":{\"@id\":\"https:\/\/nagelgmbh.com\/en\/imprint\/#breadcrumb\"},\"inLanguage\":\"en-US\",\"potentialAction\":[{\"@type\":\"ReadAction\",\"target\":[\"https:\/\/nagelgmbh.com\/en\/imprint\/\"]}]},{\"@type\":\"BreadcrumbList\",\"@id\":\"https:\/\/nagelgmbh.com\/en\/imprint\/#breadcrumb\",\"itemListElement\":[{\"@type\":\"ListItem\",\"position\":1,\"name\":\"Startseite\",\"item\":\"https:\/\/nagelgmbh.com\/en\/\"},{\"@type\":\"ListItem\",\"position\":2,\"name\":\"Imprint\"}]},{\"@type\":\"WebSite\",\"@id\":\"https:\/\/nagelgmbh.com\/en\/#website\",\"url\":\"https:\/\/nagelgmbh.com\/en\/\",\"name\":\"Verm\u00f6gensverwaltung Nagel GmbH\",\"description\":\"Verm\u00f6gensverwaltung und Immobilien D\u00fcsseldorf\",\"publisher\":{\"@id\":\"https:\/\/nagelgmbh.com\/en\/#organization\"},\"potentialAction\":[{\"@type\":\"SearchAction\",\"target\":{\"@type\":\"EntryPoint\",\"urlTemplate\":\"https:\/\/nagelgmbh.com\/en\/?s={search_term_string}\"},\"query-input\":{\"@type\":\"PropertyValueSpecification\",\"valueRequired\":true,\"valueName\":\"search_term_string\"}}],\"inLanguage\":\"en-US\"},{\"@type\":\"Organization\",\"@id\":\"https:\/\/nagelgmbh.com\/en\/#organization\",\"name\":\"Verm\u00f6gensverwaltung Nagel GmbH\",\"url\":\"https:\/\/nagelgmbh.com\/en\/\",\"logo\":{\"@type\":\"ImageObject\",\"inLanguage\":\"en-US\",\"@id\":\"https:\/\/nagelgmbh.com\/en\/#\/schema\/logo\/image\/\",\"url\":\"https:\/\/nagelgmbh.com\/wp-content\/uploads\/2025\/01\/Logo.png\",\"contentUrl\":\"https:\/\/nagelgmbh.com\/wp-content\/uploads\/2025\/01\/Logo.png\",\"width\":493,\"height\":172,\"caption\":\"Verm\u00f6gensverwaltung Nagel GmbH\"},\"image\":{\"@id\":\"https:\/\/nagelgmbh.com\/en\/#\/schema\/logo\/image\/\"}}]}<\/script>\n<!-- \/ Yoast SEO plugin. -->","yoast_head_json":{"title":"Imprint - Verm\u00f6gensverwaltung Nagel GmbH","robots":{"index":"index","follow":"follow","max-snippet":"max-snippet:-1","max-image-preview":"max-image-preview:large","max-video-preview":"max-video-preview:-1"},"canonical":"https:\/\/nagelgmbh.com\/en\/imprint\/","og_locale":"en_US","og_type":"article","og_title":"Imprint - Verm\u00f6gensverwaltung Nagel GmbH","og_description":"Imprint Verm\u00f6gensverwaltung Nagel GmbH Vennstr. 42 40627 D\u00fcsseldorf P.O. Box 12 04 08 40605 D\u00fcsseldorf Phone: 0211-23 28 32 Fax: 0211-23 45 42 E-mail: nagelgmbh@aol.com Managing Director: Dennis Nagel HRB 35 160 &#8211; D\u00fcsseldorf Local Court VAT number: DE190690684","og_url":"https:\/\/nagelgmbh.com\/en\/imprint\/","og_site_name":"Verm\u00f6gensverwaltung Nagel GmbH","article_modified_time":"2025-05-22T12:49:21+00:00","twitter_card":"summary_large_image","schema":{"@context":"https:\/\/schema.org","@graph":[{"@type":"WebPage","@id":"https:\/\/nagelgmbh.com\/en\/imprint\/","url":"https:\/\/nagelgmbh.com\/en\/imprint\/","name":"Imprint - Verm\u00f6gensverwaltung Nagel GmbH","isPartOf":{"@id":"https:\/\/nagelgmbh.com\/en\/#website"},"datePublished":"2025-01-04T17:10:09+00:00","dateModified":"2025-05-22T12:49:21+00:00","breadcrumb":{"@id":"https:\/\/nagelgmbh.com\/en\/imprint\/#breadcrumb"},"inLanguage":"en-US","potentialAction":[{"@type":"ReadAction","target":["https:\/\/nagelgmbh.com\/en\/imprint\/"]}]},{"@type":"BreadcrumbList","@id":"https:\/\/nagelgmbh.com\/en\/imprint\/#breadcrumb","itemListElement":[{"@type":"ListItem","position":1,"name":"Startseite","item":"https:\/\/nagelgmbh.com\/en\/"},{"@type":"ListItem","position":2,"name":"Imprint"}]},{"@type":"WebSite","@id":"https:\/\/nagelgmbh.com\/en\/#website","url":"https:\/\/nagelgmbh.com\/en\/","name":"Verm\u00f6gensverwaltung Nagel GmbH","description":"Verm\u00f6gensverwaltung und Immobilien D\u00fcsseldorf","publisher":{"@id":"https:\/\/nagelgmbh.com\/en\/#organization"},"potentialAction":[{"@type":"SearchAction","target":{"@type":"EntryPoint","urlTemplate":"https:\/\/nagelgmbh.com\/en\/?s={search_term_string}"},"query-input":{"@type":"PropertyValueSpecification","valueRequired":true,"valueName":"search_term_string"}}],"inLanguage":"en-US"},{"@type":"Organization","@id":"https:\/\/nagelgmbh.com\/en\/#organization","name":"Verm\u00f6gensverwaltung Nagel GmbH","url":"https:\/\/nagelgmbh.com\/en\/","logo":{"@type":"ImageObject","inLanguage":"en-US","@id":"https:\/\/nagelgmbh.com\/en\/#\/schema\/logo\/image\/","url":"https:\/\/nagelgmbh.com\/wp-content\/uploads\/2025\/01\/Logo.png","contentUrl":"https:\/\/nagelgmbh.com\/wp-content\/uploads\/2025\/01\/Logo.png","width":493,"height":172,"caption":"Verm\u00f6gensverwaltung Nagel GmbH"},"image":{"@id":"https:\/\/nagelgmbh.com\/en\/#\/schema\/logo\/image\/"}}]}},"_links":{"self":[{"href":"https:\/\/nagelgmbh.com\/en\/wp-json\/wp\/v2\/pages\/3145","targetHints":{"allow":["GET"]}}],"collection":[{"href":"https:\/\/nagelgmbh.com\/en\/wp-json\/wp\/v2\/pages"}],"about":[{"href":"https:\/\/nagelgmbh.com\/en\/wp-json\/wp\/v2\/types\/page"}],"author":[{"embeddable":true,"href":"https:\/\/nagelgmbh.com\/en\/wp-json\/wp\/v2\/users\/1"}],"replies":[{"embeddable":true,"href":"https:\/\/nagelgmbh.com\/en\/wp-json\/wp\/v2\/comments?post=3145"}],"version-history":[{"count":5,"href":"https:\/\/nagelgmbh.com\/en\/wp-json\/wp\/v2\/pages\/3145\/revisions"}],"predecessor-version":[{"id":3678,"href":"https:\/\/nagelgmbh.com\/en\/wp-json\/wp\/v2\/pages\/3145\/revisions\/3678"}],"wp:attachment":[{"href":"https:\/\/nagelgmbh.com\/en\/wp-json\/wp\/v2\/media?parent=3145"}],"curies":[{"name":"wp","href":"https:\/\/api.w.org\/{rel}","templated":true}]}}