{"id":3193,"date":"2025-01-04T16:57:15","date_gmt":"2025-01-04T15:57:15","guid":{"rendered":"https:\/\/nagelgmbh.com\/individual-rental-management\/"},"modified":"2025-05-22T14:49:11","modified_gmt":"2025-05-22T12:49:11","slug":"individual-rental-management","status":"publish","type":"page","link":"https:\/\/nagelgmbh.com\/en\/individual-rental-management\/","title":{"rendered":"Individual rental management"},"content":{"rendered":"\t\t<div data-elementor-type=\"wp-page\" data-elementor-id=\"3193\" class=\"elementor elementor-3193 elementor-634\" data-elementor-post-type=\"page\">\n\t\t\t\t<div class=\"elementor-element elementor-element-ddba909 e-con-full e-flex e-con e-parent\" data-id=\"ddba909\" data-element_type=\"container\" data-e-type=\"container\">\n\t\t<div class=\"elementor-element elementor-element-a35b20a e-con-full animated-fast e-flex elementor-invisible e-con e-child\" data-id=\"a35b20a\" data-element_type=\"container\" data-e-type=\"container\" data-settings=\"{&quot;background_background&quot;:&quot;classic&quot;,&quot;animation&quot;:&quot;fadeIn&quot;,&quot;animation_delay&quot;:0}\">\n\t\t<div class=\"elementor-element elementor-element-74bb110 e-con-full animated-fast e-flex elementor-invisible e-con e-child\" data-id=\"74bb110\" data-element_type=\"container\" data-e-type=\"container\" data-settings=\"{&quot;animation&quot;:&quot;fadeIn&quot;,&quot;animation_delay&quot;:200}\">\n\t\t\t\t<div class=\"elementor-element elementor-element-cf74d03 elementor-widget elementor-widget-heading\" data-id=\"cf74d03\" data-element_type=\"widget\" data-e-type=\"widget\" data-widget_type=\"heading.default\">\n\t\t\t\t<div class=\"elementor-widget-container\">\n\t\t\t\t\t<h2 class=\"elementor-heading-title elementor-size-default\">Individual rental management<\/h2>\t\t\t\t<\/div>\n\t\t\t\t<\/div>\n\t\t\t\t<\/div>\n\t\t<div class=\"elementor-element elementor-element-0e387d6 e-con-full e-flex e-con e-child\" data-id=\"0e387d6\" data-element_type=\"container\" data-e-type=\"container\" data-settings=\"{&quot;background_background&quot;:&quot;classic&quot;}\">\n\t\t\t\t<\/div>\n\t\t\t\t<\/div>\n\t\t<div class=\"elementor-element elementor-element-e7427d8 animated-fast e-flex e-con-boxed elementor-invisible e-con e-child\" data-id=\"e7427d8\" data-element_type=\"container\" data-e-type=\"container\" data-settings=\"{&quot;animation&quot;:&quot;fadeIn&quot;,&quot;animation_delay&quot;:400}\">\n\t\t\t\t\t<div class=\"e-con-inner\">\n\t\t\t\t<div class=\"elementor-element elementor-element-3c5de3b elementor-widget elementor-widget-text-editor\" data-id=\"3c5de3b\" data-element_type=\"widget\" data-e-type=\"widget\" data-widget_type=\"text-editor.default\">\n\t\t\t\t<div class=\"elementor-widget-container\">\n\t\t\t\t\t\t\t\t\t<p>In the management of individual condominiums, we take care of the following for you, among other things:<\/p><ul><li>Monitoring of rent and service charge payments<\/li><li>Payment transactions<\/li><li>Dunning<\/li><li>Annual statement<\/li><li>Service charge settlement<\/li><li>Accounting<\/li><li>Deposit processing<\/li><\/ul><p>We also take care of the rest for you:<\/p><ul><li>Tenant search<\/li><li>Ad placement<\/li><li>Visits<\/li><li>Credit check<\/li><li>Preparation of the rental agreement<\/li><li>Acceptance and handover of the rental property<\/li><li>Deposit payments<\/li><\/ul><p>We also provide you with advice and support for repair, renovation, refurbishment and modernization measures, for example:<\/p><ul><li>Conclusion of maintenance contracts<\/li><li>Request for quotation<\/li><li>Handling of maintenance and repairs by qualified tradesmen<\/li><li>Control and monitoring of cosmetic repairs<\/li><\/ul><p> <\/p>\t\t\t\t\t\t\t\t<\/div>\n\t\t\t\t<\/div>\n\t\t\t\t\t<\/div>\n\t\t\t\t<\/div>\n\t\t\t\t<\/div>\n\t\t\t\t<\/div>\n\t\t","protected":false},"excerpt":{"rendered":"<p>Individual rental management In the management of individual condominiums, we take care of the following for you, among other things: Monitoring of rent and service charge payments Payment transactions Dunning Annual statement Service charge settlement Accounting Deposit processing We also take care of the rest for you: Tenant search Ad placement Visits Credit check Preparation [&hellip;]<\/p>\n","protected":false},"author":1,"featured_media":0,"parent":0,"menu_order":0,"comment_status":"closed","ping_status":"closed","template":"","meta":{"footnotes":""},"class_list":["post-3193","page","type-page","status-publish","hentry"],"yoast_head":"<!-- This site is optimized with the Yoast SEO plugin v25.1 - https:\/\/yoast.com\/wordpress\/plugins\/seo\/ -->\n<title>Individual rental management - Verm\u00f6gensverwaltung Nagel GmbH<\/title>\n<meta name=\"robots\" content=\"index, follow, max-snippet:-1, max-image-preview:large, max-video-preview:-1\" \/>\n<link rel=\"canonical\" href=\"https:\/\/nagelgmbh.com\/en\/individual-rental-management\/\" \/>\n<meta property=\"og:locale\" content=\"en_US\" \/>\n<meta property=\"og:type\" content=\"article\" \/>\n<meta property=\"og:title\" content=\"Individual rental management - Verm\u00f6gensverwaltung Nagel GmbH\" \/>\n<meta property=\"og:description\" content=\"Individual rental management In the management of individual condominiums, we take care of the following for you, among other things: Monitoring of rent and service charge payments Payment transactions Dunning Annual statement Service charge settlement Accounting Deposit processing We also take care of the rest for you: Tenant search Ad placement Visits Credit check Preparation [&hellip;]\" \/>\n<meta property=\"og:url\" content=\"https:\/\/nagelgmbh.com\/en\/individual-rental-management\/\" \/>\n<meta property=\"og:site_name\" content=\"Verm\u00f6gensverwaltung Nagel GmbH\" \/>\n<meta property=\"article:modified_time\" content=\"2025-05-22T12:49:11+00:00\" \/>\n<meta name=\"twitter:card\" content=\"summary_large_image\" \/>\n<script type=\"application\/ld+json\" class=\"yoast-schema-graph\">{\"@context\":\"https:\/\/schema.org\",\"@graph\":[{\"@type\":\"WebPage\",\"@id\":\"https:\/\/nagelgmbh.com\/en\/individual-rental-management\/\",\"url\":\"https:\/\/nagelgmbh.com\/en\/individual-rental-management\/\",\"name\":\"Individual rental management - Verm\u00f6gensverwaltung Nagel GmbH\",\"isPartOf\":{\"@id\":\"https:\/\/nagelgmbh.com\/en\/#website\"},\"datePublished\":\"2025-01-04T15:57:15+00:00\",\"dateModified\":\"2025-05-22T12:49:11+00:00\",\"breadcrumb\":{\"@id\":\"https:\/\/nagelgmbh.com\/en\/individual-rental-management\/#breadcrumb\"},\"inLanguage\":\"en-US\",\"potentialAction\":[{\"@type\":\"ReadAction\",\"target\":[\"https:\/\/nagelgmbh.com\/en\/individual-rental-management\/\"]}]},{\"@type\":\"BreadcrumbList\",\"@id\":\"https:\/\/nagelgmbh.com\/en\/individual-rental-management\/#breadcrumb\",\"itemListElement\":[{\"@type\":\"ListItem\",\"position\":1,\"name\":\"Startseite\",\"item\":\"https:\/\/nagelgmbh.com\/en\/\"},{\"@type\":\"ListItem\",\"position\":2,\"name\":\"Individual rental management\"}]},{\"@type\":\"WebSite\",\"@id\":\"https:\/\/nagelgmbh.com\/en\/#website\",\"url\":\"https:\/\/nagelgmbh.com\/en\/\",\"name\":\"Verm\u00f6gensverwaltung Nagel GmbH\",\"description\":\"Verm\u00f6gensverwaltung und Immobilien D\u00fcsseldorf\",\"publisher\":{\"@id\":\"https:\/\/nagelgmbh.com\/en\/#organization\"},\"potentialAction\":[{\"@type\":\"SearchAction\",\"target\":{\"@type\":\"EntryPoint\",\"urlTemplate\":\"https:\/\/nagelgmbh.com\/en\/?s={search_term_string}\"},\"query-input\":{\"@type\":\"PropertyValueSpecification\",\"valueRequired\":true,\"valueName\":\"search_term_string\"}}],\"inLanguage\":\"en-US\"},{\"@type\":\"Organization\",\"@id\":\"https:\/\/nagelgmbh.com\/en\/#organization\",\"name\":\"Verm\u00f6gensverwaltung Nagel GmbH\",\"url\":\"https:\/\/nagelgmbh.com\/en\/\",\"logo\":{\"@type\":\"ImageObject\",\"inLanguage\":\"en-US\",\"@id\":\"https:\/\/nagelgmbh.com\/en\/#\/schema\/logo\/image\/\",\"url\":\"https:\/\/nagelgmbh.com\/wp-content\/uploads\/2025\/01\/Logo.png\",\"contentUrl\":\"https:\/\/nagelgmbh.com\/wp-content\/uploads\/2025\/01\/Logo.png\",\"width\":493,\"height\":172,\"caption\":\"Verm\u00f6gensverwaltung Nagel GmbH\"},\"image\":{\"@id\":\"https:\/\/nagelgmbh.com\/en\/#\/schema\/logo\/image\/\"}}]}<\/script>\n<!-- \/ Yoast SEO plugin. -->","yoast_head_json":{"title":"Individual rental management - Verm\u00f6gensverwaltung Nagel GmbH","robots":{"index":"index","follow":"follow","max-snippet":"max-snippet:-1","max-image-preview":"max-image-preview:large","max-video-preview":"max-video-preview:-1"},"canonical":"https:\/\/nagelgmbh.com\/en\/individual-rental-management\/","og_locale":"en_US","og_type":"article","og_title":"Individual rental management - Verm\u00f6gensverwaltung Nagel GmbH","og_description":"Individual rental management In the management of individual condominiums, we take care of the following for you, among other things: Monitoring of rent and service charge payments Payment transactions Dunning Annual statement Service charge settlement Accounting Deposit processing We also take care of the rest for you: Tenant search Ad placement Visits Credit check Preparation [&hellip;]","og_url":"https:\/\/nagelgmbh.com\/en\/individual-rental-management\/","og_site_name":"Verm\u00f6gensverwaltung Nagel GmbH","article_modified_time":"2025-05-22T12:49:11+00:00","twitter_card":"summary_large_image","schema":{"@context":"https:\/\/schema.org","@graph":[{"@type":"WebPage","@id":"https:\/\/nagelgmbh.com\/en\/individual-rental-management\/","url":"https:\/\/nagelgmbh.com\/en\/individual-rental-management\/","name":"Individual rental management - Verm\u00f6gensverwaltung Nagel GmbH","isPartOf":{"@id":"https:\/\/nagelgmbh.com\/en\/#website"},"datePublished":"2025-01-04T15:57:15+00:00","dateModified":"2025-05-22T12:49:11+00:00","breadcrumb":{"@id":"https:\/\/nagelgmbh.com\/en\/individual-rental-management\/#breadcrumb"},"inLanguage":"en-US","potentialAction":[{"@type":"ReadAction","target":["https:\/\/nagelgmbh.com\/en\/individual-rental-management\/"]}]},{"@type":"BreadcrumbList","@id":"https:\/\/nagelgmbh.com\/en\/individual-rental-management\/#breadcrumb","itemListElement":[{"@type":"ListItem","position":1,"name":"Startseite","item":"https:\/\/nagelgmbh.com\/en\/"},{"@type":"ListItem","position":2,"name":"Individual rental management"}]},{"@type":"WebSite","@id":"https:\/\/nagelgmbh.com\/en\/#website","url":"https:\/\/nagelgmbh.com\/en\/","name":"Verm\u00f6gensverwaltung Nagel GmbH","description":"Verm\u00f6gensverwaltung und Immobilien D\u00fcsseldorf","publisher":{"@id":"https:\/\/nagelgmbh.com\/en\/#organization"},"potentialAction":[{"@type":"SearchAction","target":{"@type":"EntryPoint","urlTemplate":"https:\/\/nagelgmbh.com\/en\/?s={search_term_string}"},"query-input":{"@type":"PropertyValueSpecification","valueRequired":true,"valueName":"search_term_string"}}],"inLanguage":"en-US"},{"@type":"Organization","@id":"https:\/\/nagelgmbh.com\/en\/#organization","name":"Verm\u00f6gensverwaltung Nagel GmbH","url":"https:\/\/nagelgmbh.com\/en\/","logo":{"@type":"ImageObject","inLanguage":"en-US","@id":"https:\/\/nagelgmbh.com\/en\/#\/schema\/logo\/image\/","url":"https:\/\/nagelgmbh.com\/wp-content\/uploads\/2025\/01\/Logo.png","contentUrl":"https:\/\/nagelgmbh.com\/wp-content\/uploads\/2025\/01\/Logo.png","width":493,"height":172,"caption":"Verm\u00f6gensverwaltung Nagel GmbH"},"image":{"@id":"https:\/\/nagelgmbh.com\/en\/#\/schema\/logo\/image\/"}}]}},"_links":{"self":[{"href":"https:\/\/nagelgmbh.com\/en\/wp-json\/wp\/v2\/pages\/3193","targetHints":{"allow":["GET"]}}],"collection":[{"href":"https:\/\/nagelgmbh.com\/en\/wp-json\/wp\/v2\/pages"}],"about":[{"href":"https:\/\/nagelgmbh.com\/en\/wp-json\/wp\/v2\/types\/page"}],"author":[{"embeddable":true,"href":"https:\/\/nagelgmbh.com\/en\/wp-json\/wp\/v2\/users\/1"}],"replies":[{"embeddable":true,"href":"https:\/\/nagelgmbh.com\/en\/wp-json\/wp\/v2\/comments?post=3193"}],"version-history":[{"count":2,"href":"https:\/\/nagelgmbh.com\/en\/wp-json\/wp\/v2\/pages\/3193\/revisions"}],"predecessor-version":[{"id":3195,"href":"https:\/\/nagelgmbh.com\/en\/wp-json\/wp\/v2\/pages\/3193\/revisions\/3195"}],"wp:attachment":[{"href":"https:\/\/nagelgmbh.com\/en\/wp-json\/wp\/v2\/media?parent=3193"}],"curies":[{"name":"wp","href":"https:\/\/api.w.org\/{rel}","templated":true}]}}