{"id":3215,"date":"2025-01-04T14:49:54","date_gmt":"2025-01-04T13:49:54","guid":{"rendered":"https:\/\/nagelgmbh.com\/home-real-estate-investment\/"},"modified":"2025-05-22T14:54:45","modified_gmt":"2025-05-22T12:54:45","slug":"home-real-estate-investment","status":"publish","type":"page","link":"https:\/\/nagelgmbh.com\/en\/home-real-estate-investment\/","title":{"rendered":"Home Real Estate Investment"},"content":{"rendered":"\t\t<div data-elementor-type=\"wp-page\" data-elementor-id=\"3215\" class=\"elementor elementor-3215 elementor-517\" data-elementor-post-type=\"page\">\n\t\t\t\t<div class=\"elementor-element elementor-element-6317a47 e-con-full e-flex e-con e-parent\" data-id=\"6317a47\" data-element_type=\"container\" data-e-type=\"container\">\n\t\t<div class=\"elementor-element elementor-element-7c071c7 e-con-full animated-fast e-flex elementor-invisible e-con e-child\" data-id=\"7c071c7\" data-element_type=\"container\" data-e-type=\"container\" data-settings=\"{&quot;background_background&quot;:&quot;classic&quot;,&quot;animation&quot;:&quot;fadeIn&quot;,&quot;animation_delay&quot;:0}\">\n\t\t<div class=\"elementor-element elementor-element-6a1b591 e-con-full animated-fast e-flex elementor-invisible e-con e-child\" data-id=\"6a1b591\" data-element_type=\"container\" data-e-type=\"container\" data-settings=\"{&quot;animation&quot;:&quot;fadeIn&quot;,&quot;animation_delay&quot;:200}\">\n\t\t\t\t<div class=\"elementor-element elementor-element-3b37d8d elementor-widget elementor-widget-heading\" data-id=\"3b37d8d\" data-element_type=\"widget\" data-e-type=\"widget\" data-widget_type=\"heading.default\">\n\t\t\t\t<div class=\"elementor-widget-container\">\n\t\t\t\t\t<h2 class=\"elementor-heading-title elementor-size-default\">Real estate investment<\/h2>\t\t\t\t<\/div>\n\t\t\t\t<\/div>\n\t\t\t\t<div class=\"elementor-element elementor-element-ca687b3 elementor-widget elementor-widget-heading\" data-id=\"ca687b3\" data-element_type=\"widget\" data-e-type=\"widget\" data-widget_type=\"heading.default\">\n\t\t\t\t<div class=\"elementor-widget-container\">\n\t\t\t\t\t<h2 class=\"elementor-heading-title elementor-size-default\">Your partner for real estate development<\/h2>\t\t\t\t<\/div>\n\t\t\t\t<\/div>\n\t\t\t\t<\/div>\n\t\t<div class=\"elementor-element elementor-element-bd25d3e e-con-full e-flex e-con e-child\" data-id=\"bd25d3e\" data-element_type=\"container\" data-e-type=\"container\" data-settings=\"{&quot;background_background&quot;:&quot;classic&quot;}\">\n\t\t\t\t<\/div>\n\t\t\t\t<\/div>\n\t\t<div class=\"elementor-element elementor-element-f56d000 animated-fast e-flex e-con-boxed elementor-invisible e-con e-child\" data-id=\"f56d000\" data-element_type=\"container\" data-e-type=\"container\" data-settings=\"{&quot;animation&quot;:&quot;fadeIn&quot;,&quot;animation_delay&quot;:400}\">\n\t\t\t\t\t<div class=\"e-con-inner\">\n\t\t<div class=\"elementor-element elementor-element-e88f5eb e-con-full e-flex e-con e-child\" data-id=\"e88f5eb\" data-element_type=\"container\" data-e-type=\"container\">\n\t\t\t\t<div class=\"elementor-element elementor-element-bcc0ea1 elementor-widget elementor-widget-heading\" data-id=\"bcc0ea1\" data-element_type=\"widget\" data-e-type=\"widget\" data-widget_type=\"heading.default\">\n\t\t\t\t<div class=\"elementor-widget-container\">\n\t\t\t\t\t<h2 class=\"elementor-heading-title elementor-size-default\">Your investment in good hands\n<\/h2>\t\t\t\t<\/div>\n\t\t\t\t<\/div>\n\t\t\t\t<div class=\"elementor-element elementor-element-14e49c8 elementor-widget elementor-widget-text-editor\" data-id=\"14e49c8\" data-element_type=\"widget\" data-e-type=\"widget\" data-widget_type=\"text-editor.default\">\n\t\t\t\t<div class=\"elementor-widget-container\">\n\t\t\t\t\t\t\t\t\t<p>&#8211; High performance, secure returns in turbulent times<br>&#8211; Real values<br>&#8211; Sustainability and modern energy management<br>&#8211; Above-average returns<br>&#8211; Additional participation in rental and sales proceeds negotiable <br>&#8211; Deposits from EUR 100,000<\/p><p><strong>Benefit from our 35 years of experience!<\/strong><\/p><p>Contact us and arrange a personal appointment, in person, via video chat or by phone.<\/p>\t\t\t\t\t\t\t\t<\/div>\n\t\t\t\t<\/div>\n\t\t\t\t<\/div>\n\t\t<div class=\"elementor-element elementor-element-b862033 e-con-full e-flex e-con e-child\" data-id=\"b862033\" data-element_type=\"container\" data-e-type=\"container\">\n\t\t<div class=\"elementor-element elementor-element-c863c14 e-con-full e-flex e-con e-child\" data-id=\"c863c14\" data-element_type=\"container\" data-e-type=\"container\" data-settings=\"{&quot;background_background&quot;:&quot;classic&quot;}\">\n\t\t\t\t<div class=\"elementor-element elementor-element-bc6e643 elementor-view-default elementor-widget elementor-widget-icon\" data-id=\"bc6e643\" data-element_type=\"widget\" data-e-type=\"widget\" data-widget_type=\"icon.default\">\n\t\t\t\t<div class=\"elementor-widget-container\">\n\t\t\t\t\t\t\t<div class=\"elementor-icon-wrapper\">\n\t\t\t<div class=\"elementor-icon\">\n\t\t\t<svg aria-hidden=\"true\" class=\"e-font-icon-svg e-far-chart-bar\" viewBox=\"0 0 512 512\" xmlns=\"http:\/\/www.w3.org\/2000\/svg\"><path d=\"M396.8 352h22.4c6.4 0 12.8-6.4 12.8-12.8V108.8c0-6.4-6.4-12.8-12.8-12.8h-22.4c-6.4 0-12.8 6.4-12.8 12.8v230.4c0 6.4 6.4 12.8 12.8 12.8zm-192 0h22.4c6.4 0 12.8-6.4 12.8-12.8V140.8c0-6.4-6.4-12.8-12.8-12.8h-22.4c-6.4 0-12.8 6.4-12.8 12.8v198.4c0 6.4 6.4 12.8 12.8 12.8zm96 0h22.4c6.4 0 12.8-6.4 12.8-12.8V204.8c0-6.4-6.4-12.8-12.8-12.8h-22.4c-6.4 0-12.8 6.4-12.8 12.8v134.4c0 6.4 6.4 12.8 12.8 12.8zM496 400H48V80c0-8.84-7.16-16-16-16H16C7.16 64 0 71.16 0 80v336c0 17.67 14.33 32 32 32h464c8.84 0 16-7.16 16-16v-16c0-8.84-7.16-16-16-16zm-387.2-48h22.4c6.4 0 12.8-6.4 12.8-12.8v-70.4c0-6.4-6.4-12.8-12.8-12.8h-22.4c-6.4 0-12.8 6.4-12.8 12.8v70.4c0 6.4 6.4 12.8 12.8 12.8z\"><\/path><\/svg>\t\t\t<\/div>\n\t\t<\/div>\n\t\t\t\t\t\t<\/div>\n\t\t\t\t<\/div>\n\t\t\t\t<div class=\"elementor-element elementor-element-880327f elementor-widget elementor-widget-heading\" data-id=\"880327f\" data-element_type=\"widget\" data-e-type=\"widget\" data-widget_type=\"heading.default\">\n\t\t\t\t<div class=\"elementor-widget-container\">\n\t\t\t\t\t<h2 class=\"elementor-heading-title elementor-size-default\">Increasing value through expertise<\/h2>\t\t\t\t<\/div>\n\t\t\t\t<\/div>\n\t\t\t\t<\/div>\n\t\t\t\t<\/div>\n\t\t\t\t\t<\/div>\n\t\t\t\t<\/div>\n\t\t<div class=\"elementor-element elementor-element-e207d46 e-flex e-con-boxed e-con e-child\" data-id=\"e207d46\" data-element_type=\"container\" data-e-type=\"container\">\n\t\t\t\t\t<div class=\"e-con-inner\">\n\t\t<div class=\"elementor-element elementor-element-a7f0bdb e-con-full e-flex e-con e-child\" data-id=\"a7f0bdb\" data-element_type=\"container\" data-e-type=\"container\">\n\t\t\t\t<div class=\"elementor-element elementor-element-85bddf8 elementor-widget elementor-widget-heading\" data-id=\"85bddf8\" data-element_type=\"widget\" data-e-type=\"widget\" data-widget_type=\"heading.default\">\n\t\t\t\t<div class=\"elementor-widget-container\">\n\t\t\t\t\t<h2 class=\"elementor-heading-title elementor-size-default\">Project examples<\/h2>\t\t\t\t<\/div>\n\t\t\t\t<\/div>\n\t\t\t\t<\/div>\n\t\t<div class=\"elementor-element elementor-element-1ebbc07 e-con-full e-flex e-con e-child\" data-id=\"1ebbc07\" data-element_type=\"container\" data-e-type=\"container\">\n\t\t<div class=\"elementor-element elementor-element-d2a55fc e-con-full e-flex e-con e-child\" data-id=\"d2a55fc\" data-element_type=\"container\" data-e-type=\"container\" data-settings=\"{&quot;background_background&quot;:&quot;classic&quot;}\">\n\t\t<div class=\"elementor-element elementor-element-094e501 e-con-full e-flex e-con e-child\" data-id=\"094e501\" data-element_type=\"container\" data-e-type=\"container\">\n\t\t\t\t<div class=\"elementor-element elementor-element-449e093 elementor-widget elementor-widget-image\" data-id=\"449e093\" data-element_type=\"widget\" data-e-type=\"widget\" data-widget_type=\"image.default\">\n\t\t\t\t<div class=\"elementor-widget-container\">\n\t\t\t\t\t\t\t\t\t\t\t\t\t\t\t<img fetchpriority=\"high\" decoding=\"async\" width=\"1472\" height=\"1235\" src=\"https:\/\/nagelgmbh.com\/wp-content\/uploads\/2024\/12\/aussen-nachher-scaled-e1740056825479.jpg\" class=\"attachment-full size-full wp-image-2502\" alt=\"\" srcset=\"https:\/\/nagelgmbh.com\/wp-content\/uploads\/2024\/12\/aussen-nachher-scaled-e1740056825479.jpg 1472w, https:\/\/nagelgmbh.com\/wp-content\/uploads\/2024\/12\/aussen-nachher-scaled-e1740056825479-300x252.jpg 300w, https:\/\/nagelgmbh.com\/wp-content\/uploads\/2024\/12\/aussen-nachher-scaled-e1740056825479-1024x859.jpg 1024w, https:\/\/nagelgmbh.com\/wp-content\/uploads\/2024\/12\/aussen-nachher-scaled-e1740056825479-768x644.jpg 768w\" sizes=\"(max-width: 1472px) 100vw, 1472px\" \/>\t\t\t\t\t\t\t\t\t\t\t\t\t\t\t<\/div>\n\t\t\t\t<\/div>\n\t\t\t\t<\/div>\n\t\t<div class=\"elementor-element elementor-element-e5eba35 e-con-full e-flex e-con e-child\" data-id=\"e5eba35\" data-element_type=\"container\" data-e-type=\"container\">\n\t\t\t\t<div class=\"elementor-element elementor-element-30b1d18 elementor-widget elementor-widget-text-editor\" data-id=\"30b1d18\" data-element_type=\"widget\" data-e-type=\"widget\" data-widget_type=\"text-editor.default\">\n\t\t\t\t<div class=\"elementor-widget-container\">\n\t\t\t\t\t\t\t\t\t<p>This property in Bernsaustra\u00dfe in Velbert has been extensively renovated and modernized to meet the highest standards.<\/p>\t\t\t\t\t\t\t\t<\/div>\n\t\t\t\t<\/div>\n\t\t\t\t<\/div>\n\t\t\t\t<div class=\"elementor-element elementor-element-829f559 elementor-widget elementor-widget-button\" data-id=\"829f559\" data-element_type=\"widget\" data-e-type=\"widget\" data-widget_type=\"button.default\">\n\t\t\t\t<div class=\"elementor-widget-container\">\n\t\t\t\t\t\t\t\t\t<div class=\"elementor-button-wrapper\">\n\t\t\t\t\t<a class=\"elementor-button elementor-button-link elementor-size-sm\" href=\"https:\/\/nagelgmbh.com\/en\/portfolio-bernsaustr-1-5\/\">\n\t\t\t\t\t\t<span class=\"elementor-button-content-wrapper\">\n\t\t\t\t\t\t\t\t\t<span class=\"elementor-button-text\">View details<\/span>\n\t\t\t\t\t<\/span>\n\t\t\t\t\t<\/a>\n\t\t\t\t<\/div>\n\t\t\t\t\t\t\t\t<\/div>\n\t\t\t\t<\/div>\n\t\t\t\t<\/div>\n\t\t<div class=\"elementor-element elementor-element-3993d24 e-con-full e-flex e-con e-child\" data-id=\"3993d24\" data-element_type=\"container\" data-e-type=\"container\" data-settings=\"{&quot;background_background&quot;:&quot;classic&quot;}\">\n\t\t<div class=\"elementor-element elementor-element-bdbd3b0 e-con-full e-flex e-con e-child\" data-id=\"bdbd3b0\" data-element_type=\"container\" data-e-type=\"container\">\n\t\t\t\t<div class=\"elementor-element elementor-element-95c1362 elementor-widget elementor-widget-image\" data-id=\"95c1362\" data-element_type=\"widget\" data-e-type=\"widget\" data-widget_type=\"image.default\">\n\t\t\t\t<div class=\"elementor-widget-container\">\n\t\t\t\t\t\t\t\t\t\t\t\t\t\t\t<img decoding=\"async\" src=\"https:\/\/nagelgmbh.com\/wp-content\/uploads\/2025\/03\/WhatsApp-Image-2025-03-25-at-13.49.26.jpeg\" title=\"WhatsApp Image 2025-03-25 at 13.49.26\" alt=\"WhatsApp Image 2025-03-25 at 13.49.26\" loading=\"lazy\" \/>\t\t\t\t\t\t\t\t\t\t\t\t\t\t\t<\/div>\n\t\t\t\t<\/div>\n\t\t\t\t<\/div>\n\t\t<div class=\"elementor-element elementor-element-d568fff e-con-full e-flex e-con e-child\" data-id=\"d568fff\" data-element_type=\"container\" data-e-type=\"container\">\n\t\t\t\t<div class=\"elementor-element elementor-element-a19763c elementor-widget elementor-widget-text-editor\" data-id=\"a19763c\" data-element_type=\"widget\" data-e-type=\"widget\" data-widget_type=\"text-editor.default\">\n\t\t\t\t<div class=\"elementor-widget-container\">\n\t\t\t\t\t\t\t\t\t<p>The renovation of this listed property was carried out with great attention to historical details and sustainable improvements.<\/p>\t\t\t\t\t\t\t\t<\/div>\n\t\t\t\t<\/div>\n\t\t\t\t<\/div>\n\t\t\t\t<div class=\"elementor-element elementor-element-db44fd5 elementor-widget elementor-widget-button\" data-id=\"db44fd5\" data-element_type=\"widget\" data-e-type=\"widget\" data-widget_type=\"button.default\">\n\t\t\t\t<div class=\"elementor-widget-container\">\n\t\t\t\t\t\t\t\t\t<div class=\"elementor-button-wrapper\">\n\t\t\t\t\t<a class=\"elementor-button elementor-button-link elementor-size-sm\" href=\"https:\/\/nagelgmbh.com\/en\/portfolio-bonsfelder-str-25\/\">\n\t\t\t\t\t\t<span class=\"elementor-button-content-wrapper\">\n\t\t\t\t\t\t\t\t\t<span class=\"elementor-button-text\">View details<\/span>\n\t\t\t\t\t<\/span>\n\t\t\t\t\t<\/a>\n\t\t\t\t<\/div>\n\t\t\t\t\t\t\t\t<\/div>\n\t\t\t\t<\/div>\n\t\t\t\t<\/div>\n\t\t<div class=\"elementor-element elementor-element-e261a9b e-con-full e-flex e-con e-child\" data-id=\"e261a9b\" data-element_type=\"container\" data-e-type=\"container\" data-settings=\"{&quot;background_background&quot;:&quot;classic&quot;}\">\n\t\t<div class=\"elementor-element elementor-element-51fc165 e-con-full e-flex e-con e-child\" data-id=\"51fc165\" data-element_type=\"container\" data-e-type=\"container\">\n\t\t\t\t<div class=\"elementor-element elementor-element-b4690c0 elementor-widget elementor-widget-image\" data-id=\"b4690c0\" data-element_type=\"widget\" data-e-type=\"widget\" data-widget_type=\"image.default\">\n\t\t\t\t<div class=\"elementor-widget-container\">\n\t\t\t\t\t\t\t\t\t\t\t\t\t\t\t<img decoding=\"async\" width=\"2560\" height=\"1920\" src=\"https:\/\/nagelgmbh.com\/wp-content\/uploads\/2025\/01\/20241229_144549-scaled.jpg\" class=\"attachment-full size-full wp-image-2934\" alt=\"\" srcset=\"https:\/\/nagelgmbh.com\/wp-content\/uploads\/2025\/01\/20241229_144549-scaled.jpg 2560w, https:\/\/nagelgmbh.com\/wp-content\/uploads\/2025\/01\/20241229_144549-300x225.jpg 300w, https:\/\/nagelgmbh.com\/wp-content\/uploads\/2025\/01\/20241229_144549-1024x768.jpg 1024w, https:\/\/nagelgmbh.com\/wp-content\/uploads\/2025\/01\/20241229_144549-768x576.jpg 768w, https:\/\/nagelgmbh.com\/wp-content\/uploads\/2025\/01\/20241229_144549-1536x1152.jpg 1536w, https:\/\/nagelgmbh.com\/wp-content\/uploads\/2025\/01\/20241229_144549-2048x1536.jpg 2048w\" sizes=\"(max-width: 2560px) 100vw, 2560px\" \/>\t\t\t\t\t\t\t\t\t\t\t\t\t\t\t<\/div>\n\t\t\t\t<\/div>\n\t\t\t\t<\/div>\n\t\t<div class=\"elementor-element elementor-element-382d35b e-con-full e-flex e-con e-child\" data-id=\"382d35b\" data-element_type=\"container\" data-e-type=\"container\">\n\t\t\t\t<div class=\"elementor-element elementor-element-91c5083 elementor-widget elementor-widget-text-editor\" data-id=\"91c5083\" data-element_type=\"widget\" data-e-type=\"widget\" data-widget_type=\"text-editor.default\">\n\t\t\t\t<div class=\"elementor-widget-container\">\n\t\t\t\t\t\t\t\t\t<p>To increase energy efficiency and living comfort, old skylights were replaced with modern versions. New heating systems were also installed.<\/p>\t\t\t\t\t\t\t\t<\/div>\n\t\t\t\t<\/div>\n\t\t\t\t<\/div>\n\t\t\t\t<div class=\"elementor-element elementor-element-40219c0 elementor-widget elementor-widget-button\" data-id=\"40219c0\" data-element_type=\"widget\" data-e-type=\"widget\" data-widget_type=\"button.default\">\n\t\t\t\t<div class=\"elementor-widget-container\">\n\t\t\t\t\t\t\t\t\t<div class=\"elementor-button-wrapper\">\n\t\t\t\t\t<a class=\"elementor-button elementor-button-link elementor-size-sm\" href=\"https:\/\/nagelgmbh.com\/en\/portfolio-heidestrasse-4-8-and-mettmanner-strasse-66\/\">\n\t\t\t\t\t\t<span class=\"elementor-button-content-wrapper\">\n\t\t\t\t\t\t\t\t\t<span class=\"elementor-button-text\">View details<\/span>\n\t\t\t\t\t<\/span>\n\t\t\t\t\t<\/a>\n\t\t\t\t<\/div>\n\t\t\t\t\t\t\t\t<\/div>\n\t\t\t\t<\/div>\n\t\t\t\t<\/div>\n\t\t\t\t<\/div>\n\t\t<div class=\"elementor-element elementor-element-9a7d399 e-con-full e-flex e-con e-child\" data-id=\"9a7d399\" data-element_type=\"container\" data-e-type=\"container\">\n\t\t\t\t<div class=\"elementor-element elementor-element-fb651b9 elementor-widget elementor-widget-button\" data-id=\"fb651b9\" data-element_type=\"widget\" data-e-type=\"widget\" data-widget_type=\"button.default\">\n\t\t\t\t<div class=\"elementor-widget-container\">\n\t\t\t\t\t\t\t\t\t<div class=\"elementor-button-wrapper\">\n\t\t\t\t\t<a class=\"elementor-button elementor-button-link elementor-size-sm\" href=\"https:\/\/nagelgmbh.com\/en\/investment-portfolio\/\">\n\t\t\t\t\t\t<span class=\"elementor-button-content-wrapper\">\n\t\t\t\t\t\t<span class=\"elementor-button-icon\">\n\t\t\t\t<svg aria-hidden=\"true\" class=\"e-font-icon-svg e-fas-arrow-right\" viewBox=\"0 0 448 512\" xmlns=\"http:\/\/www.w3.org\/2000\/svg\"><path d=\"M190.5 66.9l22.2-22.2c9.4-9.4 24.6-9.4 33.9 0L441 239c9.4 9.4 9.4 24.6 0 33.9L246.6 467.3c-9.4 9.4-24.6 9.4-33.9 0l-22.2-22.2c-9.5-9.5-9.3-25 .4-34.3L311.4 296H24c-13.3 0-24-10.7-24-24v-32c0-13.3 10.7-24 24-24h287.4L190.9 101.2c-9.8-9.3-10-24.8-.4-34.3z\"><\/path><\/svg>\t\t\t<\/span>\n\t\t\t\t\t\t\t\t\t<span class=\"elementor-button-text\">View more<\/span>\n\t\t\t\t\t<\/span>\n\t\t\t\t\t<\/a>\n\t\t\t\t<\/div>\n\t\t\t\t\t\t\t\t<\/div>\n\t\t\t\t<\/div>\n\t\t\t\t<\/div>\n\t\t\t\t\t<\/div>\n\t\t\t\t<\/div>\n\t\t\t\t<\/div>\n\t\t\t\t<\/div>\n\t\t","protected":false},"excerpt":{"rendered":"<p>Real estate investment Your partner for real estate development Your investment in good hands &#8211; High performance, secure returns in turbulent times&#8211; Real values&#8211; Sustainability and modern energy management&#8211; Above-average returns&#8211; Additional participation in rental and sales proceeds negotiable &#8211; Deposits from EUR 100,000 Benefit from our 35 years of experience! Contact us and arrange [&hellip;]<\/p>\n","protected":false},"author":1,"featured_media":0,"parent":0,"menu_order":0,"comment_status":"closed","ping_status":"closed","template":"","meta":{"footnotes":""},"class_list":["post-3215","page","type-page","status-publish","hentry"],"yoast_head":"<!-- This site is optimized with the Yoast SEO plugin v25.1 - https:\/\/yoast.com\/wordpress\/plugins\/seo\/ -->\n<title>Home Real Estate Investment - Verm\u00f6gensverwaltung Nagel GmbH<\/title>\n<meta name=\"robots\" content=\"index, follow, max-snippet:-1, max-image-preview:large, max-video-preview:-1\" \/>\n<link rel=\"canonical\" href=\"https:\/\/nagelgmbh.com\/en\/home-real-estate-investment\/\" \/>\n<meta property=\"og:locale\" content=\"en_US\" \/>\n<meta property=\"og:type\" content=\"article\" \/>\n<meta property=\"og:title\" content=\"Home Real Estate Investment - Verm\u00f6gensverwaltung Nagel GmbH\" \/>\n<meta property=\"og:description\" content=\"Real estate investment Your partner for real estate development Your investment in good hands &#8211; High performance, secure returns in turbulent times&#8211; Real values&#8211; Sustainability and modern energy management&#8211; Above-average returns&#8211; Additional participation in rental and sales proceeds negotiable &#8211; Deposits from EUR 100,000 Benefit from our 35 years of experience! Contact us and arrange [&hellip;]\" \/>\n<meta property=\"og:url\" content=\"https:\/\/nagelgmbh.com\/en\/home-real-estate-investment\/\" \/>\n<meta property=\"og:site_name\" content=\"Verm\u00f6gensverwaltung Nagel GmbH\" \/>\n<meta property=\"article:modified_time\" content=\"2025-05-22T12:54:45+00:00\" \/>\n<meta property=\"og:image\" content=\"https:\/\/nagelgmbh.com\/wp-content\/uploads\/2024\/12\/aussen-nachher-scaled-e1740056825479.jpg\" \/>\n<meta name=\"twitter:card\" content=\"summary_large_image\" \/>\n<meta name=\"twitter:label1\" content=\"Est. reading time\" \/>\n\t<meta name=\"twitter:data1\" content=\"1 minute\" \/>\n<script type=\"application\/ld+json\" class=\"yoast-schema-graph\">{\"@context\":\"https:\/\/schema.org\",\"@graph\":[{\"@type\":\"WebPage\",\"@id\":\"https:\/\/nagelgmbh.com\/en\/home-real-estate-investment\/\",\"url\":\"https:\/\/nagelgmbh.com\/en\/home-real-estate-investment\/\",\"name\":\"Home Real Estate Investment - Verm\u00f6gensverwaltung Nagel GmbH\",\"isPartOf\":{\"@id\":\"https:\/\/nagelgmbh.com\/en\/#website\"},\"primaryImageOfPage\":{\"@id\":\"https:\/\/nagelgmbh.com\/en\/home-real-estate-investment\/#primaryimage\"},\"image\":{\"@id\":\"https:\/\/nagelgmbh.com\/en\/home-real-estate-investment\/#primaryimage\"},\"thumbnailUrl\":\"https:\/\/nagelgmbh.com\/wp-content\/uploads\/2024\/12\/aussen-nachher-scaled-e1740056825479.jpg\",\"datePublished\":\"2025-01-04T13:49:54+00:00\",\"dateModified\":\"2025-05-22T12:54:45+00:00\",\"breadcrumb\":{\"@id\":\"https:\/\/nagelgmbh.com\/en\/home-real-estate-investment\/#breadcrumb\"},\"inLanguage\":\"en-US\",\"potentialAction\":[{\"@type\":\"ReadAction\",\"target\":[\"https:\/\/nagelgmbh.com\/en\/home-real-estate-investment\/\"]}]},{\"@type\":\"ImageObject\",\"inLanguage\":\"en-US\",\"@id\":\"https:\/\/nagelgmbh.com\/en\/home-real-estate-investment\/#primaryimage\",\"url\":\"https:\/\/nagelgmbh.com\/wp-content\/uploads\/2024\/12\/aussen-nachher-scaled-e1740056825479.jpg\",\"contentUrl\":\"https:\/\/nagelgmbh.com\/wp-content\/uploads\/2024\/12\/aussen-nachher-scaled-e1740056825479.jpg\"},{\"@type\":\"BreadcrumbList\",\"@id\":\"https:\/\/nagelgmbh.com\/en\/home-real-estate-investment\/#breadcrumb\",\"itemListElement\":[{\"@type\":\"ListItem\",\"position\":1,\"name\":\"Startseite\",\"item\":\"https:\/\/nagelgmbh.com\/en\/\"},{\"@type\":\"ListItem\",\"position\":2,\"name\":\"Home Real Estate Investment\"}]},{\"@type\":\"WebSite\",\"@id\":\"https:\/\/nagelgmbh.com\/en\/#website\",\"url\":\"https:\/\/nagelgmbh.com\/en\/\",\"name\":\"Verm\u00f6gensverwaltung Nagel GmbH\",\"description\":\"Verm\u00f6gensverwaltung und Immobilien D\u00fcsseldorf\",\"publisher\":{\"@id\":\"https:\/\/nagelgmbh.com\/en\/#organization\"},\"potentialAction\":[{\"@type\":\"SearchAction\",\"target\":{\"@type\":\"EntryPoint\",\"urlTemplate\":\"https:\/\/nagelgmbh.com\/en\/?s={search_term_string}\"},\"query-input\":{\"@type\":\"PropertyValueSpecification\",\"valueRequired\":true,\"valueName\":\"search_term_string\"}}],\"inLanguage\":\"en-US\"},{\"@type\":\"Organization\",\"@id\":\"https:\/\/nagelgmbh.com\/en\/#organization\",\"name\":\"Verm\u00f6gensverwaltung Nagel GmbH\",\"url\":\"https:\/\/nagelgmbh.com\/en\/\",\"logo\":{\"@type\":\"ImageObject\",\"inLanguage\":\"en-US\",\"@id\":\"https:\/\/nagelgmbh.com\/en\/#\/schema\/logo\/image\/\",\"url\":\"https:\/\/nagelgmbh.com\/wp-content\/uploads\/2025\/01\/Logo.png\",\"contentUrl\":\"https:\/\/nagelgmbh.com\/wp-content\/uploads\/2025\/01\/Logo.png\",\"width\":493,\"height\":172,\"caption\":\"Verm\u00f6gensverwaltung Nagel GmbH\"},\"image\":{\"@id\":\"https:\/\/nagelgmbh.com\/en\/#\/schema\/logo\/image\/\"}}]}<\/script>\n<!-- \/ Yoast SEO plugin. -->","yoast_head_json":{"title":"Home Real Estate Investment - Verm\u00f6gensverwaltung Nagel GmbH","robots":{"index":"index","follow":"follow","max-snippet":"max-snippet:-1","max-image-preview":"max-image-preview:large","max-video-preview":"max-video-preview:-1"},"canonical":"https:\/\/nagelgmbh.com\/en\/home-real-estate-investment\/","og_locale":"en_US","og_type":"article","og_title":"Home Real Estate Investment - Verm\u00f6gensverwaltung Nagel GmbH","og_description":"Real estate investment Your partner for real estate development Your investment in good hands &#8211; High performance, secure returns in turbulent times&#8211; Real values&#8211; Sustainability and modern energy management&#8211; Above-average returns&#8211; Additional participation in rental and sales proceeds negotiable &#8211; Deposits from EUR 100,000 Benefit from our 35 years of experience! Contact us and arrange [&hellip;]","og_url":"https:\/\/nagelgmbh.com\/en\/home-real-estate-investment\/","og_site_name":"Verm\u00f6gensverwaltung Nagel GmbH","article_modified_time":"2025-05-22T12:54:45+00:00","og_image":[{"url":"https:\/\/nagelgmbh.com\/wp-content\/uploads\/2024\/12\/aussen-nachher-scaled-e1740056825479.jpg","type":"","width":"","height":""}],"twitter_card":"summary_large_image","twitter_misc":{"Est. reading time":"1 minute"},"schema":{"@context":"https:\/\/schema.org","@graph":[{"@type":"WebPage","@id":"https:\/\/nagelgmbh.com\/en\/home-real-estate-investment\/","url":"https:\/\/nagelgmbh.com\/en\/home-real-estate-investment\/","name":"Home Real Estate Investment - Verm\u00f6gensverwaltung Nagel GmbH","isPartOf":{"@id":"https:\/\/nagelgmbh.com\/en\/#website"},"primaryImageOfPage":{"@id":"https:\/\/nagelgmbh.com\/en\/home-real-estate-investment\/#primaryimage"},"image":{"@id":"https:\/\/nagelgmbh.com\/en\/home-real-estate-investment\/#primaryimage"},"thumbnailUrl":"https:\/\/nagelgmbh.com\/wp-content\/uploads\/2024\/12\/aussen-nachher-scaled-e1740056825479.jpg","datePublished":"2025-01-04T13:49:54+00:00","dateModified":"2025-05-22T12:54:45+00:00","breadcrumb":{"@id":"https:\/\/nagelgmbh.com\/en\/home-real-estate-investment\/#breadcrumb"},"inLanguage":"en-US","potentialAction":[{"@type":"ReadAction","target":["https:\/\/nagelgmbh.com\/en\/home-real-estate-investment\/"]}]},{"@type":"ImageObject","inLanguage":"en-US","@id":"https:\/\/nagelgmbh.com\/en\/home-real-estate-investment\/#primaryimage","url":"https:\/\/nagelgmbh.com\/wp-content\/uploads\/2024\/12\/aussen-nachher-scaled-e1740056825479.jpg","contentUrl":"https:\/\/nagelgmbh.com\/wp-content\/uploads\/2024\/12\/aussen-nachher-scaled-e1740056825479.jpg"},{"@type":"BreadcrumbList","@id":"https:\/\/nagelgmbh.com\/en\/home-real-estate-investment\/#breadcrumb","itemListElement":[{"@type":"ListItem","position":1,"name":"Startseite","item":"https:\/\/nagelgmbh.com\/en\/"},{"@type":"ListItem","position":2,"name":"Home Real Estate Investment"}]},{"@type":"WebSite","@id":"https:\/\/nagelgmbh.com\/en\/#website","url":"https:\/\/nagelgmbh.com\/en\/","name":"Verm\u00f6gensverwaltung Nagel GmbH","description":"Verm\u00f6gensverwaltung und Immobilien D\u00fcsseldorf","publisher":{"@id":"https:\/\/nagelgmbh.com\/en\/#organization"},"potentialAction":[{"@type":"SearchAction","target":{"@type":"EntryPoint","urlTemplate":"https:\/\/nagelgmbh.com\/en\/?s={search_term_string}"},"query-input":{"@type":"PropertyValueSpecification","valueRequired":true,"valueName":"search_term_string"}}],"inLanguage":"en-US"},{"@type":"Organization","@id":"https:\/\/nagelgmbh.com\/en\/#organization","name":"Verm\u00f6gensverwaltung Nagel GmbH","url":"https:\/\/nagelgmbh.com\/en\/","logo":{"@type":"ImageObject","inLanguage":"en-US","@id":"https:\/\/nagelgmbh.com\/en\/#\/schema\/logo\/image\/","url":"https:\/\/nagelgmbh.com\/wp-content\/uploads\/2025\/01\/Logo.png","contentUrl":"https:\/\/nagelgmbh.com\/wp-content\/uploads\/2025\/01\/Logo.png","width":493,"height":172,"caption":"Verm\u00f6gensverwaltung Nagel GmbH"},"image":{"@id":"https:\/\/nagelgmbh.com\/en\/#\/schema\/logo\/image\/"}}]}},"_links":{"self":[{"href":"https:\/\/nagelgmbh.com\/en\/wp-json\/wp\/v2\/pages\/3215","targetHints":{"allow":["GET"]}}],"collection":[{"href":"https:\/\/nagelgmbh.com\/en\/wp-json\/wp\/v2\/pages"}],"about":[{"href":"https:\/\/nagelgmbh.com\/en\/wp-json\/wp\/v2\/types\/page"}],"author":[{"embeddable":true,"href":"https:\/\/nagelgmbh.com\/en\/wp-json\/wp\/v2\/users\/1"}],"replies":[{"embeddable":true,"href":"https:\/\/nagelgmbh.com\/en\/wp-json\/wp\/v2\/comments?post=3215"}],"version-history":[{"count":5,"href":"https:\/\/nagelgmbh.com\/en\/wp-json\/wp\/v2\/pages\/3215\/revisions"}],"predecessor-version":[{"id":3570,"href":"https:\/\/nagelgmbh.com\/en\/wp-json\/wp\/v2\/pages\/3215\/revisions\/3570"}],"wp:attachment":[{"href":"https:\/\/nagelgmbh.com\/en\/wp-json\/wp\/v2\/media?parent=3215"}],"curies":[{"name":"wp","href":"https:\/\/api.w.org\/{rel}","templated":true}]}}