{"id":3309,"date":"2025-01-04T16:57:15","date_gmt":"2025-01-04T15:57:15","guid":{"rendered":"https:\/\/nagelgmbh.com\/%e4%b8%aa%e4%ba%ba%e7%a7%9f%e7%ba%a6%e7%ae%a1%e7%90%86\/"},"modified":"2025-05-22T14:49:10","modified_gmt":"2025-05-22T12:49:10","slug":"%e4%b8%aa%e4%ba%ba%e7%a7%9f%e7%ba%a6%e7%ae%a1%e7%90%86","status":"publish","type":"page","link":"https:\/\/nagelgmbh.com\/zh-hans\/%e4%b8%aa%e4%ba%ba%e7%a7%9f%e7%ba%a6%e7%ae%a1%e7%90%86\/","title":{"rendered":"\u4e2a\u4eba\u79df\u7ea6\u7ba1\u7406"},"content":{"rendered":"\t\t<div data-elementor-type=\"wp-page\" data-elementor-id=\"3309\" class=\"elementor elementor-3309 elementor-634\" data-elementor-post-type=\"page\">\n\t\t\t\t<div class=\"elementor-element elementor-element-ddba909 e-con-full e-flex e-con e-parent\" data-id=\"ddba909\" data-element_type=\"container\" data-e-type=\"container\">\n\t\t<div class=\"elementor-element elementor-element-a35b20a e-con-full animated-fast e-flex elementor-invisible e-con e-child\" data-id=\"a35b20a\" data-element_type=\"container\" data-e-type=\"container\" data-settings=\"{&quot;background_background&quot;:&quot;classic&quot;,&quot;animation&quot;:&quot;fadeIn&quot;,&quot;animation_delay&quot;:0}\">\n\t\t<div class=\"elementor-element elementor-element-74bb110 e-con-full animated-fast e-flex elementor-invisible e-con e-child\" data-id=\"74bb110\" data-element_type=\"container\" data-e-type=\"container\" data-settings=\"{&quot;animation&quot;:&quot;fadeIn&quot;,&quot;animation_delay&quot;:200}\">\n\t\t\t\t<div class=\"elementor-element elementor-element-cf74d03 elementor-widget elementor-widget-heading\" data-id=\"cf74d03\" data-element_type=\"widget\" data-e-type=\"widget\" data-widget_type=\"heading.default\">\n\t\t\t\t<div class=\"elementor-widget-container\">\n\t\t\t\t\t<h2 class=\"elementor-heading-title elementor-size-default\">\u4e2a\u4eba\u79df\u7ea6\u7ba1\u7406<\/h2>\t\t\t\t<\/div>\n\t\t\t\t<\/div>\n\t\t\t\t<\/div>\n\t\t<div class=\"elementor-element elementor-element-0e387d6 e-con-full e-flex e-con e-child\" data-id=\"0e387d6\" data-element_type=\"container\" data-e-type=\"container\" data-settings=\"{&quot;background_background&quot;:&quot;classic&quot;}\">\n\t\t\t\t<\/div>\n\t\t\t\t<\/div>\n\t\t<div class=\"elementor-element elementor-element-e7427d8 animated-fast e-flex e-con-boxed elementor-invisible e-con e-child\" data-id=\"e7427d8\" data-element_type=\"container\" data-e-type=\"container\" data-settings=\"{&quot;animation&quot;:&quot;fadeIn&quot;,&quot;animation_delay&quot;:400}\">\n\t\t\t\t\t<div class=\"e-con-inner\">\n\t\t\t\t<div class=\"elementor-element elementor-element-3c5de3b elementor-widget elementor-widget-text-editor\" data-id=\"3c5de3b\" data-element_type=\"widget\" data-e-type=\"widget\" data-widget_type=\"text-editor.default\">\n\t\t\t\t<div class=\"elementor-widget-container\">\n\t\t\t\t\t\t\t\t\t<p>\u5728\u4e2a\u4eba\u516c\u5bd3\u7684\u7ba1\u7406\u65b9\u9762\uff0c\u6211\u4eec\u4e3b\u8981\u4e3a\u60a8\u63d0\u4f9b\u4ee5\u4e0b\u670d\u52a1\uff1a<\/p><ul><li>\u76d1\u7763\u79df\u91d1\u548c\u670d\u52a1\u8d39\u7684\u652f\u4ed8<\/li><li>\u4ed8\u6b3e\u4ea4\u6613<\/li><li>\u9093\u5b81<\/li><li>\u5e74\u5ea6\u62a5\u8868<\/li><li>\u670d\u52a1\u8d39\u7ed3\u7b97<\/li><li>\u4f1a\u8ba1<\/li><li>\u5b58\u6b3e\u5904\u7406<\/li><\/ul><p>\u6211\u4eec\u4e5f\u53ef\u4ee5\u4e3a\u60a8\u89e3\u51b3\u8fd9\u4e2a\u95ee\u9898\uff1a<\/p><ul><li>\u79df\u6237\u641c\u7d22<\/li><li>\u5e7f\u544a\u6295\u653e<\/li><li>\u53c2\u89c2<\/li><li>\u4fe1\u7528\u8bc4\u4f30<\/li><li>\u51c6\u5907\u79df\u8d41\u534f\u8bae<\/li><li>\u79df\u8d41\u7269\u4e1a\u7684\u9a8c\u6536\u548c\u79fb\u4ea4<\/li><li>\u5b58\u6b3e\u652f\u4ed8<\/li><\/ul><p>\u6211\u4eec\u8fd8\u4e3a\u60a8\u63d0\u4f9b\u7ef4\u4fee\u3001\u7ffb\u65b0\u3001\u7ffb\u65b0\u548c\u73b0\u4ee3\u5316\u63aa\u65bd\u7b49\u65b9\u9762\u7684\u5efa\u8bae\u548c\u652f\u6301\uff1a<\/p><ul><li>\u7b7e\u8ba2\u7ef4\u62a4\u5408\u540c<\/li><li>\u8be2\u4ef7<\/li><li>\u7531\u5408\u683c\u6280\u5de5\u8fdb\u884c\u7ef4\u62a4\u548c\u4fee\u7406<\/li><li>\u63a7\u5236\u548c\u76d1\u6d4b\u5916\u89c2\u7ef4\u4fee<\/li><\/ul><p> <\/p>\t\t\t\t\t\t\t\t<\/div>\n\t\t\t\t<\/div>\n\t\t\t\t\t<\/div>\n\t\t\t\t<\/div>\n\t\t\t\t<\/div>\n\t\t\t\t<\/div>\n\t\t","protected":false},"excerpt":{"rendered":"<p>\u4e2a\u4eba\u79df\u7ea6\u7ba1\u7406 \u5728\u4e2a\u4eba\u516c\u5bd3\u7684\u7ba1\u7406\u65b9\u9762\uff0c\u6211\u4eec\u4e3b\u8981\u4e3a\u60a8\u63d0\u4f9b\u4ee5\u4e0b\u670d\u52a1\uff1a \u76d1\u7763\u79df\u91d1\u548c\u670d\u52a1\u8d39\u7684\u652f\u4ed8 \u4ed8\u6b3e\u4ea4\u6613 \u9093\u5b81 \u5e74\u5ea6\u62a5 [&hellip;]<\/p>\n","protected":false},"author":1,"featured_media":0,"parent":0,"menu_order":0,"comment_status":"closed","ping_status":"closed","template":"","meta":{"footnotes":""},"class_list":["post-3309","page","type-page","status-publish","hentry"],"yoast_head":"<!-- This site is optimized with the Yoast SEO plugin v25.1 - https:\/\/yoast.com\/wordpress\/plugins\/seo\/ -->\n<title>\u4e2a\u4eba\u79df\u7ea6\u7ba1\u7406 - Verm\u00f6gensverwaltung Nagel GmbH<\/title>\n<meta name=\"robots\" content=\"index, follow, max-snippet:-1, max-image-preview:large, max-video-preview:-1\" \/>\n<link rel=\"canonical\" href=\"https:\/\/nagelgmbh.com\/zh-hans\/%e4%b8%aa%e4%ba%ba%e7%a7%9f%e7%ba%a6%e7%ae%a1%e7%90%86\/\" \/>\n<meta property=\"og:locale\" content=\"zh_CN\" \/>\n<meta property=\"og:type\" content=\"article\" \/>\n<meta property=\"og:title\" content=\"\u4e2a\u4eba\u79df\u7ea6\u7ba1\u7406 - Verm\u00f6gensverwaltung Nagel GmbH\" \/>\n<meta property=\"og:description\" content=\"\u4e2a\u4eba\u79df\u7ea6\u7ba1\u7406 \u5728\u4e2a\u4eba\u516c\u5bd3\u7684\u7ba1\u7406\u65b9\u9762\uff0c\u6211\u4eec\u4e3b\u8981\u4e3a\u60a8\u63d0\u4f9b\u4ee5\u4e0b\u670d\u52a1\uff1a \u76d1\u7763\u79df\u91d1\u548c\u670d\u52a1\u8d39\u7684\u652f\u4ed8 \u4ed8\u6b3e\u4ea4\u6613 \u9093\u5b81 \u5e74\u5ea6\u62a5 [&hellip;]\" \/>\n<meta property=\"og:url\" content=\"https:\/\/nagelgmbh.com\/zh-hans\/%e4%b8%aa%e4%ba%ba%e7%a7%9f%e7%ba%a6%e7%ae%a1%e7%90%86\/\" \/>\n<meta property=\"og:site_name\" content=\"Verm\u00f6gensverwaltung Nagel GmbH\" \/>\n<meta property=\"article:modified_time\" content=\"2025-05-22T12:49:10+00:00\" \/>\n<meta name=\"twitter:card\" content=\"summary_large_image\" \/>\n<script type=\"application\/ld+json\" class=\"yoast-schema-graph\">{\"@context\":\"https:\/\/schema.org\",\"@graph\":[{\"@type\":\"WebPage\",\"@id\":\"https:\/\/nagelgmbh.com\/zh-hans\/%e4%b8%aa%e4%ba%ba%e7%a7%9f%e7%ba%a6%e7%ae%a1%e7%90%86\/\",\"url\":\"https:\/\/nagelgmbh.com\/zh-hans\/%e4%b8%aa%e4%ba%ba%e7%a7%9f%e7%ba%a6%e7%ae%a1%e7%90%86\/\",\"name\":\"\u4e2a\u4eba\u79df\u7ea6\u7ba1\u7406 - Verm\u00f6gensverwaltung Nagel GmbH\",\"isPartOf\":{\"@id\":\"https:\/\/nagelgmbh.com\/zh-hans\/#website\"},\"datePublished\":\"2025-01-04T15:57:15+00:00\",\"dateModified\":\"2025-05-22T12:49:10+00:00\",\"breadcrumb\":{\"@id\":\"https:\/\/nagelgmbh.com\/zh-hans\/%e4%b8%aa%e4%ba%ba%e7%a7%9f%e7%ba%a6%e7%ae%a1%e7%90%86\/#breadcrumb\"},\"inLanguage\":\"zh-Hans\",\"potentialAction\":[{\"@type\":\"ReadAction\",\"target\":[\"https:\/\/nagelgmbh.com\/zh-hans\/%e4%b8%aa%e4%ba%ba%e7%a7%9f%e7%ba%a6%e7%ae%a1%e7%90%86\/\"]}]},{\"@type\":\"BreadcrumbList\",\"@id\":\"https:\/\/nagelgmbh.com\/zh-hans\/%e4%b8%aa%e4%ba%ba%e7%a7%9f%e7%ba%a6%e7%ae%a1%e7%90%86\/#breadcrumb\",\"itemListElement\":[{\"@type\":\"ListItem\",\"position\":1,\"name\":\"Startseite\",\"item\":\"https:\/\/nagelgmbh.com\/zh-hans\/\"},{\"@type\":\"ListItem\",\"position\":2,\"name\":\"\u4e2a\u4eba\u79df\u7ea6\u7ba1\u7406\"}]},{\"@type\":\"WebSite\",\"@id\":\"https:\/\/nagelgmbh.com\/zh-hans\/#website\",\"url\":\"https:\/\/nagelgmbh.com\/zh-hans\/\",\"name\":\"Verm\u00f6gensverwaltung Nagel GmbH\",\"description\":\"Verm\u00f6gensverwaltung und Immobilien D\u00fcsseldorf\",\"publisher\":{\"@id\":\"https:\/\/nagelgmbh.com\/zh-hans\/#organization\"},\"potentialAction\":[{\"@type\":\"SearchAction\",\"target\":{\"@type\":\"EntryPoint\",\"urlTemplate\":\"https:\/\/nagelgmbh.com\/zh-hans\/?s={search_term_string}\"},\"query-input\":{\"@type\":\"PropertyValueSpecification\",\"valueRequired\":true,\"valueName\":\"search_term_string\"}}],\"inLanguage\":\"zh-Hans\"},{\"@type\":\"Organization\",\"@id\":\"https:\/\/nagelgmbh.com\/zh-hans\/#organization\",\"name\":\"Verm\u00f6gensverwaltung Nagel GmbH\",\"url\":\"https:\/\/nagelgmbh.com\/zh-hans\/\",\"logo\":{\"@type\":\"ImageObject\",\"inLanguage\":\"zh-Hans\",\"@id\":\"https:\/\/nagelgmbh.com\/zh-hans\/#\/schema\/logo\/image\/\",\"url\":\"https:\/\/nagelgmbh.com\/wp-content\/uploads\/2025\/01\/Logo.png\",\"contentUrl\":\"https:\/\/nagelgmbh.com\/wp-content\/uploads\/2025\/01\/Logo.png\",\"width\":493,\"height\":172,\"caption\":\"Verm\u00f6gensverwaltung Nagel GmbH\"},\"image\":{\"@id\":\"https:\/\/nagelgmbh.com\/zh-hans\/#\/schema\/logo\/image\/\"}}]}<\/script>\n<!-- \/ Yoast SEO plugin. -->","yoast_head_json":{"title":"\u4e2a\u4eba\u79df\u7ea6\u7ba1\u7406 - Verm\u00f6gensverwaltung Nagel GmbH","robots":{"index":"index","follow":"follow","max-snippet":"max-snippet:-1","max-image-preview":"max-image-preview:large","max-video-preview":"max-video-preview:-1"},"canonical":"https:\/\/nagelgmbh.com\/zh-hans\/%e4%b8%aa%e4%ba%ba%e7%a7%9f%e7%ba%a6%e7%ae%a1%e7%90%86\/","og_locale":"zh_CN","og_type":"article","og_title":"\u4e2a\u4eba\u79df\u7ea6\u7ba1\u7406 - Verm\u00f6gensverwaltung Nagel GmbH","og_description":"\u4e2a\u4eba\u79df\u7ea6\u7ba1\u7406 \u5728\u4e2a\u4eba\u516c\u5bd3\u7684\u7ba1\u7406\u65b9\u9762\uff0c\u6211\u4eec\u4e3b\u8981\u4e3a\u60a8\u63d0\u4f9b\u4ee5\u4e0b\u670d\u52a1\uff1a \u76d1\u7763\u79df\u91d1\u548c\u670d\u52a1\u8d39\u7684\u652f\u4ed8 \u4ed8\u6b3e\u4ea4\u6613 \u9093\u5b81 \u5e74\u5ea6\u62a5 [&hellip;]","og_url":"https:\/\/nagelgmbh.com\/zh-hans\/%e4%b8%aa%e4%ba%ba%e7%a7%9f%e7%ba%a6%e7%ae%a1%e7%90%86\/","og_site_name":"Verm\u00f6gensverwaltung Nagel GmbH","article_modified_time":"2025-05-22T12:49:10+00:00","twitter_card":"summary_large_image","schema":{"@context":"https:\/\/schema.org","@graph":[{"@type":"WebPage","@id":"https:\/\/nagelgmbh.com\/zh-hans\/%e4%b8%aa%e4%ba%ba%e7%a7%9f%e7%ba%a6%e7%ae%a1%e7%90%86\/","url":"https:\/\/nagelgmbh.com\/zh-hans\/%e4%b8%aa%e4%ba%ba%e7%a7%9f%e7%ba%a6%e7%ae%a1%e7%90%86\/","name":"\u4e2a\u4eba\u79df\u7ea6\u7ba1\u7406 - Verm\u00f6gensverwaltung Nagel GmbH","isPartOf":{"@id":"https:\/\/nagelgmbh.com\/zh-hans\/#website"},"datePublished":"2025-01-04T15:57:15+00:00","dateModified":"2025-05-22T12:49:10+00:00","breadcrumb":{"@id":"https:\/\/nagelgmbh.com\/zh-hans\/%e4%b8%aa%e4%ba%ba%e7%a7%9f%e7%ba%a6%e7%ae%a1%e7%90%86\/#breadcrumb"},"inLanguage":"zh-Hans","potentialAction":[{"@type":"ReadAction","target":["https:\/\/nagelgmbh.com\/zh-hans\/%e4%b8%aa%e4%ba%ba%e7%a7%9f%e7%ba%a6%e7%ae%a1%e7%90%86\/"]}]},{"@type":"BreadcrumbList","@id":"https:\/\/nagelgmbh.com\/zh-hans\/%e4%b8%aa%e4%ba%ba%e7%a7%9f%e7%ba%a6%e7%ae%a1%e7%90%86\/#breadcrumb","itemListElement":[{"@type":"ListItem","position":1,"name":"Startseite","item":"https:\/\/nagelgmbh.com\/zh-hans\/"},{"@type":"ListItem","position":2,"name":"\u4e2a\u4eba\u79df\u7ea6\u7ba1\u7406"}]},{"@type":"WebSite","@id":"https:\/\/nagelgmbh.com\/zh-hans\/#website","url":"https:\/\/nagelgmbh.com\/zh-hans\/","name":"Verm\u00f6gensverwaltung Nagel GmbH","description":"Verm\u00f6gensverwaltung und Immobilien D\u00fcsseldorf","publisher":{"@id":"https:\/\/nagelgmbh.com\/zh-hans\/#organization"},"potentialAction":[{"@type":"SearchAction","target":{"@type":"EntryPoint","urlTemplate":"https:\/\/nagelgmbh.com\/zh-hans\/?s={search_term_string}"},"query-input":{"@type":"PropertyValueSpecification","valueRequired":true,"valueName":"search_term_string"}}],"inLanguage":"zh-Hans"},{"@type":"Organization","@id":"https:\/\/nagelgmbh.com\/zh-hans\/#organization","name":"Verm\u00f6gensverwaltung Nagel GmbH","url":"https:\/\/nagelgmbh.com\/zh-hans\/","logo":{"@type":"ImageObject","inLanguage":"zh-Hans","@id":"https:\/\/nagelgmbh.com\/zh-hans\/#\/schema\/logo\/image\/","url":"https:\/\/nagelgmbh.com\/wp-content\/uploads\/2025\/01\/Logo.png","contentUrl":"https:\/\/nagelgmbh.com\/wp-content\/uploads\/2025\/01\/Logo.png","width":493,"height":172,"caption":"Verm\u00f6gensverwaltung Nagel GmbH"},"image":{"@id":"https:\/\/nagelgmbh.com\/zh-hans\/#\/schema\/logo\/image\/"}}]}},"_links":{"self":[{"href":"https:\/\/nagelgmbh.com\/zh-hans\/wp-json\/wp\/v2\/pages\/3309","targetHints":{"allow":["GET"]}}],"collection":[{"href":"https:\/\/nagelgmbh.com\/zh-hans\/wp-json\/wp\/v2\/pages"}],"about":[{"href":"https:\/\/nagelgmbh.com\/zh-hans\/wp-json\/wp\/v2\/types\/page"}],"author":[{"embeddable":true,"href":"https:\/\/nagelgmbh.com\/zh-hans\/wp-json\/wp\/v2\/users\/1"}],"replies":[{"embeddable":true,"href":"https:\/\/nagelgmbh.com\/zh-hans\/wp-json\/wp\/v2\/comments?post=3309"}],"version-history":[{"count":1,"href":"https:\/\/nagelgmbh.com\/zh-hans\/wp-json\/wp\/v2\/pages\/3309\/revisions"}],"predecessor-version":[{"id":3310,"href":"https:\/\/nagelgmbh.com\/zh-hans\/wp-json\/wp\/v2\/pages\/3309\/revisions\/3310"}],"wp:attachment":[{"href":"https:\/\/nagelgmbh.com\/zh-hans\/wp-json\/wp\/v2\/media?parent=3309"}],"curies":[{"name":"wp","href":"https:\/\/api.w.org\/{rel}","templated":true}]}}