{"id":3341,"date":"2025-01-04T16:53:17","date_gmt":"2025-01-04T15:53:17","guid":{"rendered":"https:\/\/nagelgmbh.com\/%e7%a7%9f%e8%b5%81%e7%ae%a1%e7%90%86\/"},"modified":"2025-05-25T17:21:45","modified_gmt":"2025-05-25T15:21:45","slug":"%e7%a7%9f%e8%b5%81%e7%ae%a1%e7%90%86","status":"publish","type":"page","link":"https:\/\/nagelgmbh.com\/zh-hans\/%e7%a7%9f%e8%b5%81%e7%ae%a1%e7%90%86\/","title":{"rendered":"\u79df\u8d41\u7ba1\u7406"},"content":{"rendered":"\t\t<div data-elementor-type=\"wp-page\" data-elementor-id=\"3341\" class=\"elementor elementor-3341 elementor-629\" data-elementor-post-type=\"page\">\n\t\t\t\t<div class=\"elementor-element elementor-element-b16f380 e-con-full e-flex e-con e-parent\" data-id=\"b16f380\" data-element_type=\"container\" data-e-type=\"container\">\n\t\t<div class=\"elementor-element elementor-element-04ba211 e-con-full animated-fast e-flex elementor-invisible e-con e-child\" data-id=\"04ba211\" data-element_type=\"container\" data-e-type=\"container\" data-settings=\"{&quot;background_background&quot;:&quot;classic&quot;,&quot;animation&quot;:&quot;fadeIn&quot;,&quot;animation_delay&quot;:0}\">\n\t\t<div class=\"elementor-element elementor-element-68d2c17 e-con-full animated-fast e-flex elementor-invisible e-con e-child\" data-id=\"68d2c17\" data-element_type=\"container\" data-e-type=\"container\" data-settings=\"{&quot;animation&quot;:&quot;fadeIn&quot;,&quot;animation_delay&quot;:200}\">\n\t\t\t\t<div class=\"elementor-element elementor-element-d039557 elementor-widget elementor-widget-heading\" data-id=\"d039557\" data-element_type=\"widget\" data-e-type=\"widget\" data-widget_type=\"heading.default\">\n\t\t\t\t<div class=\"elementor-widget-container\">\n\t\t\t\t\t<h2 class=\"elementor-heading-title elementor-size-default\">\u79df\u8d41\u7ba1\u7406<\/h2>\t\t\t\t<\/div>\n\t\t\t\t<\/div>\n\t\t\t\t<\/div>\n\t\t<div class=\"elementor-element elementor-element-81fb067 e-con-full e-flex e-con e-child\" data-id=\"81fb067\" data-element_type=\"container\" data-e-type=\"container\" data-settings=\"{&quot;background_background&quot;:&quot;classic&quot;}\">\n\t\t\t\t<\/div>\n\t\t\t\t<\/div>\n\t\t<div class=\"elementor-element elementor-element-8fb38ac animated-fast e-flex e-con-boxed elementor-invisible e-con e-child\" data-id=\"8fb38ac\" data-element_type=\"container\" data-e-type=\"container\" data-settings=\"{&quot;animation&quot;:&quot;fadeIn&quot;,&quot;animation_delay&quot;:400}\">\n\t\t\t\t\t<div class=\"e-con-inner\">\n\t\t\t\t<div class=\"elementor-element elementor-element-12c97d8 elementor-widget elementor-widget-text-editor\" data-id=\"12c97d8\" data-element_type=\"widget\" data-e-type=\"widget\" data-widget_type=\"text-editor.default\">\n\t\t\t\t<div class=\"elementor-widget-container\">\n\t\t\t\t\t\t\t\t\t<p>\u6211\u4eec\u7684\u79df\u8d41\u7ba1\u7406\u670d\u52a1\u57fa\u672c\u4e0a\u53ef\u4ee5\u81ea\u7531\u9009\u62e9\u3002\u5982\u679c\u60a8\u5e0c\u671b\u4fdd\u7559\u81ea\u5df1\u7684\u67d0\u4e9b\u5de5\u4f5c\uff0c\u5f53\u7136\u4e5f\u53ef\u4ee5\u63a5\u7ba1\u7ba1\u7406\u7684\u4e2a\u522b\u90e8\u5206\uff0c\u4f8b\u5982\u8bb0\u8d26\u3002\u5728\u5b8c\u5168\u63a5\u7ba1\u7ba1\u7406\u7684\u60c5\u51b5\u4e0b\uff0c\u6211\u4eec\u5c06\u63a5\u7ba1\u7269\u4e1a\u7ba1\u7406\u7684\u6240\u6709\u5de5\u4f5c\u3002\u4ee5\u4e0b\u662f\u6211\u4eec\u7684\u670d\u52a1\u6982\u89c8\u3002   <\/p><p>\u5728\u5408\u540c\u671f\u5185\uff0c\u7269\u4e1a\u7ba1\u7406\u4eba\u6709\u4e49\u52a1\u4ee5\u4e00\u4e2a\u8c28\u614e\u7684\u5546\u4eba\u7684\u52e4\u52c9\u6001\u5ea6\u7ba1\u7406\u7269\u4e1a\uff0c\u5e76\u5728\u5404\u65b9\u9762\u4fdd\u62a4\u5ba2\u6237\u7684\u5229\u76ca\u3002\u7269\u4e1a\u7ba1\u7406\u4eba\u7684\u804c\u8d23\u8303\u56f4\u4e3b\u8981\u5305\u62ec <\/p>\t\t\t\t\t\t\t\t<\/div>\n\t\t\t\t<\/div>\n\t\t\t\t<div class=\"elementor-element elementor-element-1b95a38 elementor-widget elementor-widget-text-editor\" data-id=\"1b95a38\" data-element_type=\"widget\" data-e-type=\"widget\" data-widget_type=\"text-editor.default\">\n\t\t\t\t<div class=\"elementor-widget-container\">\n\t\t\t\t\t\t\t\t\t<h3>1. \u79df\u6237\u4e8b\u9879<\/h3>\n<p>a) \u8bb0\u5f55\u548c\u7ba1\u7406\u79df\u6237\u4e3b\u6570\u636e<\/p>\n<p>b) \u7b7e\u8ba2\u548c\u53d6\u6d88\u79df\u623f\u534f\u8bae\u3001\u65b0\u79df\u623f\uff0c\u5305\u62ec\u5bfb\u627e\u79df\u6237<\/p>\n<p>c) \u5728\u79df\u6237\u66f4\u6362\u7684\u60c5\u51b5\u4e0b\u9a8c\u6536\u548c\u79fb\u4ea4\u51fa\u79df\u5355\u5143<\/p>\n<p>d) \u786e\u4fdd\u5546\u5b9a\u7684\u79df\u91d1\u62b5\u62bc\u54c1\u5e76\u5bf9\u5176\u8fdb\u884c\u7ba1\u7406<\/p>\n<p>e) \u7f16\u5236\u670d\u52a1\u8d39\u62a5\u8868\u548c\u7ba1\u7406\u9884\u4ed8\u6b3e<\/p>\n<p>f) \u7ec4\u7ec7\u5bf9\u62d6\u6b20\u79df\u91d1\u7684\u6cd5\u5916\u6263\u6b3e\u7a0b\u5e8f<\/p>\n<h3>2. \u5546\u4e1a\u7ba1\u7406<\/h3>\n<p>a) \u4e3a\u4e1a\u4e3b\u7f16\u5236\u6708\u5ea6\u62a5\u8868<\/p>\n<p>b) \u6839\u636e\u5b89\u6392\u521b\u5efa\u5404\u79cd\u6982\u89c8<\/p>\n<p>c) \u5904\u7406\u6240\u6709\u4ed8\u6b3e\u4ea4\u6613<\/p>\n<p>d) \u76d1\u7763\u8d22\u4ea7\u4fdd\u9669\u60c5\u51b5\uff0c\u89e3\u51b3\u4efb\u4f55\u7d22\u8d54\uff1b\u5e94\u5ba2\u6237\u8981\u6c42\u53d6\u6d88\u548c\u7b7e\u8ba2\u65b0\u7684\u4fdd\u9669\u5408\u540c<\/p>\n<p>e) \u4ee3\u8868\u5ba2\u6237\u5c31\u8d22\u4ea7\u95ee\u9898\u4e0e\u6240\u6709\u5f53\u5c40\u8fdb\u884c\u4ea4\u6d89<\/p>\n<p>f) \u63d0\u51fa\u62c5\u4fdd\u8981\u6c42\u548c\u884c\u4f7f\u4fdd\u7559\u6743<\/p>\n<p>g) \u5ba1\u67e5\u6240\u6709\u8fd0\u4f5c\u548c\u7ba1\u7406\u8d39\u7528<\/p>\n<p>h) \u623f\u5c4b\u6863\u6848\u548c\u6536\u636e\u7684\u7ba1\u7406<\/p>\n<h3>3. \u6280\u672f\u8bbe\u65bd\u7ba1\u7406<\/h3>\n<p>a) \u786e\u4fdd\u7269\u4e1a\u7684\u4f9b\u6696\u3001\u536b\u751f\u548c\u5176\u4ed6\u7cfb\u7edf\u7684\u529f\u80fd\uff0c\u5305\u62ec\u7b7e\u8ba2\u548c\u53d6\u6d88\u4f9b\u5e94\u548c\u7ef4\u62a4\u5408\u540c<\/p>\n<p>b) \u5c06\u7269\u4e1a\u6301\u7eed\u7ef4\u62a4\u3001\u4fdd\u517b\u548c\u7ef4\u4fee\u6240\u9700\u7684\u5de5\u4f5c\u627f\u5305\u51fa\u53bb<\/p>\n<p>c) \u5982\u679c\u9884\u671f\u5408\u540c\u91d1\u989d\u8d85\u8fc7 XXX \u6b27\u5143\uff0c\u7269\u4e1a\u7ecf\u7406\u5fc5\u987b\u81f3\u5c11\u83b7\u5f97\u4e24\u4e2a\u62a5\u4ef7\u3002\u5982\u679c\u5408\u540c\u4e0d\u6388\u4e88\u6700\u4fbf\u5b9c\u7684\u6295\u6807\u4eba\uff0c\u5219\u5fc5\u987b\u5f81\u5f97\u5ba2\u6237\u7684\u540c\u610f\u3002 <\/p>\n<p>d) \u7b7e\u8ba2\u548c\u89e3\u9664\u770b\u7ba1\u5408\u540c\u4ee5\u53ca\u4e0e\u5176\u4ed6\u8f85\u52a9\u4eba\u5458\u7684\u5408\u540c\uff08\u5982\u623f\u5c4b\u3001\u8857\u9053\u548c\u4eba\u884c\u9053\u6e05 \u6d01\u3001\u5ba4\u5916\u8bbe\u65bd\uff09\u3002\u76d1\u7763\u548c\u63a7\u5236\u4e0a\u8ff0\u4eba\u5458\u5728\u7269\u4e1a\u65b9\u9762\u7684\u6d3b\u52a8 <\/p>\n<p>e) \u544a\u77e5\u5ba2\u6237\u4e0e\u623f\u4ea7\u6709\u5173\u7684\u4efb\u4f55\u91cd\u8981\u548c\/\u6216\u5f02\u5e38\u4e8b\u9879\u3002<\/p>\t\t\t\t\t\t\t\t<\/div>\n\t\t\t\t<\/div>\n\t\t\t\t\t<\/div>\n\t\t\t\t<\/div>\n\t\t\t\t<\/div>\n\t\t\t\t<\/div>\n\t\t","protected":false},"excerpt":{"rendered":"<p>\u79df\u8d41\u7ba1\u7406 \u6211\u4eec\u7684\u79df\u8d41\u7ba1\u7406\u670d\u52a1\u57fa\u672c\u4e0a\u53ef\u4ee5\u81ea\u7531\u9009\u62e9\u3002\u5982\u679c\u60a8\u5e0c\u671b\u4fdd\u7559\u81ea\u5df1\u7684\u67d0\u4e9b\u5de5\u4f5c\uff0c\u5f53\u7136\u4e5f\u53ef\u4ee5\u63a5\u7ba1\u7ba1\u7406\u7684\u4e2a\u522b\u90e8\u5206\uff0c\u4f8b [&hellip;]<\/p>\n","protected":false},"author":1,"featured_media":0,"parent":0,"menu_order":0,"comment_status":"closed","ping_status":"closed","template":"","meta":{"footnotes":""},"class_list":["post-3341","page","type-page","status-publish","hentry"],"yoast_head":"<!-- This site is optimized with the Yoast SEO plugin v25.1 - https:\/\/yoast.com\/wordpress\/plugins\/seo\/ -->\n<title>\u79df\u8d41\u7ba1\u7406 - Verm\u00f6gensverwaltung Nagel GmbH<\/title>\n<meta name=\"robots\" content=\"index, follow, max-snippet:-1, max-image-preview:large, max-video-preview:-1\" \/>\n<link rel=\"canonical\" href=\"https:\/\/nagelgmbh.com\/zh-hans\/%e7%a7%9f%e8%b5%81%e7%ae%a1%e7%90%86\/\" \/>\n<meta property=\"og:locale\" content=\"zh_CN\" \/>\n<meta property=\"og:type\" content=\"article\" \/>\n<meta property=\"og:title\" content=\"\u79df\u8d41\u7ba1\u7406 - Verm\u00f6gensverwaltung Nagel GmbH\" \/>\n<meta property=\"og:description\" content=\"\u79df\u8d41\u7ba1\u7406 \u6211\u4eec\u7684\u79df\u8d41\u7ba1\u7406\u670d\u52a1\u57fa\u672c\u4e0a\u53ef\u4ee5\u81ea\u7531\u9009\u62e9\u3002\u5982\u679c\u60a8\u5e0c\u671b\u4fdd\u7559\u81ea\u5df1\u7684\u67d0\u4e9b\u5de5\u4f5c\uff0c\u5f53\u7136\u4e5f\u53ef\u4ee5\u63a5\u7ba1\u7ba1\u7406\u7684\u4e2a\u522b\u90e8\u5206\uff0c\u4f8b [&hellip;]\" \/>\n<meta property=\"og:url\" content=\"https:\/\/nagelgmbh.com\/zh-hans\/%e7%a7%9f%e8%b5%81%e7%ae%a1%e7%90%86\/\" \/>\n<meta property=\"og:site_name\" content=\"Verm\u00f6gensverwaltung Nagel GmbH\" \/>\n<meta property=\"article:modified_time\" content=\"2025-05-25T15:21:45+00:00\" \/>\n<meta name=\"twitter:card\" content=\"summary_large_image\" \/>\n<meta name=\"twitter:label1\" content=\"\u9884\u8ba1\u9605\u8bfb\u65f6\u95f4\" \/>\n\t<meta name=\"twitter:data1\" content=\"1 \u5206\" \/>\n<script type=\"application\/ld+json\" class=\"yoast-schema-graph\">{\"@context\":\"https:\/\/schema.org\",\"@graph\":[{\"@type\":\"WebPage\",\"@id\":\"https:\/\/nagelgmbh.com\/zh-hans\/%e7%a7%9f%e8%b5%81%e7%ae%a1%e7%90%86\/\",\"url\":\"https:\/\/nagelgmbh.com\/zh-hans\/%e7%a7%9f%e8%b5%81%e7%ae%a1%e7%90%86\/\",\"name\":\"\u79df\u8d41\u7ba1\u7406 - Verm\u00f6gensverwaltung Nagel GmbH\",\"isPartOf\":{\"@id\":\"https:\/\/nagelgmbh.com\/zh-hans\/#website\"},\"datePublished\":\"2025-01-04T15:53:17+00:00\",\"dateModified\":\"2025-05-25T15:21:45+00:00\",\"breadcrumb\":{\"@id\":\"https:\/\/nagelgmbh.com\/zh-hans\/%e7%a7%9f%e8%b5%81%e7%ae%a1%e7%90%86\/#breadcrumb\"},\"inLanguage\":\"zh-Hans\",\"potentialAction\":[{\"@type\":\"ReadAction\",\"target\":[\"https:\/\/nagelgmbh.com\/zh-hans\/%e7%a7%9f%e8%b5%81%e7%ae%a1%e7%90%86\/\"]}]},{\"@type\":\"BreadcrumbList\",\"@id\":\"https:\/\/nagelgmbh.com\/zh-hans\/%e7%a7%9f%e8%b5%81%e7%ae%a1%e7%90%86\/#breadcrumb\",\"itemListElement\":[{\"@type\":\"ListItem\",\"position\":1,\"name\":\"Startseite\",\"item\":\"https:\/\/nagelgmbh.com\/zh-hans\/\"},{\"@type\":\"ListItem\",\"position\":2,\"name\":\"\u79df\u8d41\u7ba1\u7406\"}]},{\"@type\":\"WebSite\",\"@id\":\"https:\/\/nagelgmbh.com\/zh-hans\/#website\",\"url\":\"https:\/\/nagelgmbh.com\/zh-hans\/\",\"name\":\"Verm\u00f6gensverwaltung Nagel GmbH\",\"description\":\"Verm\u00f6gensverwaltung und Immobilien D\u00fcsseldorf\",\"publisher\":{\"@id\":\"https:\/\/nagelgmbh.com\/zh-hans\/#organization\"},\"potentialAction\":[{\"@type\":\"SearchAction\",\"target\":{\"@type\":\"EntryPoint\",\"urlTemplate\":\"https:\/\/nagelgmbh.com\/zh-hans\/?s={search_term_string}\"},\"query-input\":{\"@type\":\"PropertyValueSpecification\",\"valueRequired\":true,\"valueName\":\"search_term_string\"}}],\"inLanguage\":\"zh-Hans\"},{\"@type\":\"Organization\",\"@id\":\"https:\/\/nagelgmbh.com\/zh-hans\/#organization\",\"name\":\"Verm\u00f6gensverwaltung Nagel GmbH\",\"url\":\"https:\/\/nagelgmbh.com\/zh-hans\/\",\"logo\":{\"@type\":\"ImageObject\",\"inLanguage\":\"zh-Hans\",\"@id\":\"https:\/\/nagelgmbh.com\/zh-hans\/#\/schema\/logo\/image\/\",\"url\":\"https:\/\/nagelgmbh.com\/wp-content\/uploads\/2025\/01\/Logo.png\",\"contentUrl\":\"https:\/\/nagelgmbh.com\/wp-content\/uploads\/2025\/01\/Logo.png\",\"width\":493,\"height\":172,\"caption\":\"Verm\u00f6gensverwaltung Nagel GmbH\"},\"image\":{\"@id\":\"https:\/\/nagelgmbh.com\/zh-hans\/#\/schema\/logo\/image\/\"}}]}<\/script>\n<!-- \/ Yoast SEO plugin. -->","yoast_head_json":{"title":"\u79df\u8d41\u7ba1\u7406 - Verm\u00f6gensverwaltung Nagel GmbH","robots":{"index":"index","follow":"follow","max-snippet":"max-snippet:-1","max-image-preview":"max-image-preview:large","max-video-preview":"max-video-preview:-1"},"canonical":"https:\/\/nagelgmbh.com\/zh-hans\/%e7%a7%9f%e8%b5%81%e7%ae%a1%e7%90%86\/","og_locale":"zh_CN","og_type":"article","og_title":"\u79df\u8d41\u7ba1\u7406 - Verm\u00f6gensverwaltung Nagel GmbH","og_description":"\u79df\u8d41\u7ba1\u7406 \u6211\u4eec\u7684\u79df\u8d41\u7ba1\u7406\u670d\u52a1\u57fa\u672c\u4e0a\u53ef\u4ee5\u81ea\u7531\u9009\u62e9\u3002\u5982\u679c\u60a8\u5e0c\u671b\u4fdd\u7559\u81ea\u5df1\u7684\u67d0\u4e9b\u5de5\u4f5c\uff0c\u5f53\u7136\u4e5f\u53ef\u4ee5\u63a5\u7ba1\u7ba1\u7406\u7684\u4e2a\u522b\u90e8\u5206\uff0c\u4f8b [&hellip;]","og_url":"https:\/\/nagelgmbh.com\/zh-hans\/%e7%a7%9f%e8%b5%81%e7%ae%a1%e7%90%86\/","og_site_name":"Verm\u00f6gensverwaltung Nagel GmbH","article_modified_time":"2025-05-25T15:21:45+00:00","twitter_card":"summary_large_image","twitter_misc":{"\u9884\u8ba1\u9605\u8bfb\u65f6\u95f4":"1 \u5206"},"schema":{"@context":"https:\/\/schema.org","@graph":[{"@type":"WebPage","@id":"https:\/\/nagelgmbh.com\/zh-hans\/%e7%a7%9f%e8%b5%81%e7%ae%a1%e7%90%86\/","url":"https:\/\/nagelgmbh.com\/zh-hans\/%e7%a7%9f%e8%b5%81%e7%ae%a1%e7%90%86\/","name":"\u79df\u8d41\u7ba1\u7406 - Verm\u00f6gensverwaltung Nagel GmbH","isPartOf":{"@id":"https:\/\/nagelgmbh.com\/zh-hans\/#website"},"datePublished":"2025-01-04T15:53:17+00:00","dateModified":"2025-05-25T15:21:45+00:00","breadcrumb":{"@id":"https:\/\/nagelgmbh.com\/zh-hans\/%e7%a7%9f%e8%b5%81%e7%ae%a1%e7%90%86\/#breadcrumb"},"inLanguage":"zh-Hans","potentialAction":[{"@type":"ReadAction","target":["https:\/\/nagelgmbh.com\/zh-hans\/%e7%a7%9f%e8%b5%81%e7%ae%a1%e7%90%86\/"]}]},{"@type":"BreadcrumbList","@id":"https:\/\/nagelgmbh.com\/zh-hans\/%e7%a7%9f%e8%b5%81%e7%ae%a1%e7%90%86\/#breadcrumb","itemListElement":[{"@type":"ListItem","position":1,"name":"Startseite","item":"https:\/\/nagelgmbh.com\/zh-hans\/"},{"@type":"ListItem","position":2,"name":"\u79df\u8d41\u7ba1\u7406"}]},{"@type":"WebSite","@id":"https:\/\/nagelgmbh.com\/zh-hans\/#website","url":"https:\/\/nagelgmbh.com\/zh-hans\/","name":"Verm\u00f6gensverwaltung Nagel GmbH","description":"Verm\u00f6gensverwaltung und Immobilien D\u00fcsseldorf","publisher":{"@id":"https:\/\/nagelgmbh.com\/zh-hans\/#organization"},"potentialAction":[{"@type":"SearchAction","target":{"@type":"EntryPoint","urlTemplate":"https:\/\/nagelgmbh.com\/zh-hans\/?s={search_term_string}"},"query-input":{"@type":"PropertyValueSpecification","valueRequired":true,"valueName":"search_term_string"}}],"inLanguage":"zh-Hans"},{"@type":"Organization","@id":"https:\/\/nagelgmbh.com\/zh-hans\/#organization","name":"Verm\u00f6gensverwaltung Nagel GmbH","url":"https:\/\/nagelgmbh.com\/zh-hans\/","logo":{"@type":"ImageObject","inLanguage":"zh-Hans","@id":"https:\/\/nagelgmbh.com\/zh-hans\/#\/schema\/logo\/image\/","url":"https:\/\/nagelgmbh.com\/wp-content\/uploads\/2025\/01\/Logo.png","contentUrl":"https:\/\/nagelgmbh.com\/wp-content\/uploads\/2025\/01\/Logo.png","width":493,"height":172,"caption":"Verm\u00f6gensverwaltung Nagel GmbH"},"image":{"@id":"https:\/\/nagelgmbh.com\/zh-hans\/#\/schema\/logo\/image\/"}}]}},"_links":{"self":[{"href":"https:\/\/nagelgmbh.com\/zh-hans\/wp-json\/wp\/v2\/pages\/3341","targetHints":{"allow":["GET"]}}],"collection":[{"href":"https:\/\/nagelgmbh.com\/zh-hans\/wp-json\/wp\/v2\/pages"}],"about":[{"href":"https:\/\/nagelgmbh.com\/zh-hans\/wp-json\/wp\/v2\/types\/page"}],"author":[{"embeddable":true,"href":"https:\/\/nagelgmbh.com\/zh-hans\/wp-json\/wp\/v2\/users\/1"}],"replies":[{"embeddable":true,"href":"https:\/\/nagelgmbh.com\/zh-hans\/wp-json\/wp\/v2\/comments?post=3341"}],"version-history":[{"count":4,"href":"https:\/\/nagelgmbh.com\/zh-hans\/wp-json\/wp\/v2\/pages\/3341\/revisions"}],"predecessor-version":[{"id":3866,"href":"https:\/\/nagelgmbh.com\/zh-hans\/wp-json\/wp\/v2\/pages\/3341\/revisions\/3866"}],"wp:attachment":[{"href":"https:\/\/nagelgmbh.com\/zh-hans\/wp-json\/wp\/v2\/media?parent=3341"}],"curies":[{"name":"wp","href":"https:\/\/api.w.org\/{rel}","templated":true}]}}