{"id":3381,"date":"2025-01-04T17:01:45","date_gmt":"2025-01-04T16:01:45","guid":{"rendered":"https:\/\/nagelgmbh.com\/%e5%87%ba%e7%a7%9f%e4%b8%8e%e5%87%ba%e5%94%ae\/"},"modified":"2025-05-22T14:46:56","modified_gmt":"2025-05-22T12:46:56","slug":"%e5%87%ba%e7%a7%9f%e4%b8%8e%e5%87%ba%e5%94%ae","status":"publish","type":"page","link":"https:\/\/nagelgmbh.com\/zh-hans\/%e5%87%ba%e7%a7%9f%e4%b8%8e%e5%87%ba%e5%94%ae\/","title":{"rendered":"\u51fa\u79df\u4e0e\u51fa\u552e"},"content":{"rendered":"\t\t<div data-elementor-type=\"wp-page\" data-elementor-id=\"3381\" class=\"elementor elementor-3381 elementor-648\" data-elementor-post-type=\"page\">\n\t\t\t\t<div class=\"elementor-element elementor-element-ef3906d e-con-full e-flex e-con e-parent\" data-id=\"ef3906d\" data-element_type=\"container\" data-e-type=\"container\">\n\t\t<div class=\"elementor-element elementor-element-e4c35d7 e-con-full animated-fast e-flex elementor-invisible e-con e-child\" data-id=\"e4c35d7\" data-element_type=\"container\" data-e-type=\"container\" data-settings=\"{&quot;background_background&quot;:&quot;classic&quot;,&quot;animation&quot;:&quot;fadeIn&quot;,&quot;animation_delay&quot;:0}\">\n\t\t<div class=\"elementor-element elementor-element-976420f e-con-full animated-fast e-flex elementor-invisible e-con e-child\" data-id=\"976420f\" data-element_type=\"container\" data-e-type=\"container\" data-settings=\"{&quot;animation&quot;:&quot;fadeIn&quot;,&quot;animation_delay&quot;:200}\">\n\t\t\t\t<div class=\"elementor-element elementor-element-c584396 elementor-widget elementor-widget-heading\" data-id=\"c584396\" data-element_type=\"widget\" data-e-type=\"widget\" data-widget_type=\"heading.default\">\n\t\t\t\t<div class=\"elementor-widget-container\">\n\t\t\t\t\t<h2 class=\"elementor-heading-title elementor-size-default\">\u51fa\u79df\u4e0e\u51fa\u552e<\/h2>\t\t\t\t<\/div>\n\t\t\t\t<\/div>\n\t\t\t\t<\/div>\n\t\t<div class=\"elementor-element elementor-element-cf8b3b3 e-con-full e-flex e-con e-child\" data-id=\"cf8b3b3\" data-element_type=\"container\" data-e-type=\"container\" data-settings=\"{&quot;background_background&quot;:&quot;classic&quot;}\">\n\t\t\t\t<\/div>\n\t\t\t\t<\/div>\n\t\t<div class=\"elementor-element elementor-element-4712940 animated-fast e-flex e-con-boxed elementor-invisible e-con e-child\" data-id=\"4712940\" data-element_type=\"container\" data-e-type=\"container\" data-settings=\"{&quot;animation&quot;:&quot;fadeIn&quot;,&quot;animation_delay&quot;:400}\">\n\t\t\t\t\t<div class=\"e-con-inner\">\n\t\t\t\t<div class=\"elementor-element elementor-element-7d26739 elementor-widget elementor-widget-text-editor\" data-id=\"7d26739\" data-element_type=\"widget\" data-e-type=\"widget\" data-widget_type=\"text-editor.default\">\n\t\t\t\t<div class=\"elementor-widget-container\">\n\t\t\t\t\t\t\t\t\t<p class=\"p1\">\u5982\u679c\u60a8\u60f3\u51fa\u552e\u623f\u4ea7\uff0c\u6211\u4eec\u662f\u60a8\u53ef\u9760\u7684\u5408\u4f5c\u4f19\u4f34\u3002\u6211\u4eec\u8d1f\u8d23\u6574\u4e2a\u9500\u552e\u8fc7\u7a0b\uff0c\u5305\u62ec\u62cd\u6444\u4e13\u4e1a\u7167\u7247\u3001\u5236\u4f5c\u5438\u5f15\u4eba\u7684\u5ba3\u4f20\u518c\u4ee5\u53ca\u5728\u5404\u79cd\u5e73\u53f0\u4e0a\u8fdb\u884c\u8425\u9500\u3002\u6211\u4eec\u8fd8\u63d0\u4f9b\u7b80\u77ed\u7684\u8bc4\u4f30\uff0c\u4e3a\u60a8\u7684\u623f\u4ea7\u63d0\u4f9b\u5408\u7406\u7684\u5e02\u573a\u4ef7\u503c\u8bc4\u4f30\u3002\u6211\u4eec\u7684\u670d\u52a1\u8fd8\u5305\u62ec\u63d0\u4f9b\u5b8c\u6574\u7684\u6587\u4ef6\u548c\u5904\u7406\u6240\u6709\u5b98\u65b9\u8981\u6c42\u3002   <\/p>\t\t\t\t\t\t\t\t<\/div>\n\t\t\t\t<\/div>\n\t\t\t\t\t<\/div>\n\t\t\t\t<\/div>\n\t\t\t\t<\/div>\n\t\t\t\t<\/div>\n\t\t","protected":false},"excerpt":{"rendered":"<p>\u51fa\u79df\u4e0e\u51fa\u552e \u5982\u679c\u60a8\u60f3\u51fa\u552e\u623f\u4ea7\uff0c\u6211\u4eec\u662f\u60a8\u53ef\u9760\u7684\u5408\u4f5c\u4f19\u4f34\u3002\u6211\u4eec\u8d1f\u8d23\u6574\u4e2a\u9500\u552e\u8fc7\u7a0b\uff0c\u5305\u62ec\u62cd\u6444\u4e13\u4e1a\u7167\u7247\u3001\u5236\u4f5c\u5438\u5f15\u4eba\u7684\u5ba3\u4f20 [&hellip;]<\/p>\n","protected":false},"author":1,"featured_media":0,"parent":0,"menu_order":0,"comment_status":"closed","ping_status":"closed","template":"","meta":{"footnotes":""},"class_list":["post-3381","page","type-page","status-publish","hentry"],"yoast_head":"<!-- This site is optimized with the Yoast SEO plugin v25.1 - https:\/\/yoast.com\/wordpress\/plugins\/seo\/ -->\n<title>\u51fa\u79df\u4e0e\u51fa\u552e - Verm\u00f6gensverwaltung Nagel GmbH<\/title>\n<meta name=\"robots\" content=\"index, follow, max-snippet:-1, max-image-preview:large, max-video-preview:-1\" \/>\n<link rel=\"canonical\" href=\"https:\/\/nagelgmbh.com\/zh-hans\/%e5%87%ba%e7%a7%9f%e4%b8%8e%e5%87%ba%e5%94%ae\/\" \/>\n<meta property=\"og:locale\" content=\"zh_CN\" \/>\n<meta property=\"og:type\" content=\"article\" \/>\n<meta property=\"og:title\" content=\"\u51fa\u79df\u4e0e\u51fa\u552e - Verm\u00f6gensverwaltung Nagel GmbH\" \/>\n<meta property=\"og:description\" content=\"\u51fa\u79df\u4e0e\u51fa\u552e \u5982\u679c\u60a8\u60f3\u51fa\u552e\u623f\u4ea7\uff0c\u6211\u4eec\u662f\u60a8\u53ef\u9760\u7684\u5408\u4f5c\u4f19\u4f34\u3002\u6211\u4eec\u8d1f\u8d23\u6574\u4e2a\u9500\u552e\u8fc7\u7a0b\uff0c\u5305\u62ec\u62cd\u6444\u4e13\u4e1a\u7167\u7247\u3001\u5236\u4f5c\u5438\u5f15\u4eba\u7684\u5ba3\u4f20 [&hellip;]\" \/>\n<meta property=\"og:url\" content=\"https:\/\/nagelgmbh.com\/zh-hans\/%e5%87%ba%e7%a7%9f%e4%b8%8e%e5%87%ba%e5%94%ae\/\" \/>\n<meta property=\"og:site_name\" content=\"Verm\u00f6gensverwaltung Nagel GmbH\" \/>\n<meta property=\"article:modified_time\" content=\"2025-05-22T12:46:56+00:00\" \/>\n<meta name=\"twitter:card\" content=\"summary_large_image\" \/>\n<script type=\"application\/ld+json\" class=\"yoast-schema-graph\">{\"@context\":\"https:\/\/schema.org\",\"@graph\":[{\"@type\":\"WebPage\",\"@id\":\"https:\/\/nagelgmbh.com\/zh-hans\/%e5%87%ba%e7%a7%9f%e4%b8%8e%e5%87%ba%e5%94%ae\/\",\"url\":\"https:\/\/nagelgmbh.com\/zh-hans\/%e5%87%ba%e7%a7%9f%e4%b8%8e%e5%87%ba%e5%94%ae\/\",\"name\":\"\u51fa\u79df\u4e0e\u51fa\u552e - Verm\u00f6gensverwaltung Nagel GmbH\",\"isPartOf\":{\"@id\":\"https:\/\/nagelgmbh.com\/zh-hans\/#website\"},\"datePublished\":\"2025-01-04T16:01:45+00:00\",\"dateModified\":\"2025-05-22T12:46:56+00:00\",\"breadcrumb\":{\"@id\":\"https:\/\/nagelgmbh.com\/zh-hans\/%e5%87%ba%e7%a7%9f%e4%b8%8e%e5%87%ba%e5%94%ae\/#breadcrumb\"},\"inLanguage\":\"zh-Hans\",\"potentialAction\":[{\"@type\":\"ReadAction\",\"target\":[\"https:\/\/nagelgmbh.com\/zh-hans\/%e5%87%ba%e7%a7%9f%e4%b8%8e%e5%87%ba%e5%94%ae\/\"]}]},{\"@type\":\"BreadcrumbList\",\"@id\":\"https:\/\/nagelgmbh.com\/zh-hans\/%e5%87%ba%e7%a7%9f%e4%b8%8e%e5%87%ba%e5%94%ae\/#breadcrumb\",\"itemListElement\":[{\"@type\":\"ListItem\",\"position\":1,\"name\":\"Startseite\",\"item\":\"https:\/\/nagelgmbh.com\/zh-hans\/\"},{\"@type\":\"ListItem\",\"position\":2,\"name\":\"\u51fa\u79df\u4e0e\u51fa\u552e\"}]},{\"@type\":\"WebSite\",\"@id\":\"https:\/\/nagelgmbh.com\/zh-hans\/#website\",\"url\":\"https:\/\/nagelgmbh.com\/zh-hans\/\",\"name\":\"Verm\u00f6gensverwaltung Nagel GmbH\",\"description\":\"Verm\u00f6gensverwaltung und Immobilien D\u00fcsseldorf\",\"publisher\":{\"@id\":\"https:\/\/nagelgmbh.com\/zh-hans\/#organization\"},\"potentialAction\":[{\"@type\":\"SearchAction\",\"target\":{\"@type\":\"EntryPoint\",\"urlTemplate\":\"https:\/\/nagelgmbh.com\/zh-hans\/?s={search_term_string}\"},\"query-input\":{\"@type\":\"PropertyValueSpecification\",\"valueRequired\":true,\"valueName\":\"search_term_string\"}}],\"inLanguage\":\"zh-Hans\"},{\"@type\":\"Organization\",\"@id\":\"https:\/\/nagelgmbh.com\/zh-hans\/#organization\",\"name\":\"Verm\u00f6gensverwaltung Nagel GmbH\",\"url\":\"https:\/\/nagelgmbh.com\/zh-hans\/\",\"logo\":{\"@type\":\"ImageObject\",\"inLanguage\":\"zh-Hans\",\"@id\":\"https:\/\/nagelgmbh.com\/zh-hans\/#\/schema\/logo\/image\/\",\"url\":\"https:\/\/nagelgmbh.com\/wp-content\/uploads\/2025\/01\/Logo.png\",\"contentUrl\":\"https:\/\/nagelgmbh.com\/wp-content\/uploads\/2025\/01\/Logo.png\",\"width\":493,\"height\":172,\"caption\":\"Verm\u00f6gensverwaltung Nagel GmbH\"},\"image\":{\"@id\":\"https:\/\/nagelgmbh.com\/zh-hans\/#\/schema\/logo\/image\/\"}}]}<\/script>\n<!-- \/ Yoast SEO plugin. -->","yoast_head_json":{"title":"\u51fa\u79df\u4e0e\u51fa\u552e - Verm\u00f6gensverwaltung Nagel GmbH","robots":{"index":"index","follow":"follow","max-snippet":"max-snippet:-1","max-image-preview":"max-image-preview:large","max-video-preview":"max-video-preview:-1"},"canonical":"https:\/\/nagelgmbh.com\/zh-hans\/%e5%87%ba%e7%a7%9f%e4%b8%8e%e5%87%ba%e5%94%ae\/","og_locale":"zh_CN","og_type":"article","og_title":"\u51fa\u79df\u4e0e\u51fa\u552e - Verm\u00f6gensverwaltung Nagel GmbH","og_description":"\u51fa\u79df\u4e0e\u51fa\u552e \u5982\u679c\u60a8\u60f3\u51fa\u552e\u623f\u4ea7\uff0c\u6211\u4eec\u662f\u60a8\u53ef\u9760\u7684\u5408\u4f5c\u4f19\u4f34\u3002\u6211\u4eec\u8d1f\u8d23\u6574\u4e2a\u9500\u552e\u8fc7\u7a0b\uff0c\u5305\u62ec\u62cd\u6444\u4e13\u4e1a\u7167\u7247\u3001\u5236\u4f5c\u5438\u5f15\u4eba\u7684\u5ba3\u4f20 [&hellip;]","og_url":"https:\/\/nagelgmbh.com\/zh-hans\/%e5%87%ba%e7%a7%9f%e4%b8%8e%e5%87%ba%e5%94%ae\/","og_site_name":"Verm\u00f6gensverwaltung Nagel GmbH","article_modified_time":"2025-05-22T12:46:56+00:00","twitter_card":"summary_large_image","schema":{"@context":"https:\/\/schema.org","@graph":[{"@type":"WebPage","@id":"https:\/\/nagelgmbh.com\/zh-hans\/%e5%87%ba%e7%a7%9f%e4%b8%8e%e5%87%ba%e5%94%ae\/","url":"https:\/\/nagelgmbh.com\/zh-hans\/%e5%87%ba%e7%a7%9f%e4%b8%8e%e5%87%ba%e5%94%ae\/","name":"\u51fa\u79df\u4e0e\u51fa\u552e - Verm\u00f6gensverwaltung Nagel GmbH","isPartOf":{"@id":"https:\/\/nagelgmbh.com\/zh-hans\/#website"},"datePublished":"2025-01-04T16:01:45+00:00","dateModified":"2025-05-22T12:46:56+00:00","breadcrumb":{"@id":"https:\/\/nagelgmbh.com\/zh-hans\/%e5%87%ba%e7%a7%9f%e4%b8%8e%e5%87%ba%e5%94%ae\/#breadcrumb"},"inLanguage":"zh-Hans","potentialAction":[{"@type":"ReadAction","target":["https:\/\/nagelgmbh.com\/zh-hans\/%e5%87%ba%e7%a7%9f%e4%b8%8e%e5%87%ba%e5%94%ae\/"]}]},{"@type":"BreadcrumbList","@id":"https:\/\/nagelgmbh.com\/zh-hans\/%e5%87%ba%e7%a7%9f%e4%b8%8e%e5%87%ba%e5%94%ae\/#breadcrumb","itemListElement":[{"@type":"ListItem","position":1,"name":"Startseite","item":"https:\/\/nagelgmbh.com\/zh-hans\/"},{"@type":"ListItem","position":2,"name":"\u51fa\u79df\u4e0e\u51fa\u552e"}]},{"@type":"WebSite","@id":"https:\/\/nagelgmbh.com\/zh-hans\/#website","url":"https:\/\/nagelgmbh.com\/zh-hans\/","name":"Verm\u00f6gensverwaltung Nagel GmbH","description":"Verm\u00f6gensverwaltung und Immobilien D\u00fcsseldorf","publisher":{"@id":"https:\/\/nagelgmbh.com\/zh-hans\/#organization"},"potentialAction":[{"@type":"SearchAction","target":{"@type":"EntryPoint","urlTemplate":"https:\/\/nagelgmbh.com\/zh-hans\/?s={search_term_string}"},"query-input":{"@type":"PropertyValueSpecification","valueRequired":true,"valueName":"search_term_string"}}],"inLanguage":"zh-Hans"},{"@type":"Organization","@id":"https:\/\/nagelgmbh.com\/zh-hans\/#organization","name":"Verm\u00f6gensverwaltung Nagel GmbH","url":"https:\/\/nagelgmbh.com\/zh-hans\/","logo":{"@type":"ImageObject","inLanguage":"zh-Hans","@id":"https:\/\/nagelgmbh.com\/zh-hans\/#\/schema\/logo\/image\/","url":"https:\/\/nagelgmbh.com\/wp-content\/uploads\/2025\/01\/Logo.png","contentUrl":"https:\/\/nagelgmbh.com\/wp-content\/uploads\/2025\/01\/Logo.png","width":493,"height":172,"caption":"Verm\u00f6gensverwaltung Nagel GmbH"},"image":{"@id":"https:\/\/nagelgmbh.com\/zh-hans\/#\/schema\/logo\/image\/"}}]}},"_links":{"self":[{"href":"https:\/\/nagelgmbh.com\/zh-hans\/wp-json\/wp\/v2\/pages\/3381","targetHints":{"allow":["GET"]}}],"collection":[{"href":"https:\/\/nagelgmbh.com\/zh-hans\/wp-json\/wp\/v2\/pages"}],"about":[{"href":"https:\/\/nagelgmbh.com\/zh-hans\/wp-json\/wp\/v2\/types\/page"}],"author":[{"embeddable":true,"href":"https:\/\/nagelgmbh.com\/zh-hans\/wp-json\/wp\/v2\/users\/1"}],"replies":[{"embeddable":true,"href":"https:\/\/nagelgmbh.com\/zh-hans\/wp-json\/wp\/v2\/comments?post=3381"}],"version-history":[{"count":1,"href":"https:\/\/nagelgmbh.com\/zh-hans\/wp-json\/wp\/v2\/pages\/3381\/revisions"}],"predecessor-version":[{"id":3383,"href":"https:\/\/nagelgmbh.com\/zh-hans\/wp-json\/wp\/v2\/pages\/3381\/revisions\/3383"}],"wp:attachment":[{"href":"https:\/\/nagelgmbh.com\/zh-hans\/wp-json\/wp\/v2\/media?parent=3381"}],"curies":[{"name":"wp","href":"https:\/\/api.w.org\/{rel}","templated":true}]}}