{"id":3385,"date":"2025-01-04T16:59:44","date_gmt":"2025-01-04T15:59:44","guid":{"rendered":"https:\/\/nagelgmbh.com\/weg-%e7%ae%a1%e7%90%86%e5%b1%82\/"},"modified":"2025-05-22T14:48:44","modified_gmt":"2025-05-22T12:48:44","slug":"weg-%e7%ae%a1%e7%90%86%e5%b1%82","status":"publish","type":"page","link":"https:\/\/nagelgmbh.com\/zh-hans\/weg-%e7%ae%a1%e7%90%86%e5%b1%82\/","title":{"rendered":"WEG \u7ba1\u7406\u5c42"},"content":{"rendered":"\t\t<div data-elementor-type=\"wp-page\" data-elementor-id=\"3385\" class=\"elementor elementor-3385 elementor-643\" data-elementor-post-type=\"page\">\n\t\t\t\t<div class=\"elementor-element elementor-element-7a66909 e-con-full e-flex e-con e-parent\" data-id=\"7a66909\" data-element_type=\"container\" data-e-type=\"container\">\n\t\t<div class=\"elementor-element elementor-element-6f6ecc7 e-con-full animated-fast e-flex elementor-invisible e-con e-child\" data-id=\"6f6ecc7\" data-element_type=\"container\" data-e-type=\"container\" data-settings=\"{&quot;background_background&quot;:&quot;classic&quot;,&quot;animation&quot;:&quot;fadeIn&quot;,&quot;animation_delay&quot;:0}\">\n\t\t<div class=\"elementor-element elementor-element-31a86ed e-con-full animated-fast e-flex elementor-invisible e-con e-child\" data-id=\"31a86ed\" data-element_type=\"container\" data-e-type=\"container\" data-settings=\"{&quot;animation&quot;:&quot;fadeIn&quot;,&quot;animation_delay&quot;:200}\">\n\t\t\t\t<div class=\"elementor-element elementor-element-e54dab7 elementor-widget elementor-widget-heading\" data-id=\"e54dab7\" data-element_type=\"widget\" data-e-type=\"widget\" data-widget_type=\"heading.default\">\n\t\t\t\t<div class=\"elementor-widget-container\">\n\t\t\t\t\t<h2 class=\"elementor-heading-title elementor-size-default\">WEG \u7ba1\u7406\u5c42<\/h2>\t\t\t\t<\/div>\n\t\t\t\t<\/div>\n\t\t\t\t<\/div>\n\t\t<div class=\"elementor-element elementor-element-0c735bb e-con-full e-flex e-con e-child\" data-id=\"0c735bb\" data-element_type=\"container\" data-e-type=\"container\" data-settings=\"{&quot;background_background&quot;:&quot;classic&quot;}\">\n\t\t\t\t<\/div>\n\t\t\t\t<\/div>\n\t\t<div class=\"elementor-element elementor-element-4e4ac36 animated-fast e-flex e-con-boxed elementor-invisible e-con e-child\" data-id=\"4e4ac36\" data-element_type=\"container\" data-e-type=\"container\" data-settings=\"{&quot;animation&quot;:&quot;fadeIn&quot;,&quot;animation_delay&quot;:400}\">\n\t\t\t\t\t<div class=\"e-con-inner\">\n\t\t\t\t<div class=\"elementor-element elementor-element-1a5374d elementor-widget elementor-widget-text-editor\" data-id=\"1a5374d\" data-element_type=\"widget\" data-e-type=\"widget\" data-widget_type=\"text-editor.default\">\n\t\t\t\t<div class=\"elementor-widget-container\">\n\t\t\t\t\t\t\t\t\t<h3><strong>\u7269\u4e1a\u7ecf\u7406\u7684\u4efb\u52a1<\/strong><\/h3>\n<p>\u7269\u4e1a\u7ba1\u7406\u4eba\u7684\u804c\u8d23\u4e00\u822c\u6e90\u81ea WEG\u3001\u5404\u81ea\u7684\u5206\u533a\u58f0\u660e\u548c\u7b7e\u8ba2\u7684\u7ba1\u7406\u5408\u540c\u3002<\/p>\n<p>\u4e0b\u9762\u60a8\u5c06\u4e86\u89e3\u5230\u6211\u4eec\u7684\u6d3b\u52a8\u9886\u57df\u3002<\/p>\n<h3><strong>\u7ba1\u7406\u5458\u7684\u7279\u6b8a\u4efb\u52a1<\/strong><\/h3>\n<p>\u7ba1\u7406\u4eba\u5fc5\u987b\u5728\u5176\u5c3d\u804c\u7684\u81ea\u7531\u88c1\u91cf\u6743\u8303\u56f4\u5185\u91c7\u53d6\u4e00\u5207\u5fc5\u8981\u7684\u9002\u5f53\u7ba1\u7406\u63aa\u65bd\uff0c\u7279\u522b\u662f<\/p>\n<ol>\n<li>\u7533\u8bf7\u3001\u9886\u53d6\u548c\u652f\u4ed8\u4f4f\u623f\u8d39\u7528\uff08\u623f\u8d39\uff09\u3002<\/li>\n<li>\u786e\u4fdd\u5171\u540c\u4f53\u91c7\u53d6\u7684\u63aa\u65bd\u5f97\u5230\u843d\u5b9e\u3002<\/li>\n<li>\u7ecf\u7ba1\u7406\u54a8\u8be2\u59d4\u5458\u4f1a\u540c\u610f\uff0c\u7b7e\u8ba2\u3001\u53d6\u6d88\u6216\u4fee\u6539\u7ef4\u62a4\u5408\u540c\/\u670d\u52a1\u5408\u540c\u3002<\/li>\n<li>\u542f\u52a8\u9002\u5f53\u7ef4\u62a4\u548c\u4fee\u7f2e\u516c\u5171\u8d22\u4ea7\u6240\u9700\u7684\u63aa\u65bd\uff0c\u5fc5\u8981\u65f6\u83b7\u5f97\u82e5\u5e72\u6210\u672c\u4f30\u7b97\uff0c\u5e76\u4e0e\u7ba1\u7406\u59d4\u5458\u4f1a\u534f\u8c03\u63aa\u65bd\u7684\u8303\u56f4\u3002\u4e0e\u7ba1\u7406\u54a8\u8be2\u59d4\u5458\u4f1a\u534f\u5546\uff0c\u7b7e\u8ba2\u76f8\u5e94\u7684\u5408\u540c\uff0c\u5bf9\u5408\u540c\u8fdb\u884c\u76d1\u7763\u548c\u6279\u51c6\u3002 <\/li>\n<li>\u5373\u4f7f\u4e8b\u5148\u672a\u5f81\u5f97\u516c\u5bd3\u4e1a\u4e3b\/\u7ba1\u7406\u59d4\u5458\u4f1a\u7684\u540c\u610f\uff0c\u4e5f\u53ef\u8ba2\u8d2d\u6025\u9700\u7684\u5fc5\u8981\u7ef4\u4fee\uff0c\u4e2a\u522b\u60c5\u51b5\u4e0b\u91d1\u989d\u4e3a XXX \u6b27\u5143\u3002\u4efb\u4f55\u8d85\u51fa\u8fd9\u4e00\u6570\u989d\u7684\u8d39\u7528\u90fd\u5fc5\u987b\u5f97\u5230\u4e1a\u4e3b\u5927\u4f1a\u7684\u6279\u51c6\u3002 <\/li>\n<li>\u6295\u4fdd\u5e76\u68c0\u67e5\u8db3\u591f\u91d1\u989d\u7684\u5f53\u5730\u4f20\u7edf\u4fdd\u9669\uff0c\u7279\u522b\u662f\u706b\u707e\u3001\u66b4\u98ce\u96e8\u3001\u6c34\u707e\u548c\u8d23\u4efb\u635f\u5bb3\u4fdd\u9669\uff0c\u5e76\u5c06\u4fdd\u8d39\u8f6c\u7ed9\u793e\u533a\u3002&nbsp;<\/li>\n<li>\u786e\u4fdd\u9075\u5b88\u5ba4\u5185\u89c4\u5219\u3002<\/li>\n<li>\u4e1a\u4e3b\u5927\u4f1a\u7684\u4f1a\u8bae\u8bb0\u5f55\u5fc5\u987b\u5728\u4f1a\u8bae\u53ec\u5f00\u540e\u4e24\u5468\u5185\u53d1\u9001\u7ed9\u6240\u6709\u516c\u5bd3\u4e1a\u4e3b\u3002<\/li>\n<li>\u5fc5\u987b\u5bf9\u6240\u7ba1\u7406\u7684\u7269\u4e1a\u8fdb\u884c\u81f3\u5c11\u4e00\u6b21\u5e74\u5ea6\u68c0\u67e5\uff0c\u5e76\u7f16\u5199\u7f3a\u9677\u62a5\u544a\u3002\u62a5\u544a\u6700\u8fdf\u5fc5\u987b\u5728\u4e0b\u4e2a\u6708\u9001\u4ea4\u7ba1\u7406\u54a8\u8be2\u59d4\u5458\u4f1a\u3002\u5982\u6709\u9700\u8981\uff0c\u4f8b\u5982\u5728\u66b4\u98ce\u96e8\u6216\u7ffb\u4fee\u4e4b\u540e\uff0c\u8fd8\u4f1a\u8fdb\u884c\u8fdb\u4e00\u6b65\u68c0\u67e5\u3002  <\/li>\n<li>\u6388\u4e88\u7ba1\u7406\u54a8\u8be2\u59d4\u5458\u4f1a\u68c0\u67e5\u5e74\u5ea6\u8d26\u76ee\u4e4b\u5916\u7684\u4f1a\u8ba1\u6587\u4ef6\u548c\u793e\u533a\u6863\u6848\u7684\u6743\u5229\uff0c\u5e76\u5411\u7ba1\u7406\u54a8\u8be2\u59d4\u5458\u4f1a\u63d0\u4f9b\u6709\u5173\u6240\u6709\u793e\u533a\u4e8b\u52a1\u7684\u4fe1\u606f\u3002<\/li>\n<li>\u514d\u8d39\u5411\u54a8\u8be2\u59d4\u5458\u4f1a\u63d0\u4f9b\u793e\u533a\u91cd\u8981\u6587\u4ef6\u7684\u526f\u672c\u3002<\/li>\n<li>\u5728\u6bcf\u4e2a\u8d22\u653f\u5e74\u5ea6\u7ed3\u675f\u65f6\uff0c\u5411\u7ba1\u7406\u54a8\u8be2\u59d4\u5458\u4f1a\u63d0\u4f9b\u7528\u4e8e\u7ef4\u62a4\u7684\u6295\u8d44\u8d44\u91d1\u8bc1\u660e\u3002<\/li>\n<\/ol>\n<h3><strong>\u7ba1\u7406\u5458\u7684\u4f1a\u8ba1\u4efb\u52a1<\/strong><\/h3>\n<p>\u623f\u5c4b\u8865\u8d34\uff08\u4f4f\u623f\u8865\u8d34\uff09\u662f\u6bcf\u4e2a\u4e1a\u4e3b\u5bf9\u6574\u4e2a\u4f4f\u5b85\u533a\uff08\u516c\u5171\u8d22\u4ea7\uff09\u548c\u5355\u4e2a\u516c\u5bd3\u7684\u5206\u644a\u8d39\u7528\u3002\u623f\u8d39\u4e3b\u8981\u7531\u4ee5\u4e0b\u5355\u9879\u7ec4\u6210\uff1a <\/p>\n<ol>\n<li>\n<p><strong>\u7ba1\u7406\u8d39\u7528<\/strong><br>\u516c\u5171\u8d22\u4ea7\u7684\u8fd0\u8425\u8d39\u7528\uff0c\u7279\u522b\u662f\u704c\u6e89\u548c\u6392\u6c34\u3001\u5783\u573e\u5904\u7406\u3001\u4fdd\u9669\u8d39\u3001\u8857\u9053\u6e05\u6d01\u3001\u7535\u8d39\u3001\u770b\u62a4\u3001\u7eff\u5730\u7ef4\u62a4\u3001\u5c0f\u4fee\u7b49\u8d39\u7528\uff0c\u6839\u636e\u516c\u5bd3\u4e1a\u4e3b\u7684\u5206\u5272\u58f0\u660e\u6216\u5176\u4ed6\u534f\u8bae\/\u51b3\u8bae\u4e2d\u89c4\u5b9a\u7684\u5177\u6709\u7ea6\u675f\u529b\u7684\u5206\u914d\u5173\u952e\u8fdb\u884c\u5206\u914d\u3002<\/p>\n<\/li>\n<li>\n<p><strong>\u4f9b\u6696\u8d39\u7528<\/strong><br>\u6839\u636e\u6307\u5b9a\u548c\u7ed1\u5b9a\u7684\u5206\u914d\u5bc6\u94a5\u3002<\/p>\n<\/li>\n<li>\n<p><strong>\u7ef4\u4fee\u50a8\u5907\u91d1\u7f34\u6b3e<\/strong><br>\u516c\u5171\u8d22\u4ea7\uff0c\u6839\u636e\u6709\u8ba1\u5212\u3001\u6709\u7ea6\u675f\u529b\u7684\u5206\u644a\u5173\u952e\u8fdb\u884c\u5206\u644a\u3002\u8fd9\u4e9b\u8d44\u91d1\u5c06\u5728\u4e0e\u7ba1\u7406\u59d4\u5458\u4f1a\/\u4e1a\u4e3b\u534f\u4f1a\u534f\u5546\u540e\u6309\u8ba1\u606f\u5229\u7387\u8fdb\u884c\u6295\u8d44\u3002 <\/p>\n<\/li>\n<li>\n<p><strong>\u7ba1\u7406\u5458\u8d39\u7528<\/strong><br>\u5c06\u6839\u636e\u4f4f\u5b85\u5355\u5143\/\u8f66\u5e93\u5355\u5143\u5728\u516c\u5bd3\/\u90e8\u5206\u4e1a\u4e3b\u4e4b\u95f4\u8fdb\u884c\u5206\u914d\uff0c\u9664\u975e\u5206\u5272\u58f0\u660e\u89c4\u5b9a\u4e86\u4e0d\u540c\u7684\u5206\u914d\u5173\u952e\u3002<\/p>\n<\/li>\n<li>\n<p><strong>\u8d22\u653f\u5e74\u5ea6<\/strong><br>\u8d22\u653f\u5e74\u5ea6\u4e3a\u65e5\u5386\u5e74\u3002<\/p>\n<\/li>\n<li>\n<p><strong>\u786e\u5b9a\u4f4f\u5b85\u6536\u8d39\u91d1\u989d<\/strong><br>\u7ba1\u7406\u5458\u6bcf\u5e74\u4ee5\u4e1a\u52a1\u8ba1\u5212\u7684\u5f62\u5f0f\u786e\u5b9a\u4f4f\u5b85\u6536\u8d39\u91d1\u989d\u3002\u7ba1\u7406\u54a8\u8be2\u59d4\u5458\u4f1a\u5bf9\u65b0\u7684\u7ecf\u6d4e\u8ba1\u5212\u63d0\u51fa\u610f\u89c1\u6216\u8868\u793a\u540c\u610f\u3002\u4e1a\u4e3b\u5927\u4f1a\u63a5\u53d7\u63d0\u4ea4\u7684\u7ecf\u6d4e\u8ba1\u5212\u540e\uff0c\u516c\u5bd3\u4e1a\u4e3b\u6709\u4e49\u52a1\u652f\u4ed8\u7ecf\u6d4e\u8ba1\u5212\u4e2d\u89c4\u5b9a\u7684\u623f\u79df\u3002  <\/p>\n<\/li>\n<li>\n<p><strong>\u5411\u8054\u540d\u8d26\u6237\u4ed8\u6b3e<\/strong><br>\u53ef\u5411\u7ba1\u7406\u4eba\u7b7e\u53d1 SEPA \u59d4\u6258\u4e66\uff08\u539f\u76f4\u63a5\u501f\u8bb0\uff09\uff0c\u7528\u4e8e\u5411\u8054\u540d\u8d26\u6237\uff08\u7b2c\u4e09\u65b9\u8d26\u6237\uff09\u4ed8\u6b3e\u3002<\/p>\n<\/li>\n<li>\n<p><strong>\u8d22\u653f\u5e74\u5ea6\u7ed3\u675f\u540e\u7684\u4f4f\u5b85\u5360\u7528\u6b3e\u8ba1\u7b97<\/strong><br>\u8d22\u653f\u5e74\u5ea6\u7ed3\u675f\u540e\uff0c\u7ba1\u7406\u4eba\u5fc5\u987b\u5411\u7ba1\u7406\u54a8\u8be2\u59d4\u5458\u4f1a\u63d0\u4ea4\u4f4f\u5b85\u5360\u7528\u6b3e\u8ba1\u7b97\u8868\uff0c\u8fde\u540c\u4e0e\u4f4f\u5b85\u5360\u7528\u6b3e\u8ba1\u7b97\u6709\u5173\u7684\u8bc1\u660e\u6587\u4ef6\uff0c\u4f9b\u5176\u5ba1\u67e5\u3002<\/p>\n<\/li>\n<li>\n<p><strong>\u7ed3\u7b97\u4f4f\u6237\u8d39\u7528<\/strong><br>\u7ba1\u7406\u4eba\u5fc5\u987b\u7ed3\u7b97\u5355\u4e2a\u4e1a\u4e3b\u7684\u4f4f\u6237\u8d39\u7528\uff0c\u5e76\u8fde\u540c\u4f1a\u8bae\u9080\u8bf7\u51fd\u4e00\u8d77\u5bc4\u7ed9\u4e1a\u4e3b\u3002<\/p>\n<\/li>\n<li>\n<p><strong>\u53ec\u5f00\u4e1a\u4e3b\u5927\u4f1a<\/strong><br>\u6839\u636e WEG \u7b2c 23-25 \u6761\u7684\u89c4\u5b9a\uff0c\u7ba1\u7406\u4eba\u6700\u8fdf\u5728\u4f1a\u8ba1\u671f\u7ed3\u675f\u540e\u7684\u7b2c\u4e8c\u5b63\u5ea6\u5185\u53ec\u5f00\u6709\u6743\u901a\u8fc7\u51b3\u8bae\u7684\u4e1a\u4e3b\u5927\u4f1a\u3002<\/p>\n<\/li>\n<li>\n<p><strong>\u7ed3\u6e05\u8d64\u5b57<\/strong><br>\u5e74\u5ea6\u8d26\u76ee\u62a5\u8868\u4ea7\u751f\u7684\u8d64\u5b57\u5fc5\u987b\u7531\u516c\u5bd3\u4e1a\u4e3b\u5728\u4e00\u4e2a\u6708\u5185\u7ed3\u6e05\u3002\u8d37\u65b9\u4f59\u989d\u5c06\u51b2\u62b5\u4e0b\u4e00\u7b14\u4f4f\u623f\u8865\u8d34\uff0c\u6216\u8f6c\u7ed9\u884c\u653f\u529e\u516c\u5ba4\u3002 <\/p>\n<\/li>\n<li>\n<p><strong>\u6536\u53d6\u62d6\u6b20\u7684\u4f4f\u5b85\u6536\u8d39<\/strong><br>\u7ba1\u7406\u4eba\u88ab\u6388\u6743\u5e76\u6709\u6743\u5728\u6cd5\u5ead\u5916\u6267\u884c\u62d6\u6b20\u7684\u4f4f\u5b85\u6536\u8d39\uff0c\u5fc5\u8981\u65f6\u5728\u5f8b\u5e08\u7684\u534f\u52a9\u4e0b\u5728\u6cd5\u5ead\u4e0a\u6267\u884c\u3002\u5f8b\u5e08\u7684\u53c2\u4e0e\u987b\u5f81\u5f97\u7ba1\u7406\u54a8\u8be2\u59d4\u5458\u4f1a\u7684\u540c\u610f\u3002 <\/p>\n<\/li>\n<\/ol>\t\t\t\t\t\t\t\t<\/div>\n\t\t\t\t<\/div>\n\t\t\t\t\t<\/div>\n\t\t\t\t<\/div>\n\t\t\t\t<\/div>\n\t\t\t\t<\/div>\n\t\t","protected":false},"excerpt":{"rendered":"<p>WEG \u7ba1\u7406\u5c42 \u7269\u4e1a\u7ecf\u7406\u7684\u4efb\u52a1 \u7269\u4e1a\u7ba1\u7406\u4eba\u7684\u804c\u8d23\u4e00\u822c\u6e90\u81ea WEG\u3001\u5404\u81ea\u7684\u5206\u533a\u58f0\u660e\u548c\u7b7e\u8ba2\u7684\u7ba1\u7406\u5408\u540c\u3002 \u4e0b\u9762\u60a8\u5c06\u4e86 [&hellip;]<\/p>\n","protected":false},"author":1,"featured_media":0,"parent":0,"menu_order":0,"comment_status":"closed","ping_status":"closed","template":"","meta":{"footnotes":""},"class_list":["post-3385","page","type-page","status-publish","hentry"],"yoast_head":"<!-- This site is optimized with the Yoast SEO plugin v25.1 - https:\/\/yoast.com\/wordpress\/plugins\/seo\/ -->\n<title>WEG \u7ba1\u7406\u5c42 - Verm\u00f6gensverwaltung Nagel GmbH<\/title>\n<meta name=\"robots\" content=\"index, follow, max-snippet:-1, max-image-preview:large, max-video-preview:-1\" \/>\n<link rel=\"canonical\" href=\"https:\/\/nagelgmbh.com\/zh-hans\/weg-%e7%ae%a1%e7%90%86%e5%b1%82\/\" \/>\n<meta property=\"og:locale\" content=\"zh_CN\" \/>\n<meta property=\"og:type\" content=\"article\" \/>\n<meta property=\"og:title\" content=\"WEG \u7ba1\u7406\u5c42 - Verm\u00f6gensverwaltung Nagel GmbH\" \/>\n<meta property=\"og:description\" content=\"WEG \u7ba1\u7406\u5c42 \u7269\u4e1a\u7ecf\u7406\u7684\u4efb\u52a1 \u7269\u4e1a\u7ba1\u7406\u4eba\u7684\u804c\u8d23\u4e00\u822c\u6e90\u81ea WEG\u3001\u5404\u81ea\u7684\u5206\u533a\u58f0\u660e\u548c\u7b7e\u8ba2\u7684\u7ba1\u7406\u5408\u540c\u3002 \u4e0b\u9762\u60a8\u5c06\u4e86 [&hellip;]\" \/>\n<meta property=\"og:url\" content=\"https:\/\/nagelgmbh.com\/zh-hans\/weg-%e7%ae%a1%e7%90%86%e5%b1%82\/\" \/>\n<meta property=\"og:site_name\" content=\"Verm\u00f6gensverwaltung Nagel GmbH\" \/>\n<meta property=\"article:modified_time\" content=\"2025-05-22T12:48:44+00:00\" \/>\n<meta name=\"twitter:card\" content=\"summary_large_image\" \/>\n<script type=\"application\/ld+json\" class=\"yoast-schema-graph\">{\"@context\":\"https:\/\/schema.org\",\"@graph\":[{\"@type\":\"WebPage\",\"@id\":\"https:\/\/nagelgmbh.com\/zh-hans\/weg-%e7%ae%a1%e7%90%86%e5%b1%82\/\",\"url\":\"https:\/\/nagelgmbh.com\/zh-hans\/weg-%e7%ae%a1%e7%90%86%e5%b1%82\/\",\"name\":\"WEG \u7ba1\u7406\u5c42 - Verm\u00f6gensverwaltung Nagel GmbH\",\"isPartOf\":{\"@id\":\"https:\/\/nagelgmbh.com\/zh-hans\/#website\"},\"datePublished\":\"2025-01-04T15:59:44+00:00\",\"dateModified\":\"2025-05-22T12:48:44+00:00\",\"breadcrumb\":{\"@id\":\"https:\/\/nagelgmbh.com\/zh-hans\/weg-%e7%ae%a1%e7%90%86%e5%b1%82\/#breadcrumb\"},\"inLanguage\":\"zh-Hans\",\"potentialAction\":[{\"@type\":\"ReadAction\",\"target\":[\"https:\/\/nagelgmbh.com\/zh-hans\/weg-%e7%ae%a1%e7%90%86%e5%b1%82\/\"]}]},{\"@type\":\"BreadcrumbList\",\"@id\":\"https:\/\/nagelgmbh.com\/zh-hans\/weg-%e7%ae%a1%e7%90%86%e5%b1%82\/#breadcrumb\",\"itemListElement\":[{\"@type\":\"ListItem\",\"position\":1,\"name\":\"Startseite\",\"item\":\"https:\/\/nagelgmbh.com\/zh-hans\/\"},{\"@type\":\"ListItem\",\"position\":2,\"name\":\"WEG \u7ba1\u7406\u5c42\"}]},{\"@type\":\"WebSite\",\"@id\":\"https:\/\/nagelgmbh.com\/zh-hans\/#website\",\"url\":\"https:\/\/nagelgmbh.com\/zh-hans\/\",\"name\":\"Verm\u00f6gensverwaltung Nagel GmbH\",\"description\":\"Verm\u00f6gensverwaltung und Immobilien D\u00fcsseldorf\",\"publisher\":{\"@id\":\"https:\/\/nagelgmbh.com\/zh-hans\/#organization\"},\"potentialAction\":[{\"@type\":\"SearchAction\",\"target\":{\"@type\":\"EntryPoint\",\"urlTemplate\":\"https:\/\/nagelgmbh.com\/zh-hans\/?s={search_term_string}\"},\"query-input\":{\"@type\":\"PropertyValueSpecification\",\"valueRequired\":true,\"valueName\":\"search_term_string\"}}],\"inLanguage\":\"zh-Hans\"},{\"@type\":\"Organization\",\"@id\":\"https:\/\/nagelgmbh.com\/zh-hans\/#organization\",\"name\":\"Verm\u00f6gensverwaltung Nagel GmbH\",\"url\":\"https:\/\/nagelgmbh.com\/zh-hans\/\",\"logo\":{\"@type\":\"ImageObject\",\"inLanguage\":\"zh-Hans\",\"@id\":\"https:\/\/nagelgmbh.com\/zh-hans\/#\/schema\/logo\/image\/\",\"url\":\"https:\/\/nagelgmbh.com\/wp-content\/uploads\/2025\/01\/Logo.png\",\"contentUrl\":\"https:\/\/nagelgmbh.com\/wp-content\/uploads\/2025\/01\/Logo.png\",\"width\":493,\"height\":172,\"caption\":\"Verm\u00f6gensverwaltung Nagel GmbH\"},\"image\":{\"@id\":\"https:\/\/nagelgmbh.com\/zh-hans\/#\/schema\/logo\/image\/\"}}]}<\/script>\n<!-- \/ Yoast SEO plugin. -->","yoast_head_json":{"title":"WEG \u7ba1\u7406\u5c42 - Verm\u00f6gensverwaltung Nagel GmbH","robots":{"index":"index","follow":"follow","max-snippet":"max-snippet:-1","max-image-preview":"max-image-preview:large","max-video-preview":"max-video-preview:-1"},"canonical":"https:\/\/nagelgmbh.com\/zh-hans\/weg-%e7%ae%a1%e7%90%86%e5%b1%82\/","og_locale":"zh_CN","og_type":"article","og_title":"WEG \u7ba1\u7406\u5c42 - Verm\u00f6gensverwaltung Nagel GmbH","og_description":"WEG \u7ba1\u7406\u5c42 \u7269\u4e1a\u7ecf\u7406\u7684\u4efb\u52a1 \u7269\u4e1a\u7ba1\u7406\u4eba\u7684\u804c\u8d23\u4e00\u822c\u6e90\u81ea WEG\u3001\u5404\u81ea\u7684\u5206\u533a\u58f0\u660e\u548c\u7b7e\u8ba2\u7684\u7ba1\u7406\u5408\u540c\u3002 \u4e0b\u9762\u60a8\u5c06\u4e86 [&hellip;]","og_url":"https:\/\/nagelgmbh.com\/zh-hans\/weg-%e7%ae%a1%e7%90%86%e5%b1%82\/","og_site_name":"Verm\u00f6gensverwaltung Nagel GmbH","article_modified_time":"2025-05-22T12:48:44+00:00","twitter_card":"summary_large_image","schema":{"@context":"https:\/\/schema.org","@graph":[{"@type":"WebPage","@id":"https:\/\/nagelgmbh.com\/zh-hans\/weg-%e7%ae%a1%e7%90%86%e5%b1%82\/","url":"https:\/\/nagelgmbh.com\/zh-hans\/weg-%e7%ae%a1%e7%90%86%e5%b1%82\/","name":"WEG \u7ba1\u7406\u5c42 - Verm\u00f6gensverwaltung Nagel GmbH","isPartOf":{"@id":"https:\/\/nagelgmbh.com\/zh-hans\/#website"},"datePublished":"2025-01-04T15:59:44+00:00","dateModified":"2025-05-22T12:48:44+00:00","breadcrumb":{"@id":"https:\/\/nagelgmbh.com\/zh-hans\/weg-%e7%ae%a1%e7%90%86%e5%b1%82\/#breadcrumb"},"inLanguage":"zh-Hans","potentialAction":[{"@type":"ReadAction","target":["https:\/\/nagelgmbh.com\/zh-hans\/weg-%e7%ae%a1%e7%90%86%e5%b1%82\/"]}]},{"@type":"BreadcrumbList","@id":"https:\/\/nagelgmbh.com\/zh-hans\/weg-%e7%ae%a1%e7%90%86%e5%b1%82\/#breadcrumb","itemListElement":[{"@type":"ListItem","position":1,"name":"Startseite","item":"https:\/\/nagelgmbh.com\/zh-hans\/"},{"@type":"ListItem","position":2,"name":"WEG \u7ba1\u7406\u5c42"}]},{"@type":"WebSite","@id":"https:\/\/nagelgmbh.com\/zh-hans\/#website","url":"https:\/\/nagelgmbh.com\/zh-hans\/","name":"Verm\u00f6gensverwaltung Nagel GmbH","description":"Verm\u00f6gensverwaltung und Immobilien D\u00fcsseldorf","publisher":{"@id":"https:\/\/nagelgmbh.com\/zh-hans\/#organization"},"potentialAction":[{"@type":"SearchAction","target":{"@type":"EntryPoint","urlTemplate":"https:\/\/nagelgmbh.com\/zh-hans\/?s={search_term_string}"},"query-input":{"@type":"PropertyValueSpecification","valueRequired":true,"valueName":"search_term_string"}}],"inLanguage":"zh-Hans"},{"@type":"Organization","@id":"https:\/\/nagelgmbh.com\/zh-hans\/#organization","name":"Verm\u00f6gensverwaltung Nagel GmbH","url":"https:\/\/nagelgmbh.com\/zh-hans\/","logo":{"@type":"ImageObject","inLanguage":"zh-Hans","@id":"https:\/\/nagelgmbh.com\/zh-hans\/#\/schema\/logo\/image\/","url":"https:\/\/nagelgmbh.com\/wp-content\/uploads\/2025\/01\/Logo.png","contentUrl":"https:\/\/nagelgmbh.com\/wp-content\/uploads\/2025\/01\/Logo.png","width":493,"height":172,"caption":"Verm\u00f6gensverwaltung Nagel GmbH"},"image":{"@id":"https:\/\/nagelgmbh.com\/zh-hans\/#\/schema\/logo\/image\/"}}]}},"_links":{"self":[{"href":"https:\/\/nagelgmbh.com\/zh-hans\/wp-json\/wp\/v2\/pages\/3385","targetHints":{"allow":["GET"]}}],"collection":[{"href":"https:\/\/nagelgmbh.com\/zh-hans\/wp-json\/wp\/v2\/pages"}],"about":[{"href":"https:\/\/nagelgmbh.com\/zh-hans\/wp-json\/wp\/v2\/types\/page"}],"author":[{"embeddable":true,"href":"https:\/\/nagelgmbh.com\/zh-hans\/wp-json\/wp\/v2\/users\/1"}],"replies":[{"embeddable":true,"href":"https:\/\/nagelgmbh.com\/zh-hans\/wp-json\/wp\/v2\/comments?post=3385"}],"version-history":[{"count":3,"href":"https:\/\/nagelgmbh.com\/zh-hans\/wp-json\/wp\/v2\/pages\/3385\/revisions"}],"predecessor-version":[{"id":3786,"href":"https:\/\/nagelgmbh.com\/zh-hans\/wp-json\/wp\/v2\/pages\/3385\/revisions\/3786"}],"wp:attachment":[{"href":"https:\/\/nagelgmbh.com\/zh-hans\/wp-json\/wp\/v2\/media?parent=3385"}],"curies":[{"name":"wp","href":"https:\/\/api.w.org\/{rel}","templated":true}]}}