{"id":3466,"date":"2025-01-27T12:59:07","date_gmt":"2025-01-27T11:59:07","guid":{"rendered":"https:\/\/nagelgmbh.com\/%e6%8a%95%e8%b5%84%e7%bb%84%e5%90%88\/"},"modified":"2025-05-15T21:12:51","modified_gmt":"2025-05-15T19:12:51","slug":"%e6%8a%95%e8%b5%84%e7%bb%84%e5%90%88","status":"publish","type":"page","link":"https:\/\/nagelgmbh.com\/zh-hans\/%e6%8a%95%e8%b5%84%e7%bb%84%e5%90%88\/","title":{"rendered":"\u6295\u8d44\u7ec4\u5408"},"content":{"rendered":"\t\t<div data-elementor-type=\"wp-page\" data-elementor-id=\"3466\" class=\"elementor elementor-3466 elementor-1762\" data-elementor-post-type=\"page\">\n\t\t\t\t<div class=\"elementor-element elementor-element-b831183 e-con-full e-flex e-con e-parent\" data-id=\"b831183\" data-element_type=\"container\" data-e-type=\"container\">\n\t\t<div class=\"elementor-element elementor-element-4ed13cd e-con-full animated-fast e-flex elementor-invisible e-con e-child\" data-id=\"4ed13cd\" data-element_type=\"container\" data-e-type=\"container\" data-settings=\"{&quot;background_background&quot;:&quot;classic&quot;,&quot;animation&quot;:&quot;fadeIn&quot;,&quot;animation_delay&quot;:0}\">\n\t\t<div class=\"elementor-element elementor-element-93bd0f4 e-con-full animated-fast e-flex elementor-invisible e-con e-child\" data-id=\"93bd0f4\" data-element_type=\"container\" data-e-type=\"container\" data-settings=\"{&quot;animation&quot;:&quot;fadeIn&quot;,&quot;animation_delay&quot;:200}\">\n\t\t\t\t<div class=\"elementor-element elementor-element-0cd945a elementor-widget elementor-widget-heading\" data-id=\"0cd945a\" data-element_type=\"widget\" data-e-type=\"widget\" data-widget_type=\"heading.default\">\n\t\t\t\t<div class=\"elementor-widget-container\">\n\t\t\t\t\t<h2 class=\"elementor-heading-title elementor-size-default\">\u9879\u76ee\u5b9e\u4f8b<\/h2>\t\t\t\t<\/div>\n\t\t\t\t<\/div>\n\t\t\t\t<\/div>\n\t\t<div class=\"elementor-element elementor-element-68eb09e e-con-full e-flex e-con e-child\" data-id=\"68eb09e\" data-element_type=\"container\" data-e-type=\"container\" data-settings=\"{&quot;background_background&quot;:&quot;classic&quot;}\">\n\t\t\t\t<\/div>\n\t\t\t\t<\/div>\n\t\t<div class=\"elementor-element elementor-element-ce2f79c animated-fast e-flex e-con-boxed elementor-invisible e-con e-child\" data-id=\"ce2f79c\" data-element_type=\"container\" data-e-type=\"container\" data-settings=\"{&quot;animation&quot;:&quot;fadeIn&quot;,&quot;animation_delay&quot;:400}\">\n\t\t\t\t\t<div class=\"e-con-inner\">\n\t\t<div class=\"elementor-element elementor-element-841e4ee e-con-full e-flex e-con e-child\" data-id=\"841e4ee\" data-element_type=\"container\" data-e-type=\"container\">\n\t\t<div class=\"elementor-element elementor-element-c1292bf e-con-full e-flex e-con e-child\" data-id=\"c1292bf\" data-element_type=\"container\" data-e-type=\"container\" data-settings=\"{&quot;background_background&quot;:&quot;classic&quot;}\">\n\t\t<div class=\"elementor-element elementor-element-172440a e-con-full e-flex e-con e-child\" data-id=\"172440a\" data-element_type=\"container\" data-e-type=\"container\">\n\t\t\t\t<div class=\"elementor-element elementor-element-7874fb5 elementor-widget elementor-widget-image\" data-id=\"7874fb5\" data-element_type=\"widget\" data-e-type=\"widget\" data-widget_type=\"image.default\">\n\t\t\t\t<div class=\"elementor-widget-container\">\n\t\t\t\t\t\t\t\t\t\t\t\t\t\t\t<img fetchpriority=\"high\" decoding=\"async\" width=\"1472\" height=\"1235\" src=\"https:\/\/nagelgmbh.com\/wp-content\/uploads\/2024\/12\/aussen-nachher-scaled-e1740056825479.jpg\" class=\"attachment-full size-full wp-image-3324\" alt=\"\" srcset=\"https:\/\/nagelgmbh.com\/wp-content\/uploads\/2024\/12\/aussen-nachher-scaled-e1740056825479.jpg 1472w, https:\/\/nagelgmbh.com\/wp-content\/uploads\/2024\/12\/aussen-nachher-scaled-e1740056825479-300x252.jpg 300w, https:\/\/nagelgmbh.com\/wp-content\/uploads\/2024\/12\/aussen-nachher-scaled-e1740056825479-1024x859.jpg 1024w, https:\/\/nagelgmbh.com\/wp-content\/uploads\/2024\/12\/aussen-nachher-scaled-e1740056825479-768x644.jpg 768w\" sizes=\"(max-width: 1472px) 100vw, 1472px\" \/>\t\t\t\t\t\t\t\t\t\t\t\t\t\t\t<\/div>\n\t\t\t\t<\/div>\n\t\t\t\t<\/div>\n\t\t<div class=\"elementor-element elementor-element-ad0006a e-con-full e-flex e-con e-child\" data-id=\"ad0006a\" data-element_type=\"container\" data-e-type=\"container\">\n\t\t\t\t<div class=\"elementor-element elementor-element-eea266c elementor-widget elementor-widget-text-editor\" data-id=\"eea266c\" data-element_type=\"widget\" data-e-type=\"widget\" data-widget_type=\"text-editor.default\">\n\t\t\t\t<div class=\"elementor-widget-container\">\n\t\t\t\t\t\t\t\t\t<p>\u8fd9\u5904\u4f4d\u4e8e\u7ef4\u5c14\u8d1d\u7279 Bernsaustra\u00dfe \u7684\u623f\u4ea7\u7ecf\u8fc7\u5927\u89c4\u6a21\u7ffb\u4fee\u548c\u73b0\u4ee3\u5316\u6539\u9020\uff0c\u8fbe\u5230\u4e86\u6700\u9ad8\u6807\u51c6\u3002<\/p>\t\t\t\t\t\t\t\t<\/div>\n\t\t\t\t<\/div>\n\t\t\t\t<\/div>\n\t\t\t\t<div class=\"elementor-element elementor-element-2eefd0d elementor-widget elementor-widget-button\" data-id=\"2eefd0d\" data-element_type=\"widget\" data-e-type=\"widget\" data-widget_type=\"button.default\">\n\t\t\t\t<div class=\"elementor-widget-container\">\n\t\t\t\t\t\t\t\t\t<div class=\"elementor-button-wrapper\">\n\t\t\t\t\t<a class=\"elementor-button elementor-button-link elementor-size-sm\" href=\"https:\/\/nagelgmbh.com\/zh-hans\/%e6%8a%95%e8%b5%84%e7%bb%84%e5%90%88-bernsaustr-1-5\/\">\n\t\t\t\t\t\t<span class=\"elementor-button-content-wrapper\">\n\t\t\t\t\t\t\t\t\t<span class=\"elementor-button-text\">\u67e5\u770b\u8be6\u60c5<\/span>\n\t\t\t\t\t<\/span>\n\t\t\t\t\t<\/a>\n\t\t\t\t<\/div>\n\t\t\t\t\t\t\t\t<\/div>\n\t\t\t\t<\/div>\n\t\t\t\t<\/div>\n\t\t<div class=\"elementor-element elementor-element-0baf4f9 e-con-full e-flex e-con e-child\" data-id=\"0baf4f9\" data-element_type=\"container\" data-e-type=\"container\" data-settings=\"{&quot;background_background&quot;:&quot;classic&quot;}\">\n\t\t<div class=\"elementor-element elementor-element-ad8e571 e-con-full e-flex e-con e-child\" data-id=\"ad8e571\" data-element_type=\"container\" data-e-type=\"container\">\n\t\t\t\t<div class=\"elementor-element elementor-element-17cb6d6 elementor-widget elementor-widget-image\" data-id=\"17cb6d6\" data-element_type=\"widget\" data-e-type=\"widget\" data-widget_type=\"image.default\">\n\t\t\t\t<div class=\"elementor-widget-container\">\n\t\t\t\t\t\t\t\t\t\t\t\t\t\t\t<img decoding=\"async\" width=\"884\" height=\"1248\" src=\"https:\/\/nagelgmbh.com\/wp-content\/uploads\/2025\/03\/WhatsApp-Image-2025-03-25-at-13.49.26.jpeg\" class=\"attachment-full size-full wp-image-3415\" alt=\"\" srcset=\"https:\/\/nagelgmbh.com\/wp-content\/uploads\/2025\/03\/WhatsApp-Image-2025-03-25-at-13.49.26.jpeg 884w, https:\/\/nagelgmbh.com\/wp-content\/uploads\/2025\/03\/WhatsApp-Image-2025-03-25-at-13.49.26-213x300.jpeg 213w, https:\/\/nagelgmbh.com\/wp-content\/uploads\/2025\/03\/WhatsApp-Image-2025-03-25-at-13.49.26-725x1024.jpeg 725w, https:\/\/nagelgmbh.com\/wp-content\/uploads\/2025\/03\/WhatsApp-Image-2025-03-25-at-13.49.26-768x1084.jpeg 768w\" sizes=\"(max-width: 884px) 100vw, 884px\" \/>\t\t\t\t\t\t\t\t\t\t\t\t\t\t\t<\/div>\n\t\t\t\t<\/div>\n\t\t\t\t<\/div>\n\t\t<div class=\"elementor-element elementor-element-77ff639 e-con-full e-flex e-con e-child\" data-id=\"77ff639\" data-element_type=\"container\" data-e-type=\"container\">\n\t\t\t\t<div class=\"elementor-element elementor-element-c6244f4 elementor-widget elementor-widget-text-editor\" data-id=\"c6244f4\" data-element_type=\"widget\" data-e-type=\"widget\" data-widget_type=\"text-editor.default\">\n\t\t\t\t<div class=\"elementor-widget-container\">\n\t\t\t\t\t\t\t\t\t<p>\u5bf9\u8fd9\u4e00\u5217\u5165\u5386\u53f2\u4fdd\u62a4\u540d\u5f55\u7684\u623f\u4ea7\u8fdb\u884c\u7ffb\u65b0\u65f6\uff0c\u975e\u5e38\u6ce8\u91cd\u5386\u53f2\u7ec6\u8282\u548c\u53ef\u6301\u7eed\u6539\u8fdb\u3002<\/p>\t\t\t\t\t\t\t\t<\/div>\n\t\t\t\t<\/div>\n\t\t\t\t<\/div>\n\t\t\t\t<div class=\"elementor-element elementor-element-92db4a4 elementor-widget elementor-widget-button\" data-id=\"92db4a4\" data-element_type=\"widget\" data-e-type=\"widget\" data-widget_type=\"button.default\">\n\t\t\t\t<div class=\"elementor-widget-container\">\n\t\t\t\t\t\t\t\t\t<div class=\"elementor-button-wrapper\">\n\t\t\t\t\t<a class=\"elementor-button elementor-button-link elementor-size-sm\" href=\"https:\/\/nagelgmbh.com\/zh-hans\/portfolio-bonsfelder-str\/\">\n\t\t\t\t\t\t<span class=\"elementor-button-content-wrapper\">\n\t\t\t\t\t\t\t\t\t<span class=\"elementor-button-text\">\u67e5\u770b\u8be6\u60c5<\/span>\n\t\t\t\t\t<\/span>\n\t\t\t\t\t<\/a>\n\t\t\t\t<\/div>\n\t\t\t\t\t\t\t\t<\/div>\n\t\t\t\t<\/div>\n\t\t\t\t<\/div>\n\t\t<div class=\"elementor-element elementor-element-0c40268 e-con-full e-flex e-con e-child\" data-id=\"0c40268\" data-element_type=\"container\" data-e-type=\"container\" data-settings=\"{&quot;background_background&quot;:&quot;classic&quot;}\">\n\t\t<div class=\"elementor-element elementor-element-f61bb30 e-con-full e-flex e-con e-child\" data-id=\"f61bb30\" data-element_type=\"container\" data-e-type=\"container\">\n\t\t\t\t<div class=\"elementor-element elementor-element-44123f7 elementor-widget elementor-widget-image\" data-id=\"44123f7\" data-element_type=\"widget\" data-e-type=\"widget\" data-widget_type=\"image.default\">\n\t\t\t\t<div class=\"elementor-widget-container\">\n\t\t\t\t\t\t\t\t\t\t\t\t\t\t\t<img decoding=\"async\" width=\"2560\" height=\"1920\" src=\"https:\/\/nagelgmbh.com\/wp-content\/uploads\/2025\/01\/20230616_160039-scaled.jpg\" class=\"attachment-full size-full wp-image-1393\" alt=\"\" srcset=\"https:\/\/nagelgmbh.com\/wp-content\/uploads\/2025\/01\/20230616_160039-scaled.jpg 2560w, https:\/\/nagelgmbh.com\/wp-content\/uploads\/2025\/01\/20230616_160039-300x225.jpg 300w, https:\/\/nagelgmbh.com\/wp-content\/uploads\/2025\/01\/20230616_160039-1024x768.jpg 1024w, https:\/\/nagelgmbh.com\/wp-content\/uploads\/2025\/01\/20230616_160039-768x576.jpg 768w, https:\/\/nagelgmbh.com\/wp-content\/uploads\/2025\/01\/20230616_160039-1536x1152.jpg 1536w, https:\/\/nagelgmbh.com\/wp-content\/uploads\/2025\/01\/20230616_160039-2048x1536.jpg 2048w\" sizes=\"(max-width: 2560px) 100vw, 2560px\" \/>\t\t\t\t\t\t\t\t\t\t\t\t\t\t\t<\/div>\n\t\t\t\t<\/div>\n\t\t\t\t<\/div>\n\t\t<div class=\"elementor-element elementor-element-b61b080 e-con-full e-flex e-con e-child\" data-id=\"b61b080\" data-element_type=\"container\" data-e-type=\"container\">\n\t\t\t\t<div class=\"elementor-element elementor-element-aefd32b elementor-widget elementor-widget-text-editor\" data-id=\"aefd32b\" data-element_type=\"widget\" data-e-type=\"widget\" data-widget_type=\"text-editor.default\">\n\t\t\t\t<div class=\"elementor-widget-container\">\n\t\t\t\t\t\t\t\t\t<p>\u91c7\u53d6\u7efc\u5408\u63aa\u65bd\uff0c\u632f\u5174\u548c\u4fdd\u62a4\u5317\u5a01\u5dde\u4ecd\u5728\u8fd0\u8425\u7684\u6700\u53e4\u8001\u9910\u5385\u7684\u5386\u53f2\u7279\u8272\u3002<\/p>\t\t\t\t\t\t\t\t<\/div>\n\t\t\t\t<\/div>\n\t\t\t\t<\/div>\n\t\t\t\t<div class=\"elementor-element elementor-element-ab0f8b6 elementor-widget elementor-widget-button\" data-id=\"ab0f8b6\" data-element_type=\"widget\" data-e-type=\"widget\" data-widget_type=\"button.default\">\n\t\t\t\t<div class=\"elementor-widget-container\">\n\t\t\t\t\t\t\t\t\t<div class=\"elementor-button-wrapper\">\n\t\t\t\t\t<a class=\"elementor-button elementor-button-link elementor-size-sm\" href=\"https:\/\/nagelgmbh.com\/zh-hans\/%e5%94%90%e7%ba%b3%e5%a4%a7%e8%a1%97-2-%e5%8f%b7%e6%8a%95%e8%b5%84%e7%bb%84%e5%90%88\/\">\n\t\t\t\t\t\t<span class=\"elementor-button-content-wrapper\">\n\t\t\t\t\t\t\t\t\t<span class=\"elementor-button-text\">\u67e5\u770b\u8be6\u60c5<\/span>\n\t\t\t\t\t<\/span>\n\t\t\t\t\t<\/a>\n\t\t\t\t<\/div>\n\t\t\t\t\t\t\t\t<\/div>\n\t\t\t\t<\/div>\n\t\t\t\t<\/div>\n\t\t<div class=\"elementor-element elementor-element-4e5d7d6 e-con-full e-flex e-con e-child\" data-id=\"4e5d7d6\" data-element_type=\"container\" data-e-type=\"container\" data-settings=\"{&quot;background_background&quot;:&quot;classic&quot;}\">\n\t\t<div class=\"elementor-element elementor-element-984a545 e-con-full e-flex e-con e-child\" data-id=\"984a545\" data-element_type=\"container\" data-e-type=\"container\">\n\t\t\t\t<div class=\"elementor-element elementor-element-b2f27cc elementor-widget elementor-widget-image\" data-id=\"b2f27cc\" data-element_type=\"widget\" data-e-type=\"widget\" data-widget_type=\"image.default\">\n\t\t\t\t<div class=\"elementor-widget-container\">\n\t\t\t\t\t\t\t\t\t\t\t\t\t\t\t<img loading=\"lazy\" decoding=\"async\" width=\"1920\" height=\"2560\" src=\"https:\/\/nagelgmbh.com\/wp-content\/uploads\/2025\/01\/20231027_160045-scaled.jpg\" class=\"attachment-full size-full wp-image-1437\" alt=\"\" srcset=\"https:\/\/nagelgmbh.com\/wp-content\/uploads\/2025\/01\/20231027_160045-scaled.jpg 1920w, https:\/\/nagelgmbh.com\/wp-content\/uploads\/2025\/01\/20231027_160045-225x300.jpg 225w, https:\/\/nagelgmbh.com\/wp-content\/uploads\/2025\/01\/20231027_160045-768x1024.jpg 768w, https:\/\/nagelgmbh.com\/wp-content\/uploads\/2025\/01\/20231027_160045-1152x1536.jpg 1152w, https:\/\/nagelgmbh.com\/wp-content\/uploads\/2025\/01\/20231027_160045-1536x2048.jpg 1536w\" sizes=\"(max-width: 1920px) 100vw, 1920px\" \/>\t\t\t\t\t\t\t\t\t\t\t\t\t\t\t<\/div>\n\t\t\t\t<\/div>\n\t\t\t\t<\/div>\n\t\t<div class=\"elementor-element elementor-element-dfb4e3e e-con-full e-flex e-con e-child\" data-id=\"dfb4e3e\" data-element_type=\"container\" data-e-type=\"container\">\n\t\t\t\t<div class=\"elementor-element elementor-element-0b7138c elementor-widget elementor-widget-text-editor\" data-id=\"0b7138c\" data-element_type=\"widget\" data-e-type=\"widget\" data-widget_type=\"text-editor.default\">\n\t\t\t\t<div class=\"elementor-widget-container\">\n\t\t\t\t\t\t\t\t\t<p>\u9664\u4e86\u5bf9\u6280\u672f\u8bbe\u65bd\u8fdb\u884c\u73b0\u4ee3\u5316\u6539\u9020\u5916\uff0c\u8fd8\u4f7f\u7528\u4e86\u9ad8\u54c1\u8d28\u7684\u6750\u6599\u6765\u8425\u9020\u65f6\u5c1a\u73b0\u4ee3\u7684\u751f\u6d3b\u6c1b\u56f4\u3002<\/p>\t\t\t\t\t\t\t\t<\/div>\n\t\t\t\t<\/div>\n\t\t\t\t<\/div>\n\t\t\t\t<div class=\"elementor-element elementor-element-8d6e08b elementor-widget elementor-widget-button\" data-id=\"8d6e08b\" data-element_type=\"widget\" data-e-type=\"widget\" data-widget_type=\"button.default\">\n\t\t\t\t<div class=\"elementor-widget-container\">\n\t\t\t\t\t\t\t\t\t<div class=\"elementor-button-wrapper\">\n\t\t\t\t\t<a class=\"elementor-button elementor-button-link elementor-size-sm\" href=\"https:\/\/nagelgmbh.com\/zh-hans\/%e6%b5%b7%e5%be%b7%e6%96%af%e7%89%b9%e5%a4%a7%e8%a1%97-4-8-%e5%8f%b7%e5%92%8c%e6%a2%85%e7%89%b9%e6%9b%bc%e7%ba%b3%e5%a4%a7%e8%a1%97-66-%e5%8f%b7%e4%bd%9c%e5%93%81%e9%9b%86\/\">\n\t\t\t\t\t\t<span class=\"elementor-button-content-wrapper\">\n\t\t\t\t\t\t\t\t\t<span class=\"elementor-button-text\">\u67e5\u770b\u8be6\u60c5<\/span>\n\t\t\t\t\t<\/span>\n\t\t\t\t\t<\/a>\n\t\t\t\t<\/div>\n\t\t\t\t\t\t\t\t<\/div>\n\t\t\t\t<\/div>\n\t\t\t\t<\/div>\n\t\t\t\t<\/div>\n\t\t\t\t\t<\/div>\n\t\t\t\t<\/div>\n\t\t\t\t<\/div>\n\t\t\t\t<\/div>\n\t\t","protected":false},"excerpt":{"rendered":"<p>\u9879\u76ee\u5b9e\u4f8b \u8fd9\u5904\u4f4d\u4e8e\u7ef4\u5c14\u8d1d\u7279 Bernsaustra\u00dfe \u7684\u623f\u4ea7\u7ecf\u8fc7\u5927\u89c4\u6a21\u7ffb\u4fee\u548c\u73b0\u4ee3\u5316\u6539\u9020\uff0c\u8fbe\u5230\u4e86\u6700\u9ad8\u6807\u51c6\u3002 \u67e5 [&hellip;]<\/p>\n","protected":false},"author":1,"featured_media":0,"parent":0,"menu_order":0,"comment_status":"closed","ping_status":"closed","template":"","meta":{"footnotes":""},"class_list":["post-3466","page","type-page","status-publish","hentry"],"yoast_head":"<!-- This site is optimized with the Yoast SEO plugin v25.1 - https:\/\/yoast.com\/wordpress\/plugins\/seo\/ -->\n<title>\u6295\u8d44\u7ec4\u5408 - Verm\u00f6gensverwaltung Nagel GmbH<\/title>\n<meta name=\"robots\" content=\"index, follow, max-snippet:-1, max-image-preview:large, max-video-preview:-1\" \/>\n<link rel=\"canonical\" href=\"https:\/\/nagelgmbh.com\/zh-hans\/%e6%8a%95%e8%b5%84%e7%bb%84%e5%90%88\/\" \/>\n<meta property=\"og:locale\" content=\"zh_CN\" \/>\n<meta property=\"og:type\" content=\"article\" \/>\n<meta property=\"og:title\" content=\"\u6295\u8d44\u7ec4\u5408 - Verm\u00f6gensverwaltung Nagel GmbH\" \/>\n<meta property=\"og:description\" content=\"\u9879\u76ee\u5b9e\u4f8b \u8fd9\u5904\u4f4d\u4e8e\u7ef4\u5c14\u8d1d\u7279 Bernsaustra\u00dfe \u7684\u623f\u4ea7\u7ecf\u8fc7\u5927\u89c4\u6a21\u7ffb\u4fee\u548c\u73b0\u4ee3\u5316\u6539\u9020\uff0c\u8fbe\u5230\u4e86\u6700\u9ad8\u6807\u51c6\u3002 \u67e5 [&hellip;]\" \/>\n<meta property=\"og:url\" content=\"https:\/\/nagelgmbh.com\/zh-hans\/%e6%8a%95%e8%b5%84%e7%bb%84%e5%90%88\/\" \/>\n<meta property=\"og:site_name\" content=\"Verm\u00f6gensverwaltung Nagel GmbH\" \/>\n<meta property=\"article:modified_time\" content=\"2025-05-15T19:12:51+00:00\" \/>\n<meta property=\"og:image\" content=\"https:\/\/nagelgmbh.com\/wp-content\/uploads\/2024\/12\/aussen-nachher-scaled-e1740056825479.jpg\" \/>\n<meta name=\"twitter:card\" content=\"summary_large_image\" \/>\n<script type=\"application\/ld+json\" class=\"yoast-schema-graph\">{\"@context\":\"https:\/\/schema.org\",\"@graph\":[{\"@type\":\"WebPage\",\"@id\":\"https:\/\/nagelgmbh.com\/zh-hans\/%e6%8a%95%e8%b5%84%e7%bb%84%e5%90%88\/\",\"url\":\"https:\/\/nagelgmbh.com\/zh-hans\/%e6%8a%95%e8%b5%84%e7%bb%84%e5%90%88\/\",\"name\":\"\u6295\u8d44\u7ec4\u5408 - Verm\u00f6gensverwaltung Nagel GmbH\",\"isPartOf\":{\"@id\":\"https:\/\/nagelgmbh.com\/zh-hans\/#website\"},\"primaryImageOfPage\":{\"@id\":\"https:\/\/nagelgmbh.com\/zh-hans\/%e6%8a%95%e8%b5%84%e7%bb%84%e5%90%88\/#primaryimage\"},\"image\":{\"@id\":\"https:\/\/nagelgmbh.com\/zh-hans\/%e6%8a%95%e8%b5%84%e7%bb%84%e5%90%88\/#primaryimage\"},\"thumbnailUrl\":\"https:\/\/nagelgmbh.com\/wp-content\/uploads\/2024\/12\/aussen-nachher-scaled-e1740056825479.jpg\",\"datePublished\":\"2025-01-27T11:59:07+00:00\",\"dateModified\":\"2025-05-15T19:12:51+00:00\",\"breadcrumb\":{\"@id\":\"https:\/\/nagelgmbh.com\/zh-hans\/%e6%8a%95%e8%b5%84%e7%bb%84%e5%90%88\/#breadcrumb\"},\"inLanguage\":\"zh-Hans\",\"potentialAction\":[{\"@type\":\"ReadAction\",\"target\":[\"https:\/\/nagelgmbh.com\/zh-hans\/%e6%8a%95%e8%b5%84%e7%bb%84%e5%90%88\/\"]}]},{\"@type\":\"ImageObject\",\"inLanguage\":\"zh-Hans\",\"@id\":\"https:\/\/nagelgmbh.com\/zh-hans\/%e6%8a%95%e8%b5%84%e7%bb%84%e5%90%88\/#primaryimage\",\"url\":\"https:\/\/nagelgmbh.com\/wp-content\/uploads\/2024\/12\/aussen-nachher-scaled-e1740056825479.jpg\",\"contentUrl\":\"https:\/\/nagelgmbh.com\/wp-content\/uploads\/2024\/12\/aussen-nachher-scaled-e1740056825479.jpg\"},{\"@type\":\"BreadcrumbList\",\"@id\":\"https:\/\/nagelgmbh.com\/zh-hans\/%e6%8a%95%e8%b5%84%e7%bb%84%e5%90%88\/#breadcrumb\",\"itemListElement\":[{\"@type\":\"ListItem\",\"position\":1,\"name\":\"Startseite\",\"item\":\"https:\/\/nagelgmbh.com\/zh-hans\/\"},{\"@type\":\"ListItem\",\"position\":2,\"name\":\"\u6295\u8d44\u7ec4\u5408\"}]},{\"@type\":\"WebSite\",\"@id\":\"https:\/\/nagelgmbh.com\/zh-hans\/#website\",\"url\":\"https:\/\/nagelgmbh.com\/zh-hans\/\",\"name\":\"Verm\u00f6gensverwaltung Nagel GmbH\",\"description\":\"Verm\u00f6gensverwaltung und Immobilien D\u00fcsseldorf\",\"publisher\":{\"@id\":\"https:\/\/nagelgmbh.com\/zh-hans\/#organization\"},\"potentialAction\":[{\"@type\":\"SearchAction\",\"target\":{\"@type\":\"EntryPoint\",\"urlTemplate\":\"https:\/\/nagelgmbh.com\/zh-hans\/?s={search_term_string}\"},\"query-input\":{\"@type\":\"PropertyValueSpecification\",\"valueRequired\":true,\"valueName\":\"search_term_string\"}}],\"inLanguage\":\"zh-Hans\"},{\"@type\":\"Organization\",\"@id\":\"https:\/\/nagelgmbh.com\/zh-hans\/#organization\",\"name\":\"Verm\u00f6gensverwaltung Nagel GmbH\",\"url\":\"https:\/\/nagelgmbh.com\/zh-hans\/\",\"logo\":{\"@type\":\"ImageObject\",\"inLanguage\":\"zh-Hans\",\"@id\":\"https:\/\/nagelgmbh.com\/zh-hans\/#\/schema\/logo\/image\/\",\"url\":\"https:\/\/nagelgmbh.com\/wp-content\/uploads\/2025\/01\/Logo.png\",\"contentUrl\":\"https:\/\/nagelgmbh.com\/wp-content\/uploads\/2025\/01\/Logo.png\",\"width\":493,\"height\":172,\"caption\":\"Verm\u00f6gensverwaltung Nagel GmbH\"},\"image\":{\"@id\":\"https:\/\/nagelgmbh.com\/zh-hans\/#\/schema\/logo\/image\/\"}}]}<\/script>\n<!-- \/ Yoast SEO plugin. -->","yoast_head_json":{"title":"\u6295\u8d44\u7ec4\u5408 - Verm\u00f6gensverwaltung Nagel GmbH","robots":{"index":"index","follow":"follow","max-snippet":"max-snippet:-1","max-image-preview":"max-image-preview:large","max-video-preview":"max-video-preview:-1"},"canonical":"https:\/\/nagelgmbh.com\/zh-hans\/%e6%8a%95%e8%b5%84%e7%bb%84%e5%90%88\/","og_locale":"zh_CN","og_type":"article","og_title":"\u6295\u8d44\u7ec4\u5408 - Verm\u00f6gensverwaltung Nagel GmbH","og_description":"\u9879\u76ee\u5b9e\u4f8b \u8fd9\u5904\u4f4d\u4e8e\u7ef4\u5c14\u8d1d\u7279 Bernsaustra\u00dfe \u7684\u623f\u4ea7\u7ecf\u8fc7\u5927\u89c4\u6a21\u7ffb\u4fee\u548c\u73b0\u4ee3\u5316\u6539\u9020\uff0c\u8fbe\u5230\u4e86\u6700\u9ad8\u6807\u51c6\u3002 \u67e5 [&hellip;]","og_url":"https:\/\/nagelgmbh.com\/zh-hans\/%e6%8a%95%e8%b5%84%e7%bb%84%e5%90%88\/","og_site_name":"Verm\u00f6gensverwaltung Nagel GmbH","article_modified_time":"2025-05-15T19:12:51+00:00","og_image":[{"url":"https:\/\/nagelgmbh.com\/wp-content\/uploads\/2024\/12\/aussen-nachher-scaled-e1740056825479.jpg","type":"","width":"","height":""}],"twitter_card":"summary_large_image","schema":{"@context":"https:\/\/schema.org","@graph":[{"@type":"WebPage","@id":"https:\/\/nagelgmbh.com\/zh-hans\/%e6%8a%95%e8%b5%84%e7%bb%84%e5%90%88\/","url":"https:\/\/nagelgmbh.com\/zh-hans\/%e6%8a%95%e8%b5%84%e7%bb%84%e5%90%88\/","name":"\u6295\u8d44\u7ec4\u5408 - Verm\u00f6gensverwaltung Nagel GmbH","isPartOf":{"@id":"https:\/\/nagelgmbh.com\/zh-hans\/#website"},"primaryImageOfPage":{"@id":"https:\/\/nagelgmbh.com\/zh-hans\/%e6%8a%95%e8%b5%84%e7%bb%84%e5%90%88\/#primaryimage"},"image":{"@id":"https:\/\/nagelgmbh.com\/zh-hans\/%e6%8a%95%e8%b5%84%e7%bb%84%e5%90%88\/#primaryimage"},"thumbnailUrl":"https:\/\/nagelgmbh.com\/wp-content\/uploads\/2024\/12\/aussen-nachher-scaled-e1740056825479.jpg","datePublished":"2025-01-27T11:59:07+00:00","dateModified":"2025-05-15T19:12:51+00:00","breadcrumb":{"@id":"https:\/\/nagelgmbh.com\/zh-hans\/%e6%8a%95%e8%b5%84%e7%bb%84%e5%90%88\/#breadcrumb"},"inLanguage":"zh-Hans","potentialAction":[{"@type":"ReadAction","target":["https:\/\/nagelgmbh.com\/zh-hans\/%e6%8a%95%e8%b5%84%e7%bb%84%e5%90%88\/"]}]},{"@type":"ImageObject","inLanguage":"zh-Hans","@id":"https:\/\/nagelgmbh.com\/zh-hans\/%e6%8a%95%e8%b5%84%e7%bb%84%e5%90%88\/#primaryimage","url":"https:\/\/nagelgmbh.com\/wp-content\/uploads\/2024\/12\/aussen-nachher-scaled-e1740056825479.jpg","contentUrl":"https:\/\/nagelgmbh.com\/wp-content\/uploads\/2024\/12\/aussen-nachher-scaled-e1740056825479.jpg"},{"@type":"BreadcrumbList","@id":"https:\/\/nagelgmbh.com\/zh-hans\/%e6%8a%95%e8%b5%84%e7%bb%84%e5%90%88\/#breadcrumb","itemListElement":[{"@type":"ListItem","position":1,"name":"Startseite","item":"https:\/\/nagelgmbh.com\/zh-hans\/"},{"@type":"ListItem","position":2,"name":"\u6295\u8d44\u7ec4\u5408"}]},{"@type":"WebSite","@id":"https:\/\/nagelgmbh.com\/zh-hans\/#website","url":"https:\/\/nagelgmbh.com\/zh-hans\/","name":"Verm\u00f6gensverwaltung Nagel GmbH","description":"Verm\u00f6gensverwaltung und Immobilien D\u00fcsseldorf","publisher":{"@id":"https:\/\/nagelgmbh.com\/zh-hans\/#organization"},"potentialAction":[{"@type":"SearchAction","target":{"@type":"EntryPoint","urlTemplate":"https:\/\/nagelgmbh.com\/zh-hans\/?s={search_term_string}"},"query-input":{"@type":"PropertyValueSpecification","valueRequired":true,"valueName":"search_term_string"}}],"inLanguage":"zh-Hans"},{"@type":"Organization","@id":"https:\/\/nagelgmbh.com\/zh-hans\/#organization","name":"Verm\u00f6gensverwaltung Nagel GmbH","url":"https:\/\/nagelgmbh.com\/zh-hans\/","logo":{"@type":"ImageObject","inLanguage":"zh-Hans","@id":"https:\/\/nagelgmbh.com\/zh-hans\/#\/schema\/logo\/image\/","url":"https:\/\/nagelgmbh.com\/wp-content\/uploads\/2025\/01\/Logo.png","contentUrl":"https:\/\/nagelgmbh.com\/wp-content\/uploads\/2025\/01\/Logo.png","width":493,"height":172,"caption":"Verm\u00f6gensverwaltung Nagel GmbH"},"image":{"@id":"https:\/\/nagelgmbh.com\/zh-hans\/#\/schema\/logo\/image\/"}}]}},"_links":{"self":[{"href":"https:\/\/nagelgmbh.com\/zh-hans\/wp-json\/wp\/v2\/pages\/3466","targetHints":{"allow":["GET"]}}],"collection":[{"href":"https:\/\/nagelgmbh.com\/zh-hans\/wp-json\/wp\/v2\/pages"}],"about":[{"href":"https:\/\/nagelgmbh.com\/zh-hans\/wp-json\/wp\/v2\/types\/page"}],"author":[{"embeddable":true,"href":"https:\/\/nagelgmbh.com\/zh-hans\/wp-json\/wp\/v2\/users\/1"}],"replies":[{"embeddable":true,"href":"https:\/\/nagelgmbh.com\/zh-hans\/wp-json\/wp\/v2\/comments?post=3466"}],"version-history":[{"count":8,"href":"https:\/\/nagelgmbh.com\/zh-hans\/wp-json\/wp\/v2\/pages\/3466\/revisions"}],"predecessor-version":[{"id":3584,"href":"https:\/\/nagelgmbh.com\/zh-hans\/wp-json\/wp\/v2\/pages\/3466\/revisions\/3584"}],"wp:attachment":[{"href":"https:\/\/nagelgmbh.com\/zh-hans\/wp-json\/wp\/v2\/media?parent=3466"}],"curies":[{"name":"wp","href":"https:\/\/api.w.org\/{rel}","templated":true}]}}